{"id":1180,"date":"2018-09-18T11:21:41","date_gmt":"2018-09-18T11:21:41","guid":{"rendered":"https:\/\/businesscerters.cat\/aviso-legal\/"},"modified":"2023-03-23T01:10:07","modified_gmt":"2023-03-23T00:10:07","slug":"avis-legal","status":"publish","type":"page","link":"https:\/\/businesscenters.cat\/ca\/avis-legal\/","title":{"rendered":"Av\u00eds Legal"},"content":{"rendered":"\t\t<div data-elementor-type=\"wp-post\" data-elementor-id=\"1180\" class=\"elementor elementor-1180 elementor-1155\" data-elementor-post-type=\"page\">\n\t\t\t\t\t\t<section class=\"elementor-section elementor-top-section elementor-element elementor-element-960b236 elementor-section-boxed elementor-section-height-default elementor-section-height-default\" data-id=\"960b236\" data-element_type=\"section\" data-settings=\"{&quot;background_background&quot;:&quot;classic&quot;}\">\n\t\t\t\t\t\t<div class=\"elementor-container elementor-column-gap-default\">\n\t\t\t\t\t<div class=\"elementor-column elementor-col-100 elementor-top-column elementor-element elementor-element-12cd97b\" data-id=\"12cd97b\" data-element_type=\"column\">\n\t\t\t<div class=\"elementor-widget-wrap elementor-element-populated\">\n\t\t\t\t\t\t<div class=\"elementor-element elementor-element-eacd18e elementor-widget elementor-widget-heading\" data-id=\"eacd18e\" data-element_type=\"widget\" data-widget_type=\"heading.default\">\n\t\t\t\t<div class=\"elementor-widget-container\">\n\t\t\t\t\t<h1 class=\"elementor-heading-title elementor-size-default\">Av\u00eds Legal<\/h1>\t\t\t\t<\/div>\n\t\t\t\t<\/div>\n\t\t\t\t\t<\/div>\n\t\t<\/div>\n\t\t\t\t\t<\/div>\n\t\t<\/section>\n\t\t\t\t<section class=\"elementor-section elementor-top-section elementor-element elementor-element-d63c323 elementor-section-boxed elementor-section-height-default elementor-section-height-default\" data-id=\"d63c323\" data-element_type=\"section\">\n\t\t\t\t\t\t<div class=\"elementor-container elementor-column-gap-default\">\n\t\t\t\t\t<div class=\"elementor-column elementor-col-100 elementor-top-column elementor-element elementor-element-1aae5ce\" data-id=\"1aae5ce\" data-element_type=\"column\">\n\t\t\t<div class=\"elementor-widget-wrap elementor-element-populated\">\n\t\t\t\t\t\t<div class=\"elementor-element elementor-element-2fd8c1d elementor-widget elementor-widget-text-editor\" data-id=\"2fd8c1d\" data-element_type=\"widget\" data-widget_type=\"text-editor.default\">\n\t\t\t\t<div class=\"elementor-widget-container\">\n\t\t\t\t\t\t\t\t\t<p>Mitjan\u00e7ant aquest av\u00eds, <strong>CORCEGA BUSINESS CENTER S.L<\/strong>. domiciliada a Passeig de Gr\u00e0cia N\u00ba 12 \u2013 1\u00ba,08007 Barcelona (d&#8217;ara endavant, &#8220;<strong>CORCEGA BUSINESS CENTER S.L<\/strong>&#8220;) informa els usuaris del portal d&#8217;Internet de la seva propietat (d&#8217;ara endavant, els &#8220;Usuaris&#8221; i el &#8220;Portal&#8221;) sobre la seva pol\u00edtica de protecci\u00f3 de dades de car\u00e0cter personal (d&#8217;ara endavant, &#8220;les Dades Personals&#8221;) perqu\u00e8 els Usuaris determinin lliurement i volunt\u00e0riament si desitgen facilitar a <strong>CORCEGA BUSINESS CENTER S.L<\/strong> les Dades Personals que se&#8217;ls puguin requerir o que es puguin obtenir de les Usuaris en ocasi\u00f3 de la subscripci\u00f3 o alta en alguns dels serveis oferts per <strong>CORCEGA BUSINESS CENTER S.L<\/strong> al Portal oa trav\u00e9s del Portal.<\/p><p><strong>CORCEGA BUSINESS CENTER S.L<\/strong> es reserva el dret a modificar aquesta pol\u00edtica per adaptar-la a novetats legislatives o jurisprudencials aix\u00ed com a pr\u00e0ctiques de la ind\u00fastria. En aquests sup\u00f2sits, <strong>CORCEGA BUSINESS CENTER S.L<\/strong> anunciar\u00e0 en aquesta p\u00e0gina els canvis introdu\u00efts amb una antelaci\u00f3 raonable a la seva posada en pr\u00e0ctica.<\/p><p>Certs serveis prestats al Portal poden contenir condicions particulars amb previsions espec\u00edfiques en mat\u00e8ria de protecci\u00f3 de Dades Personals. Les dades personals recollides seran objecte de tractament automatitzat i incorporades als corresponents fitxers automatitzats per <strong>CORCEGA BUSINESS CENTER S.L<\/strong>, sent la companyia titular i responsable del seu propi fitxer (d&#8217;ara endavant, els &#8220;Fitxers&#8221;). Amb aquest objecte, <strong>CORCEGA BUSINESS CENTER S.L<\/strong> proporcionar\u00e0 als Usuaris els recursos t\u00e8cnics adequats perqu\u00e8, amb car\u00e0cter previ, puguin accedir a aquest av\u00eds sobre la Pol\u00edtica de Privadesa oa qualsevol altra informaci\u00f3 rellevant i puguin prestar el seu consentiment a fi que procedeixi al tractament automatitzat de les vostres Dades Personals.<\/p><p>Llevat dels camps en qu\u00e8 s&#8217;indiqui el contrari, les respostes a les preguntes sobre dades personals s\u00f3n volunt\u00e0ries, sense que la manca de contestaci\u00f3 impliqui una minva en la qualitat o quantitat dels serveis corresponents, llevat que s&#8217;indiqui una altra cosa.<\/p><p>La recollida i tractament automatitzat de les Dades Personals t\u00e9 com a finalitat el manteniment de la relaci\u00f3 contractual si \u00e9s el cas establerta amb <strong>CORCEGA BUSINESS CENTER S.L<\/strong> la gesti\u00f3, administraci\u00f3, prestaci\u00f3, ampliaci\u00f3 i millora dels serveis en qu\u00e8 l&#8217;Usuari decideixi subscriure&#8217;s, donar-se de alta, o utilitzar l&#8217;adequaci\u00f3 dels serveis a les prefer\u00e8ncies i gustos dels Usuaris, l&#8217;estudi de la utilitzaci\u00f3 dels serveis per part dels Usuaris, el disseny de nous serveis relacionats amb aquests, l&#8217;enviament d&#8217;actualitzacions dels serveis, l&#8217;enviament, per mitjans tradicionals i electr\u00f2nics, d&#8217;informaci\u00f3 t\u00e8cnica, operativa i comercial sobre productes i serveis oferts per<strong> CORCEGA BUSINESS CENTER S.L<\/strong> i\/o per tercers, actualment i en el futur. La finalitat de la recollida i el tractament automatitzat de les Dades Personals inclou igualment l&#8217;enviament de formularis d&#8217;enquestes, que l&#8217;Usuari no queda obligat a contestar.<\/p><p>De la mateixa manera, en emplenar la sol\u00b7licitud d&#8217;ocupaci\u00f3, cada titular accepta i autoritza <strong>CORCEGA BUSINESS CENTER S.L<\/strong> a utilitzar i tractar de forma automatitzada les dades personals i informaci\u00f3 subministrada de manera que formin part de la nostra base de dades de selecci\u00f3 de personal. <strong>CORCEGA BUSINESS CENTER S.L<\/strong> informa el titular que pot exercir els seus drets d&#8217;acc\u00e9s, rectificaci\u00f3, cancel\u00b7laci\u00f3 i oposici\u00f3 contactant amb CORCEGA BUSINESS CENTER S.L a trav\u00e9s del correu <a href=\"mailto:info@businesscenters.cat\">info@businesscenters.cat<\/a><\/p><p><strong>CORCEGA BUSINESS CENTER S.L<\/strong> ha adoptat els nivells de seguretat de protecci\u00f3 de les dades personals legalment requerides, i ha instal\u00b7lat tots els mitjans i mesures t\u00e8cniques al seu abast per evitar la p\u00e8rdua, mal \u00fas, alteraci\u00f3, acc\u00e9s no autoritzat i robatori de les dades personals. facilitats. Tot i aix\u00f2, l&#8217;Usuari ha de ser conscient que les mesures de seguretat a Internet no s\u00f3n inexpugnables.<\/p><p>Atesa les caracter\u00edstiques pr\u00f2pies de l&#8217;activitat i els serveis de <strong>CORCEGA BUSINESS CENTER S.L<\/strong> i per al desenvolupament i l&#8217;assoliment dels seus objectius, es fa necess\u00e0ria la cessi\u00f3, si escau, de les dades personals a la resta de societats de les mateixes finalitats que es han indicat per a la recollida de les dades personals per part de <strong>CORCEGA BUSINESS CENTER S.L<\/strong> en relaci\u00f3 amb els seus respectius productes i serveis.<\/p><p>En certs casos, a m\u00e9s, es proposa cedir les dades personals a tercers. Quan escaigui, aquesta circumst\u00e0ncia ser\u00e0 degudament advertida als Usuaris en els formularis de recollida de Dades Personals, juntament amb la identificaci\u00f3 de la societat que els cedeixi i aquest tercer, el tipus d&#8217;activitats a qu\u00e8 es dedica i la finalitat a qu\u00e8 respon la cessi\u00f3.<\/p><p>Els usuaris tenen reconeguts i podran exercitar els drets d&#8217;acc\u00e9s, cancel\u00b7laci\u00f3, rectificaci\u00f3 i oposici\u00f3, aix\u00ed com tenen reconegut el dret a ser informats de les cessions realitzades contactant amb <strong>CORCEGA BUSINESS CENTER S.L<\/strong> a trav\u00e9s del correu info@businesscenters.cat. De la mateixa manera, el consentiment de l&#8217;usuari per al tractament i la cessi\u00f3 de les seves dades personals ser\u00e0 revocable en tot moment sense efectes retroactius, d&#8217;acord amb el que disposen els articles 6 i 11 de la Llei org\u00e0nica 15\/1999, de 13 de desembre de protecci\u00f3. de Dades de Car\u00e0cter Personal.<\/p><p>Els usuaris de <a href=\"https:\/\/www.businesscenters.cat\">www.businesscenters.cat<\/a> i els seus subdominis garanteixen i responen, en qualsevol cas, de la veracitat, exactitud, vig\u00e8ncia i autenticitat de les dades personals facilitades, i es comprometen a mantenir-les degudament actualitzades. <strong>CORCEGA BUSINESS CENTER S.L<\/strong> garanteix la confidencialitat de les Dades Personals, encara que revelar\u00e0 a les Autoritats P\u00fabliques competents les Dades Personals i qualsevol altra informaci\u00f3 que estigui en poder seu o sigui accessible a trav\u00e9s dels seus sistemes i sigui requerida de conformitat amb les disposicions legals i reglament\u00e0ries aplicables al cas.<\/p><p>En l\u00f2gica garantia dels drets anteriors CORCEGA BUSINESS CENTER S.L, declara haver complert les prescripcions contingudes a l&#8217;article 26 de la Llei Org\u00e0nica 15\/99 de 13 de Desembre de Protecci\u00f3 de Dades de Car\u00e0cter Personal, quant a la notificaci\u00f3 i inscripci\u00f3 registral dels fitxers automatitzats que contenen Dades personals.<\/p>\t\t\t\t\t\t\t\t<\/div>\n\t\t\t\t<\/div>\n\t\t\t\t\t<\/div>\n\t\t<\/div>\n\t\t\t\t\t<\/div>\n\t\t<\/section>\n\t\t\t\t<\/div>\n\t\t","protected":false},"excerpt":{"rendered":"<p>Mitjan\u00e7ant aquest av\u00eds, CORCEGA BUSINESS CENTER S.L. domiciliada a Passeig de Gr\u00e0cia N\u00ba 12 \u2013 1\u00ba,08007 Barcelona (d&#8217;ara endavant, &#8220;CORCEGA BUSINESS CENTER S.L&#8220;) informa els usuaris del portal d&#8217;Internet de la seva propietat (d&#8217;ara endavant, els &#8220;Usuaris&#8221; i el &#8220;Portal&#8221;) sobre la seva pol\u00edtica de protecci\u00f3 de dades de car\u00e0cter personal (d&#8217;ara endavant, &#8220;les Dades [&hellip;]<\/p>\n","protected":false},"author":1,"featured_media":0,"parent":0,"menu_order":0,"comment_status":"closed","ping_status":"closed","template":"","meta":{"site-sidebar-layout":"no-sidebar","site-content-layout":"page-builder","ast-site-content-layout":"","site-content-style":"default","site-sidebar-style":"default","ast-global-header-display":"","ast-banner-title-visibility":"","ast-main-header-display":"","ast-hfb-above-header-display":"","ast-hfb-below-header-display":"","ast-hfb-mobile-header-display":"","site-post-title":"disabled","ast-breadcrumbs-content":"","ast-featured-img":"disabled","footer-sml-layout":"","theme-transparent-header-meta":"","adv-header-id-meta":"","stick-header-meta":"","header-above-stick-meta":"","header-main-stick-meta":"","header-below-stick-meta":"","astra-migrate-meta-layouts":"default","ast-page-background-enabled":"default","ast-page-background-meta":{"desktop":{"background-color":"","background-image":"","background-repeat":"repeat","background-position":"center center","background-size":"auto","background-attachment":"scroll","background-type":"","background-media":"","overlay-type":"","overlay-color":"","overlay-gradient":""},"tablet":{"background-color":"","background-image":"","background-repeat":"repeat","background-position":"center center","background-size":"auto","background-attachment":"scroll","background-type":"","background-media":"","overlay-type":"","overlay-color":"","overlay-gradient":""},"mobile":{"background-color":"","background-image":"","background-repeat":"repeat","background-position":"center center","background-size":"auto","background-attachment":"scroll","background-type":"","background-media":"","overlay-type":"","overlay-color":"","overlay-gradient":""}},"ast-content-background-meta":{"desktop":{"background-color":"var(--ast-global-color-5)","background-image":"","background-repeat":"repeat","background-position":"center center","background-size":"auto","background-attachment":"scroll","background-type":"","background-media":"","overlay-type":"","overlay-color":"","overlay-gradient":""},"tablet":{"background-color":"var(--ast-global-color-5)","background-image":"","background-repeat":"repeat","background-position":"center center","background-size":"auto","background-attachment":"scroll","background-type":"","background-media":"","overlay-type":"","overlay-color":"","overlay-gradient":""},"mobile":{"background-color":"var(--ast-global-color-5)","background-image":"","background-repeat":"repeat","background-position":"center center","background-size":"auto","background-attachment":"scroll","background-type":"","background-media":"","overlay-type":"","overlay-color":"","overlay-gradient":""}},"_joinchat":[],"footnotes":""},"class_list":["post-1180","page","type-page","status-publish","hentry"],"yoast_head":"<!-- This site is optimized with the Yoast SEO plugin v24.8.1 - https:\/\/yoast.com\/wordpress\/plugins\/seo\/ -->\n<title>Av\u00eds Legal | Business Centers Barcelona<\/title>\n<meta name=\"robots\" content=\"noindex, nofollow\" \/>\n<meta property=\"og:locale\" content=\"ca_ES\" \/>\n<meta property=\"og:type\" content=\"article\" \/>\n<meta property=\"og:title\" content=\"Av\u00eds Legal | Business Centers Barcelona\" \/>\n<meta property=\"og:description\" content=\"Mitjan\u00e7ant aquest av\u00eds, CORCEGA BUSINESS CENTER S.L. domiciliada a Passeig de Gr\u00e0cia N\u00ba 12 \u2013 1\u00ba,08007 Barcelona (d&#8217;ara endavant, &#8220;CORCEGA BUSINESS CENTER S.L&#8220;) informa els usuaris del portal d&#8217;Internet de la seva propietat (d&#8217;ara endavant, els &#8220;Usuaris&#8221; i el &#8220;Portal&#8221;) sobre la seva pol\u00edtica de protecci\u00f3 de dades de car\u00e0cter personal (d&#8217;ara endavant, &#8220;les Dades [&hellip;]\" \/>\n<meta property=\"og:url\" content=\"https:\/\/businesscenters.cat\/ca\/avis-legal\/\" \/>\n<meta property=\"og:site_name\" content=\"Business Centers Barcelona\" \/>\n<meta property=\"article:modified_time\" content=\"2023-03-23T00:10:07+00:00\" \/>\n<meta name=\"twitter:card\" content=\"summary_large_image\" \/>\n<meta name=\"twitter:label1\" content=\"Temps estimat de lectura\" \/>\n\t<meta name=\"twitter:data1\" content=\"5 minuts\" \/>\n<script type=\"application\/ld+json\" class=\"yoast-schema-graph\">{\"@context\":\"https:\/\/schema.org\",\"@graph\":[{\"@type\":\"WebPage\",\"@id\":\"https:\/\/businesscenters.cat\/ca\/avis-legal\/\",\"url\":\"https:\/\/businesscenters.cat\/ca\/avis-legal\/\",\"name\":\"Av\u00eds Legal | Business Centers Barcelona\",\"isPartOf\":{\"@id\":\"https:\/\/businesscenters.cat\/ca\/#website\"},\"datePublished\":\"2018-09-18T11:21:41+00:00\",\"dateModified\":\"2023-03-23T00:10:07+00:00\",\"breadcrumb\":{\"@id\":\"https:\/\/businesscenters.cat\/ca\/avis-legal\/#breadcrumb\"},\"inLanguage\":\"ca\",\"potentialAction\":[{\"@type\":\"ReadAction\",\"target\":[\"https:\/\/businesscenters.cat\/ca\/avis-legal\/\"]}]},{\"@type\":\"BreadcrumbList\",\"@id\":\"https:\/\/businesscenters.cat\/ca\/avis-legal\/#breadcrumb\",\"itemListElement\":[{\"@type\":\"ListItem\",\"position\":1,\"name\":\"Portada\",\"item\":\"https:\/\/businesscenters.cat\/ca\/\"},{\"@type\":\"ListItem\",\"position\":2,\"name\":\"Av\u00eds Legal\"}]},{\"@type\":\"WebSite\",\"@id\":\"https:\/\/businesscenters.cat\/ca\/#website\",\"url\":\"https:\/\/businesscenters.cat\/ca\/\",\"name\":\"Business Centers Barcelona\",\"description\":\"Alquiler de oficinas, despachos y coworking en el centro de Barcelona\",\"publisher\":{\"@id\":\"https:\/\/businesscenters.cat\/ca\/#organization\"},\"potentialAction\":[{\"@type\":\"SearchAction\",\"target\":{\"@type\":\"EntryPoint\",\"urlTemplate\":\"https:\/\/businesscenters.cat\/ca\/?s={search_term_string}\"},\"query-input\":{\"@type\":\"PropertyValueSpecification\",\"valueRequired\":true,\"valueName\":\"search_term_string\"}}],\"inLanguage\":\"ca\"},{\"@type\":\"Organization\",\"@id\":\"https:\/\/businesscenters.cat\/ca\/#organization\",\"name\":\"Business Centers Barcelona\",\"url\":\"https:\/\/businesscenters.cat\/ca\/\",\"logo\":{\"@type\":\"ImageObject\",\"inLanguage\":\"ca\",\"@id\":\"https:\/\/businesscenters.cat\/ca\/#\/schema\/logo\/image\/\",\"url\":\"https:\/\/businesscenters.cat\/wp-content\/uploads\/2018\/09\/business-logo-w.png\",\"contentUrl\":\"https:\/\/businesscenters.cat\/wp-content\/uploads\/2018\/09\/business-logo-w.png\",\"width\":250,\"height\":105,\"caption\":\"Business Centers Barcelona\"},\"image\":{\"@id\":\"https:\/\/businesscenters.cat\/ca\/#\/schema\/logo\/image\/\"}}]}<\/script>\n<!-- \/ Yoast SEO plugin. -->","yoast_head_json":{"title":"Av\u00eds Legal | Business Centers Barcelona","robots":{"index":"noindex","follow":"nofollow"},"og_locale":"ca_ES","og_type":"article","og_title":"Av\u00eds Legal | Business Centers Barcelona","og_description":"Mitjan\u00e7ant aquest av\u00eds, CORCEGA BUSINESS CENTER S.L. domiciliada a Passeig de Gr\u00e0cia N\u00ba 12 \u2013 1\u00ba,08007 Barcelona (d&#8217;ara endavant, &#8220;CORCEGA BUSINESS CENTER S.L&#8220;) informa els usuaris del portal d&#8217;Internet de la seva propietat (d&#8217;ara endavant, els &#8220;Usuaris&#8221; i el &#8220;Portal&#8221;) sobre la seva pol\u00edtica de protecci\u00f3 de dades de car\u00e0cter personal (d&#8217;ara endavant, &#8220;les Dades [&hellip;]","og_url":"https:\/\/businesscenters.cat\/ca\/avis-legal\/","og_site_name":"Business Centers Barcelona","article_modified_time":"2023-03-23T00:10:07+00:00","twitter_card":"summary_large_image","twitter_misc":{"Temps estimat de lectura":"5 minuts"},"schema":{"@context":"https:\/\/schema.org","@graph":[{"@type":"WebPage","@id":"https:\/\/businesscenters.cat\/ca\/avis-legal\/","url":"https:\/\/businesscenters.cat\/ca\/avis-legal\/","name":"Av\u00eds Legal | Business Centers Barcelona","isPartOf":{"@id":"https:\/\/businesscenters.cat\/ca\/#website"},"datePublished":"2018-09-18T11:21:41+00:00","dateModified":"2023-03-23T00:10:07+00:00","breadcrumb":{"@id":"https:\/\/businesscenters.cat\/ca\/avis-legal\/#breadcrumb"},"inLanguage":"ca","potentialAction":[{"@type":"ReadAction","target":["https:\/\/businesscenters.cat\/ca\/avis-legal\/"]}]},{"@type":"BreadcrumbList","@id":"https:\/\/businesscenters.cat\/ca\/avis-legal\/#breadcrumb","itemListElement":[{"@type":"ListItem","position":1,"name":"Portada","item":"https:\/\/businesscenters.cat\/ca\/"},{"@type":"ListItem","position":2,"name":"Av\u00eds Legal"}]},{"@type":"WebSite","@id":"https:\/\/businesscenters.cat\/ca\/#website","url":"https:\/\/businesscenters.cat\/ca\/","name":"Business Centers Barcelona","description":"Alquiler de oficinas, despachos y coworking en el centro de Barcelona","publisher":{"@id":"https:\/\/businesscenters.cat\/ca\/#organization"},"potentialAction":[{"@type":"SearchAction","target":{"@type":"EntryPoint","urlTemplate":"https:\/\/businesscenters.cat\/ca\/?s={search_term_string}"},"query-input":{"@type":"PropertyValueSpecification","valueRequired":true,"valueName":"search_term_string"}}],"inLanguage":"ca"},{"@type":"Organization","@id":"https:\/\/businesscenters.cat\/ca\/#organization","name":"Business Centers Barcelona","url":"https:\/\/businesscenters.cat\/ca\/","logo":{"@type":"ImageObject","inLanguage":"ca","@id":"https:\/\/businesscenters.cat\/ca\/#\/schema\/logo\/image\/","url":"https:\/\/businesscenters.cat\/wp-content\/uploads\/2018\/09\/business-logo-w.png","contentUrl":"https:\/\/businesscenters.cat\/wp-content\/uploads\/2018\/09\/business-logo-w.png","width":250,"height":105,"caption":"Business Centers Barcelona"},"image":{"@id":"https:\/\/businesscenters.cat\/ca\/#\/schema\/logo\/image\/"}}]}},"_links":{"self":[{"href":"https:\/\/businesscenters.cat\/ca\/wp-json\/wp\/v2\/pages\/1180","targetHints":{"allow":["GET"]}}],"collection":[{"href":"https:\/\/businesscenters.cat\/ca\/wp-json\/wp\/v2\/pages"}],"about":[{"href":"https:\/\/businesscenters.cat\/ca\/wp-json\/wp\/v2\/types\/page"}],"author":[{"embeddable":true,"href":"https:\/\/businesscenters.cat\/ca\/wp-json\/wp\/v2\/users\/1"}],"replies":[{"embeddable":true,"href":"https:\/\/businesscenters.cat\/ca\/wp-json\/wp\/v2\/comments?post=1180"}],"version-history":[{"count":0,"href":"https:\/\/businesscenters.cat\/ca\/wp-json\/wp\/v2\/pages\/1180\/revisions"}],"wp:attachment":[{"href":"https:\/\/businesscenters.cat\/ca\/wp-json\/wp\/v2\/media?parent=1180"}],"curies":[{"name":"wp","href":"https:\/\/api.w.org\/{rel}","templated":true}]}}