{"id":1183,"date":"2018-09-18T13:18:07","date_gmt":"2018-09-18T13:18:07","guid":{"rendered":"https:\/\/businesscerters.cat\/politica-de-cookies\/"},"modified":"2020-11-24T18:03:20","modified_gmt":"2020-11-24T17:03:20","slug":"politica-de-cookies","status":"publish","type":"page","link":"https:\/\/businesscenters.cat\/ca\/politica-de-cookies\/","title":{"rendered":"Pol\u00edtica de cookies"},"content":{"rendered":"\t\t<div data-elementor-type=\"wp-post\" data-elementor-id=\"1183\" class=\"elementor elementor-1183 elementor-1162\" data-elementor-post-type=\"page\">\n\t\t\t\t\t\t<section class=\"elementor-section elementor-top-section elementor-element elementor-element-9df43ef elementor-section-boxed elementor-section-height-default elementor-section-height-default\" data-id=\"9df43ef\" data-element_type=\"section\" data-settings=\"{&quot;background_background&quot;:&quot;classic&quot;}\">\n\t\t\t\t\t\t<div class=\"elementor-container elementor-column-gap-default\">\n\t\t\t\t\t<div class=\"elementor-column elementor-col-100 elementor-top-column elementor-element elementor-element-6af1520\" data-id=\"6af1520\" data-element_type=\"column\">\n\t\t\t<div class=\"elementor-widget-wrap elementor-element-populated\">\n\t\t\t\t\t\t<div class=\"elementor-element elementor-element-74a3790 elementor-widget elementor-widget-heading\" data-id=\"74a3790\" data-element_type=\"widget\" data-widget_type=\"heading.default\">\n\t\t\t\t<div class=\"elementor-widget-container\">\n\t\t\t\t\t<h1 class=\"elementor-heading-title elementor-size-default\">Pol\u00edtica de cookies<\/h1>\t\t\t\t<\/div>\n\t\t\t\t<\/div>\n\t\t\t\t\t<\/div>\n\t\t<\/div>\n\t\t\t\t\t<\/div>\n\t\t<\/section>\n\t\t\t\t<section class=\"elementor-section elementor-top-section elementor-element elementor-element-4051ac7 elementor-section-boxed elementor-section-height-default elementor-section-height-default\" data-id=\"4051ac7\" data-element_type=\"section\">\n\t\t\t\t\t\t<div class=\"elementor-container elementor-column-gap-default\">\n\t\t\t\t\t<div class=\"elementor-column elementor-col-100 elementor-top-column elementor-element elementor-element-751f97c\" data-id=\"751f97c\" data-element_type=\"column\">\n\t\t\t<div class=\"elementor-widget-wrap elementor-element-populated\">\n\t\t\t\t\t\t<div class=\"elementor-element elementor-element-40cc8dd elementor-widget elementor-widget-text-editor\" data-id=\"40cc8dd\" data-element_type=\"widget\" data-widget_type=\"text-editor.default\">\n\t\t\t\t<div class=\"elementor-widget-container\">\n\t\t\t\t\t\t\t\t\t<div id=\"ja-mainbody\"><div id=\"ja-main\"><div class=\"inner clearfix\"><div id=\"ja-contentwrap\" class=\"clearfix \"><div id=\"ja-content\" class=\"column\"><div id=\"ja-current-content\" class=\"column\"><div id=\"ja-content-main\" class=\"ja-content-main clearfix\"><div class=\"item-page\"><p><b>Qu\u00e8 s\u00f3n les cookies? <\/b><b>?<\/b><span style=\"font-weight: 400;\"> Una cookie \u00e9s un fitxer que es descarrega en el dispositiu amb el qual est\u00e0s navegant, quan accedeixes a determinades p\u00e0gines web. Les cookies permeten a una p\u00e0gina web, entre altres coses, emmagatzemar i recuperar informaci\u00f3 sobre els h\u00e0bits de navegaci\u00f3 d&#8217;un usuari o del seu equip i, depenent de la informaci\u00f3 que continguin i de la forma en qu\u00e8 utilitzi el seu equip, poden utilitzar-se per a recon\u00e8ixer a l&#8217;usuari. Aquest lloc web utilitza cookies i\/o tecnologies similars que emmagatzemen i recuperen informaci\u00f3 quan navegues. En general, aquestes tecnologies poden servir per a finalitats molt diverses, com, per exemple, recon\u00e8ixer-te com a usuari, obtenir informaci\u00f3 sobre els teus h\u00e0bits de navegaci\u00f3, o personalitzar la forma en qu\u00e8 es mostra el contingut. Els usos concrets que fem d&#8217;aquestes tecnologies es descriuen a continuaci\u00f3.<\/span><\/p><p><b>Quins tipus de cookies utilitza aquesta p\u00e0gina web? <\/b><\/p><ul><li style=\"font-weight: 400;\"><span style=\"font-weight: 400;\">Cookies t\u00e8cniques: S\u00f3n aquelles que permeten a l&#8217;usuari la navegaci\u00f3 a trav\u00e9s d&#8217;una p\u00e0gina web, plataforma o aplicaci\u00f3 i la utilitzaci\u00f3 de les diferents opcions o serveis que en ella existeixin com, per exemple, controlar el tr\u00e0nsit i la comunicaci\u00f3 de dades, identificar la sessi\u00f3, accedir a parts d&#8217;acc\u00e9s restringit, recordar els elements que integren una comanda, realitzar el proc\u00e9s de compra d&#8217;una comanda, realitzar la sol\u00b7licitud d&#8217;inscripci\u00f3 o participaci\u00f3 en un esdeveniment, utilitzar elements de seguretat durant la navegaci\u00f3, emmagatzemar continguts per a la difusi\u00f3 de v\u00eddeos o so o compartir continguts a trav\u00e9s de xarxes socials.<\/span><\/li><li style=\"font-weight: 400;\"><span style=\"font-weight: 400;\">Cookies de personalitzaci\u00f3: S\u00f3n aquelles que permeten a l&#8217;usuari accedir al servei amb algunes caracter\u00edstiques de car\u00e0cter general predefinides en funci\u00f3 d&#8217;una s\u00e8rie de criteris en el terminal de l&#8217;usuari com per exemple serien l&#8217;idioma, el tipus de navegador a trav\u00e9s del qual accedeix al servei, la configuraci\u00f3 regional des d&#8217;on accedeix al servei, etc.<\/span><\/li><li style=\"font-weight: 400;\"><span style=\"font-weight: 400;\">Cookies d&#8217;an\u00e0lisis: S\u00f3n aquelles que permeten al responsable d&#8217;aquestes, el seguiment i an\u00e0lisi del comportament dels usuaris dels llocs web als quals estan vinculades. La informaci\u00f3 recollida mitjan\u00e7ant aquesta mena de cookies s&#8217;utilitza en el mesurament de l&#8217;activitat dels llocs web, aplicaci\u00f3 o plataforma i per a l&#8217;elaboraci\u00f3 de perfils de navegaci\u00f3 dels usuaris d&#8217;aquests llocs, aplicacions i plataformes, amb la finalitat d&#8217;introduir millores en funci\u00f3 de l&#8217;an\u00e0lisi de les dades d&#8217;\u00fas que fan els usuaris del servei.<\/span><\/li><li style=\"font-weight: 400;\"><span style=\"font-weight: 400;\">Cookies publicit\u00e0ries: S\u00f3n aquelles que permeten la gesti\u00f3, de la forma m\u00e9s efica\u00e7 possible, dels espais publicitaris que, en el seu cas, l&#8217;editor hagi incl\u00f2s en una p\u00e0gina web, aplicaci\u00f3 o plataforma des de la qual presta el servei sol\u00b7licitat sobre la base de criteris com el contingut editat o la freq\u00fc\u00e8ncia en la qual es mostren els anuncis.<\/span><\/li><li style=\"font-weight: 400;\"><span style=\"font-weight: 400;\">Cookies de publicitat comportamental: S\u00f3n aquelles que permeten la gesti\u00f3, de la forma m\u00e9s efica\u00e7 possible, dels espais publicitaris que, en el seu cas, l&#8217;editor hagi incl\u00f2s en una p\u00e0gina web, aplicaci\u00f3 o plataforma des de la qual presta el servei sol\u00b7licitat. Aquestes cookies emmagatzemen informaci\u00f3 del comportament dels usuaris obtinguda a trav\u00e9s de l&#8217;observaci\u00f3 continuada dels seus h\u00e0bits de navegaci\u00f3, la qual cosa permet desenvolupar un perfil espec\u00edfic per a mostrar publicitat en funci\u00f3 d&#8217;aquest.<\/span><\/li><\/ul><p><b>Quines Cookies utilitzem en els nostres productes Web?<\/b><\/p><p><span style=\"font-weight: 400;\">A continuaci\u00f3 informem i et demanem perm\u00eds per a executar les seg\u00fcents cookies pr\u00f2pies o de serveis que ens presten complements de tercers. La majoria de navegadors generalment et permetran canviar les caracter\u00edstiques del teu navegador perqu\u00e8 aquest no accepti aquestes \u201ccookies\u201d, per\u00f2 si realitzes aquesta acci\u00f3, si us plau tingues en compte que el lloc web o algunes parts del lloc web no funcionaran correctament.<\/span><\/p><ol><li><span style=\"font-weight: 400;\">a) Cookies pr\u00f2pies<\/span><\/li><li><span style=\"font-weight: 400;\">b) Cookies de Tercer <\/span><\/li><\/ol><p><span style=\"font-weight: 400;\">S\u00f3n cookies servides i administrades per prestadors de serveis publicitaris i\/o d&#8217;an\u00e0lisis alienes al responsable d&#8217;aquest lloc web.<\/span><\/p><p><span style=\"font-weight: 400;\">Aquestes cookies permeten la gesti\u00f3 efica\u00e7 i adaptada a les prefer\u00e8ncies de l&#8217;usuari de campanyes publicit\u00e0ries i informatives. Poden emmagatzemar informaci\u00f3 del comportament dels usuaris d&#8217;aquest lloc web per a desenvolupar un perfil espec\u00edfic per a mostrar publicitat en funci\u00f3 dels seus interessos.<\/span><\/p><p><span style=\"font-weight: 400;\">A continuaci\u00f3 es detallen tant els tercers que poden configurar i accedir a cookies del seu equip (no exemptes d&#8217;informaci\u00f3 i consentiment), com a enlla\u00e7os a la pol\u00edtica de privacitat d&#8217;aquests prove\u00efdors:<\/span><\/p><ul><li style=\"font-weight: 400;\"><span style=\"font-weight: 400;\">Per a obtenir m\u00e9s informaci\u00f3, llegeixi <\/span><a href=\"http:\/\/www.pgredir.es\/10.asp\"><span style=\"font-weight: 400;\">Tipus de cookies que utilitza Google<\/span><\/a><\/li><li style=\"font-weight: 400;\"><span style=\"font-weight: 400;\">Twitter: Per a obtenir m\u00e9s informaci\u00f3, llegeixi <\/span><a href=\"http:\/\/www.pgredir.es\/11.asp\"><span style=\"font-weight: 400;\">la pol\u00edtica de privacitat de Twitter<\/span><\/a><span style=\"font-weight: 400;\">.<\/span><\/li><li style=\"font-weight: 400;\"><span style=\"font-weight: 400;\">*Youtube\/Google: Per a obtenir m\u00e9s informaci\u00f3, llegeixi <\/span><a href=\"http:\/\/www.pgredir.es\/10.asp\"><span style=\"font-weight: 400;\">Tipus de cookies que utilitza Google<\/span><\/a><\/li><li style=\"font-weight: 400;\"><span style=\"font-weight: 400;\">Facebook: Pot consultar <\/span><a href=\"http:\/\/www.pgredir.es\/12.asp\"><span style=\"font-weight: 400;\">informaci\u00f3 sobre com empra Facebook les seves cookies<\/span><\/a><span style=\"font-weight: 400;\">.<\/span><\/li><\/ul><p><b>Com gestionar les cookies?<\/b><\/p><p><span style=\"font-weight: 400;\">Pot gestionar les cookies d&#8217;aquest lloc web mitjan\u00e7ant el panell de configuraci\u00f3 de cookies que s&#8217;ha disposat per a tal efecte.<\/span><\/p><p><span style=\"font-weight: 400;\">En alguns navegadors pot configurar regles per a administrar cookies per lloc, la qual cosa li ofereix un control m\u00e9s prec\u00eds sobre la seva privacitat. Aix\u00f2 significa que pot inhabilitar cookies de tots els llocs excepte d&#8217;aquells en els quals confi\u00ef. Per tant, vost\u00e8 pot permetre, bloquejar o eliminar les cookies instal\u00b7lades en el seu equip mitjan\u00e7ant la configuraci\u00f3 de les opcions del navegador instal\u00b7lat en el seu ordinador:<\/span><\/p><p><span style=\"font-weight: 400;\">Chrome, consulti: <\/span><a href=\"http:\/\/www.pgredir.es\/03.asp\"><span style=\"font-weight: 400;\">Administraci\u00f3 de cookies en Chrome<\/span><\/a><\/p><p><span style=\"font-weight: 400;\">Explorer, consulti: <\/span><a href=\"http:\/\/www.pgredir.es\/04.asp\"><span style=\"font-weight: 400;\">Administraci\u00f3 de cookies en Internet Explorer<\/span><\/a><\/p><p><span style=\"font-weight: 400;\">Firefox, consulti: <\/span><a href=\"http:\/\/www.pgredir.es\/05.asp\"><span style=\"font-weight: 400;\">Administraci\u00f3 de cookies en Firefox<\/span><\/a><\/p><p><span style=\"font-weight: 400;\">Safari, consulti: <\/span><a href=\"http:\/\/www.pgredir.es\/06.asp\"><span style=\"font-weight: 400;\">Administraci\u00f3 de cookies en Safari<\/span><\/a><\/p><p><span style=\"font-weight: 400;\">Opera, consulti: <\/span><a href=\"http:\/\/www.pgredir.es\/07.asp\"><span style=\"font-weight: 400;\">Administraci\u00f3 de cookies en Opera<\/span><\/a><\/p><p><span style=\"font-weight: 400;\">Safari (iOS), consulti: <\/span><a href=\"http:\/\/www.pgredir.es\/08.asp\"><span style=\"font-weight: 400;\">Administraci\u00f3 de cookies en Safari (iOS)<\/span><\/a><\/p><p><span style=\"font-weight: 400;\">Chrome (Android) consulti: <\/span><a href=\"http:\/\/www.pgredir.es\/09.asp\"><span style=\"font-weight: 400;\">Administraci\u00f3 de cookies en Chrome (Android)<\/span><\/a><\/p><p><span style=\"font-weight: 400;\">Recordi que pot eliminar totes les cookies, incloent les cookies de tercers, esborrant les dades de navegaci\u00f3 i caixet del seu navegador per a aix\u00f2 consulti el seg\u00fcent <\/span><a href=\"https:\/\/www.google.es\/search?sxsrf=ACYBGNQo0ybg4LH1OeZ6ke1PoIbuOkoClg%3A1582020926067&amp;ei=PrlLXrbWA9-KjLsPj_mNqAw&amp;q=como+borrar+las+cookies&amp;oq=como+borrar+las+cookies&amp;gs_l=psy-ab.3..0i71l8.246913.248473..248973...0.3..0.0.0.......0....1..gws-wiz.HQvnqe5sE_c\"><span style=\"font-weight: 400;\">enlla\u00e7<\/span><\/a><\/p><p><span style=\"font-weight: 400;\">Una altra de les funcions de tots els navegadors \u00e9s la manera inc\u00f2gnita o navegaci\u00f3 privada. Pot navegar en manera d&#8217;inc\u00f2gnit quan no vulgui que les seves visites a llocs web o les seves desc\u00e0rregues es registrin en els historials de navegaci\u00f3 i desc\u00e0rregues. Les cookies creades en manera d&#8217;inc\u00f2gnit s&#8217;eliminen despr\u00e9s de tancar totes les finestres d&#8217;inc\u00f2gnit.<\/span><\/p><\/div><\/div><\/div><\/div><\/div><\/div><\/div><\/div>\t\t\t\t\t\t\t\t<\/div>\n\t\t\t\t<\/div>\n\t\t\t\t\t<\/div>\n\t\t<\/div>\n\t\t\t\t\t<\/div>\n\t\t<\/section>\n\t\t\t\t<\/div>\n\t\t","protected":false},"excerpt":{"rendered":"<p>Qu\u00e8 s\u00f3n les cookies? ? Una cookie \u00e9s un fitxer que es descarrega en el dispositiu amb el qual est\u00e0s navegant, quan accedeixes a determinades p\u00e0gines web. Les cookies permeten a una p\u00e0gina web, entre altres coses, emmagatzemar i recuperar informaci\u00f3 sobre els h\u00e0bits de navegaci\u00f3 d&#8217;un usuari o del seu equip i, depenent de [&hellip;]<\/p>\n","protected":false},"author":1,"featured_media":0,"parent":0,"menu_order":0,"comment_status":"closed","ping_status":"closed","template":"","meta":{"site-sidebar-layout":"no-sidebar","site-content-layout":"page-builder","ast-site-content-layout":"","site-content-style":"default","site-sidebar-style":"default","ast-global-header-display":"","ast-banner-title-visibility":"","ast-main-header-display":"","ast-hfb-above-header-display":"","ast-hfb-below-header-display":"","ast-hfb-mobile-header-display":"","site-post-title":"disabled","ast-breadcrumbs-content":"","ast-featured-img":"disabled","footer-sml-layout":"","theme-transparent-header-meta":"","adv-header-id-meta":"","stick-header-meta":"","header-above-stick-meta":"","header-main-stick-meta":"","header-below-stick-meta":"","astra-migrate-meta-layouts":"default","ast-page-background-enabled":"default","ast-page-background-meta":{"desktop":{"background-color":"","background-image":"","background-repeat":"repeat","background-position":"center center","background-size":"auto","background-attachment":"scroll","background-type":"","background-media":"","overlay-type":"","overlay-color":"","overlay-gradient":""},"tablet":{"background-color":"","background-image":"","background-repeat":"repeat","background-position":"center center","background-size":"auto","background-attachment":"scroll","background-type":"","background-media":"","overlay-type":"","overlay-color":"","overlay-gradient":""},"mobile":{"background-color":"","background-image":"","background-repeat":"repeat","background-position":"center center","background-size":"auto","background-attachment":"scroll","background-type":"","background-media":"","overlay-type":"","overlay-color":"","overlay-gradient":""}},"ast-content-background-meta":{"desktop":{"background-color":"var(--ast-global-color-5)","background-image":"","background-repeat":"repeat","background-position":"center center","background-size":"auto","background-attachment":"scroll","background-type":"","background-media":"","overlay-type":"","overlay-color":"","overlay-gradient":""},"tablet":{"background-color":"var(--ast-global-color-5)","background-image":"","background-repeat":"repeat","background-position":"center center","background-size":"auto","background-attachment":"scroll","background-type":"","background-media":"","overlay-type":"","overlay-color":"","overlay-gradient":""},"mobile":{"background-color":"var(--ast-global-color-5)","background-image":"","background-repeat":"repeat","background-position":"center center","background-size":"auto","background-attachment":"scroll","background-type":"","background-media":"","overlay-type":"","overlay-color":"","overlay-gradient":""}},"_joinchat":[],"footnotes":""},"class_list":["post-1183","page","type-page","status-publish","hentry"],"yoast_head":"<!-- This site is optimized with the Yoast SEO plugin v24.8.1 - https:\/\/yoast.com\/wordpress\/plugins\/seo\/ -->\n<title>Pol\u00edtica de cookies | Business Centers Barcelona<\/title>\n<meta name=\"description\" content=\"Pol\u00edtica de cookies de la web de centros de negocios en Barcelona businesscenters.cat . Alquier de despacho, oficinas y coworking en el centro de Barcelona\" \/>\n<meta name=\"robots\" content=\"noindex, nofollow\" \/>\n<meta property=\"og:locale\" content=\"ca_ES\" \/>\n<meta property=\"og:type\" content=\"article\" \/>\n<meta property=\"og:title\" content=\"Pol\u00edtica de cookies | Business Centers Barcelona\" \/>\n<meta property=\"og:description\" content=\"Pol\u00edtica de cookies de la web de centros de negocios en Barcelona businesscenters.cat . Alquier de despacho, oficinas y coworking en el centro de Barcelona\" \/>\n<meta property=\"og:url\" content=\"https:\/\/businesscenters.cat\/ca\/politica-de-cookies\/\" \/>\n<meta property=\"og:site_name\" content=\"Business Centers Barcelona\" \/>\n<meta property=\"article:modified_time\" content=\"2020-11-24T17:03:20+00:00\" \/>\n<meta name=\"twitter:card\" content=\"summary_large_image\" \/>\n<meta name=\"twitter:label1\" content=\"Temps estimat de lectura\" \/>\n\t<meta name=\"twitter:data1\" content=\"5 minuts\" \/>\n<script type=\"application\/ld+json\" class=\"yoast-schema-graph\">{\"@context\":\"https:\/\/schema.org\",\"@graph\":[{\"@type\":\"WebPage\",\"@id\":\"https:\/\/businesscenters.cat\/ca\/politica-de-cookies\/\",\"url\":\"https:\/\/businesscenters.cat\/ca\/politica-de-cookies\/\",\"name\":\"Pol\u00edtica de cookies | Business Centers Barcelona\",\"isPartOf\":{\"@id\":\"https:\/\/businesscenters.cat\/ca\/#website\"},\"datePublished\":\"2018-09-18T13:18:07+00:00\",\"dateModified\":\"2020-11-24T17:03:20+00:00\",\"description\":\"Pol\u00edtica de cookies de la web de centros de negocios en Barcelona businesscenters.cat . Alquier de despacho, oficinas y coworking en el centro de Barcelona\",\"breadcrumb\":{\"@id\":\"https:\/\/businesscenters.cat\/ca\/politica-de-cookies\/#breadcrumb\"},\"inLanguage\":\"ca\",\"potentialAction\":[{\"@type\":\"ReadAction\",\"target\":[\"https:\/\/businesscenters.cat\/ca\/politica-de-cookies\/\"]}]},{\"@type\":\"BreadcrumbList\",\"@id\":\"https:\/\/businesscenters.cat\/ca\/politica-de-cookies\/#breadcrumb\",\"itemListElement\":[{\"@type\":\"ListItem\",\"position\":1,\"name\":\"Portada\",\"item\":\"https:\/\/businesscenters.cat\/ca\/\"},{\"@type\":\"ListItem\",\"position\":2,\"name\":\"Pol\u00edtica de cookies\"}]},{\"@type\":\"WebSite\",\"@id\":\"https:\/\/businesscenters.cat\/ca\/#website\",\"url\":\"https:\/\/businesscenters.cat\/ca\/\",\"name\":\"Business Centers Barcelona\",\"description\":\"Alquiler de oficinas, despachos y coworking en el centro de Barcelona\",\"publisher\":{\"@id\":\"https:\/\/businesscenters.cat\/ca\/#organization\"},\"potentialAction\":[{\"@type\":\"SearchAction\",\"target\":{\"@type\":\"EntryPoint\",\"urlTemplate\":\"https:\/\/businesscenters.cat\/ca\/?s={search_term_string}\"},\"query-input\":{\"@type\":\"PropertyValueSpecification\",\"valueRequired\":true,\"valueName\":\"search_term_string\"}}],\"inLanguage\":\"ca\"},{\"@type\":\"Organization\",\"@id\":\"https:\/\/businesscenters.cat\/ca\/#organization\",\"name\":\"Business Centers Barcelona\",\"url\":\"https:\/\/businesscenters.cat\/ca\/\",\"logo\":{\"@type\":\"ImageObject\",\"inLanguage\":\"ca\",\"@id\":\"https:\/\/businesscenters.cat\/ca\/#\/schema\/logo\/image\/\",\"url\":\"https:\/\/businesscenters.cat\/wp-content\/uploads\/2018\/09\/business-logo-w.png\",\"contentUrl\":\"https:\/\/businesscenters.cat\/wp-content\/uploads\/2018\/09\/business-logo-w.png\",\"width\":250,\"height\":105,\"caption\":\"Business Centers Barcelona\"},\"image\":{\"@id\":\"https:\/\/businesscenters.cat\/ca\/#\/schema\/logo\/image\/\"}}]}<\/script>\n<!-- \/ Yoast SEO plugin. -->","yoast_head_json":{"title":"Pol\u00edtica de cookies | Business Centers Barcelona","description":"Pol\u00edtica de cookies de la web de centros de negocios en Barcelona businesscenters.cat . Alquier de despacho, oficinas y coworking en el centro de Barcelona","robots":{"index":"noindex","follow":"nofollow"},"og_locale":"ca_ES","og_type":"article","og_title":"Pol\u00edtica de cookies | Business Centers Barcelona","og_description":"Pol\u00edtica de cookies de la web de centros de negocios en Barcelona businesscenters.cat . Alquier de despacho, oficinas y coworking en el centro de Barcelona","og_url":"https:\/\/businesscenters.cat\/ca\/politica-de-cookies\/","og_site_name":"Business Centers Barcelona","article_modified_time":"2020-11-24T17:03:20+00:00","twitter_card":"summary_large_image","twitter_misc":{"Temps estimat de lectura":"5 minuts"},"schema":{"@context":"https:\/\/schema.org","@graph":[{"@type":"WebPage","@id":"https:\/\/businesscenters.cat\/ca\/politica-de-cookies\/","url":"https:\/\/businesscenters.cat\/ca\/politica-de-cookies\/","name":"Pol\u00edtica de cookies | Business Centers Barcelona","isPartOf":{"@id":"https:\/\/businesscenters.cat\/ca\/#website"},"datePublished":"2018-09-18T13:18:07+00:00","dateModified":"2020-11-24T17:03:20+00:00","description":"Pol\u00edtica de cookies de la web de centros de negocios en Barcelona businesscenters.cat . Alquier de despacho, oficinas y coworking en el centro de Barcelona","breadcrumb":{"@id":"https:\/\/businesscenters.cat\/ca\/politica-de-cookies\/#breadcrumb"},"inLanguage":"ca","potentialAction":[{"@type":"ReadAction","target":["https:\/\/businesscenters.cat\/ca\/politica-de-cookies\/"]}]},{"@type":"BreadcrumbList","@id":"https:\/\/businesscenters.cat\/ca\/politica-de-cookies\/#breadcrumb","itemListElement":[{"@type":"ListItem","position":1,"name":"Portada","item":"https:\/\/businesscenters.cat\/ca\/"},{"@type":"ListItem","position":2,"name":"Pol\u00edtica de cookies"}]},{"@type":"WebSite","@id":"https:\/\/businesscenters.cat\/ca\/#website","url":"https:\/\/businesscenters.cat\/ca\/","name":"Business Centers Barcelona","description":"Alquiler de oficinas, despachos y coworking en el centro de Barcelona","publisher":{"@id":"https:\/\/businesscenters.cat\/ca\/#organization"},"potentialAction":[{"@type":"SearchAction","target":{"@type":"EntryPoint","urlTemplate":"https:\/\/businesscenters.cat\/ca\/?s={search_term_string}"},"query-input":{"@type":"PropertyValueSpecification","valueRequired":true,"valueName":"search_term_string"}}],"inLanguage":"ca"},{"@type":"Organization","@id":"https:\/\/businesscenters.cat\/ca\/#organization","name":"Business Centers Barcelona","url":"https:\/\/businesscenters.cat\/ca\/","logo":{"@type":"ImageObject","inLanguage":"ca","@id":"https:\/\/businesscenters.cat\/ca\/#\/schema\/logo\/image\/","url":"https:\/\/businesscenters.cat\/wp-content\/uploads\/2018\/09\/business-logo-w.png","contentUrl":"https:\/\/businesscenters.cat\/wp-content\/uploads\/2018\/09\/business-logo-w.png","width":250,"height":105,"caption":"Business Centers Barcelona"},"image":{"@id":"https:\/\/businesscenters.cat\/ca\/#\/schema\/logo\/image\/"}}]}},"_links":{"self":[{"href":"https:\/\/businesscenters.cat\/ca\/wp-json\/wp\/v2\/pages\/1183","targetHints":{"allow":["GET"]}}],"collection":[{"href":"https:\/\/businesscenters.cat\/ca\/wp-json\/wp\/v2\/pages"}],"about":[{"href":"https:\/\/businesscenters.cat\/ca\/wp-json\/wp\/v2\/types\/page"}],"author":[{"embeddable":true,"href":"https:\/\/businesscenters.cat\/ca\/wp-json\/wp\/v2\/users\/1"}],"replies":[{"embeddable":true,"href":"https:\/\/businesscenters.cat\/ca\/wp-json\/wp\/v2\/comments?post=1183"}],"version-history":[{"count":0,"href":"https:\/\/businesscenters.cat\/ca\/wp-json\/wp\/v2\/pages\/1183\/revisions"}],"wp:attachment":[{"href":"https:\/\/businesscenters.cat\/ca\/wp-json\/wp\/v2\/media?parent=1183"}],"curies":[{"name":"wp","href":"https:\/\/api.w.org\/{rel}","templated":true}]}}