{"id":381,"date":"2018-09-05T14:39:46","date_gmt":"2018-09-05T14:39:46","guid":{"rendered":"https:\/\/businesscerters.cat\/servicios\/videoconferencias-barcelona\/"},"modified":"2025-01-13T10:59:48","modified_gmt":"2025-01-13T09:59:48","slug":"videoconferencies-barcelona","status":"publish","type":"page","link":"https:\/\/businesscenters.cat\/ca\/serveis\/videoconferencies-barcelona\/","title":{"rendered":"Lloguer sales de Videoconfer\u00e8ncies a Barcelona"},"content":{"rendered":"\t\t<div data-elementor-type=\"wp-post\" data-elementor-id=\"381\" class=\"elementor elementor-381 elementor-20\" data-elementor-post-type=\"page\">\n\t\t\t\t\t\t<section class=\"elementor-section elementor-top-section elementor-element elementor-element-53dc4db head_page elementor-section-boxed elementor-section-height-default elementor-section-height-default\" data-id=\"53dc4db\" data-element_type=\"section\" data-settings=\"{&quot;background_background&quot;:&quot;classic&quot;}\">\n\t\t\t\t\t\t\t<div class=\"elementor-background-overlay\"><\/div>\n\t\t\t\t\t\t\t<div class=\"elementor-container elementor-column-gap-default\">\n\t\t\t\t\t<div class=\"elementor-column elementor-col-100 elementor-top-column elementor-element elementor-element-65e7995\" data-id=\"65e7995\" data-element_type=\"column\">\n\t\t\t<div class=\"elementor-widget-wrap elementor-element-populated\">\n\t\t\t\t\t\t<div class=\"elementor-element elementor-element-22e5e81f elementor-widget elementor-widget-heading\" data-id=\"22e5e81f\" data-element_type=\"widget\" data-widget_type=\"heading.default\">\n\t\t\t\t<div class=\"elementor-widget-container\">\n\t\t\t\t\t<h1 class=\"elementor-heading-title elementor-size-default\">Realitzi les seves Videoconfer\u00e8ncies a Barcelona<\/h1>\t\t\t\t<\/div>\n\t\t\t\t<\/div>\n\t\t\t\t\t<\/div>\n\t\t<\/div>\n\t\t\t\t\t<\/div>\n\t\t<\/section>\n\t\t\t\t<section class=\"elementor-section elementor-top-section elementor-element elementor-element-57faebc1 elementor-section-boxed elementor-section-height-default elementor-section-height-default\" data-id=\"57faebc1\" data-element_type=\"section\">\n\t\t\t\t\t\t<div class=\"elementor-container elementor-column-gap-default\">\n\t\t\t\t\t<div class=\"elementor-column elementor-col-50 elementor-top-column elementor-element elementor-element-4743d0cb\" data-id=\"4743d0cb\" data-element_type=\"column\" data-settings=\"{&quot;background_background&quot;:&quot;classic&quot;}\">\n\t\t\t<div class=\"elementor-widget-wrap elementor-element-populated\">\n\t\t\t\t\t\t<div class=\"elementor-element elementor-element-35ded30e elementor-widget elementor-widget-text-editor\" data-id=\"35ded30e\" data-element_type=\"widget\" data-widget_type=\"text-editor.default\">\n\t\t\t\t<div class=\"elementor-widget-container\">\n\t\t\t\t\t\t\t\t\t<p>Els presentem el nostre nou\u00a0<strong>sistema de Videoconfer\u00e8ncies<\/strong>, que li permet mantenir reunions entre persones que es troben en llocs distants. Amb el conseg\u00fcent estalvi de costos que representa no despla\u00e7ar persones a altres ciutats.<\/p><p>Vost\u00e8 nom\u00e9s haur\u00e0 de convocar als assistents a la reuni\u00f3, mitjan\u00e7ant la plataforma que m\u00e9s li convingui, perqu\u00e8 ells puguin connectar-se, de forma remota, el dia i l&#8217;hora assenyalats.<\/p><p style=\"font-size: 15px; font-style: normal; font-weight: 400;\">El nostre servei compta amb totes les eines necess\u00e0ries per transmetre tant imatge com so a temps real i en tots dos sentits.<\/p><p style=\"font-size: 15px; font-style: normal; font-weight: 400;\">Per a aix\u00f2 posem a la seva disposici\u00f3:<\/p><ul style=\"font-size: 15px; font-style: normal; font-weight: 400;\"><li style=\"font-size: 15px;\">Un ordinador connectat a Internet amb les solucions de programari per a videoconfer\u00e8ncies m\u00e9s conegudes (Zoom, Skype, Microsoft Team &#8230;).<\/li><li style=\"font-size: 15px;\">Un equip d&#8217;\u00e0udio professional de micro central.<\/li><li style=\"font-size: 15px;\">Una pantalla de TV de 48&#8221;.<\/li><li style=\"font-size: 15px;\">Una c\u00e0mera que permet mostrar a tots els participants de forma panor\u00e0mica.<\/li><\/ul><p>Preu client despatx o domiciliat: 25 \u20ac una hora (hores addicionals 15 \u20ac).<\/p><p>Preu client extern: 40 \u20ac una hora (hores addicionals 25 \u20ac)<\/p>\t\t\t\t\t\t\t\t<\/div>\n\t\t\t\t<\/div>\n\t\t\t\t<div class=\"elementor-element elementor-element-ae5db99 elementor-widget elementor-widget-button\" data-id=\"ae5db99\" data-element_type=\"widget\" data-widget_type=\"button.default\">\n\t\t\t\t<div class=\"elementor-widget-container\">\n\t\t\t\t\t\t\t\t\t<div class=\"elementor-button-wrapper\">\n\t\t\t\t\t<a class=\"elementor-button elementor-button-link elementor-size-md\" href=\"https:\/\/businesscerters.cat\/ca\/business-center-barcelona-informacio\/\">\n\t\t\t\t\t\t<span class=\"elementor-button-content-wrapper\">\n\t\t\t\t\t\t\t\t\t<span class=\"elementor-button-text\">M\u00e9s informaci\u00f3<\/span>\n\t\t\t\t\t<\/span>\n\t\t\t\t\t<\/a>\n\t\t\t\t<\/div>\n\t\t\t\t\t\t\t\t<\/div>\n\t\t\t\t<\/div>\n\t\t\t\t\t<\/div>\n\t\t<\/div>\n\t\t\t\t<div class=\"elementor-column elementor-col-50 elementor-top-column elementor-element elementor-element-73dbff49\" data-id=\"73dbff49\" data-element_type=\"column\">\n\t\t\t<div class=\"elementor-widget-wrap elementor-element-populated\">\n\t\t\t\t\t\t<div class=\"elementor-element elementor-element-4303bb5 elementor-widget elementor-widget-image\" data-id=\"4303bb5\" data-element_type=\"widget\" data-widget_type=\"image.default\">\n\t\t\t\t<div class=\"elementor-widget-container\">\n\t\t\t\t\t\t\t\t\t\t\t\t\t\t\t<img fetchpriority=\"high\" decoding=\"async\" width=\"1000\" height=\"667\" src=\"https:\/\/businesscenters.cat\/wp-content\/uploads\/2020\/11\/business-executives-doing-video-conference.jpg\" class=\"attachment-large size-large wp-image-4478\" alt=\"\" srcset=\"https:\/\/businesscenters.cat\/wp-content\/uploads\/2020\/11\/business-executives-doing-video-conference.jpg 1000w, https:\/\/businesscenters.cat\/wp-content\/uploads\/2020\/11\/business-executives-doing-video-conference-300x200.jpg 300w, https:\/\/businesscenters.cat\/wp-content\/uploads\/2020\/11\/business-executives-doing-video-conference-768x512.jpg 768w\" sizes=\"(max-width: 1000px) 100vw, 1000px\" \/>\t\t\t\t\t\t\t\t\t\t\t\t\t\t\t<\/div>\n\t\t\t\t<\/div>\n\t\t\t\t<div class=\"elementor-element elementor-element-54c65cc elementor-widget elementor-widget-image\" data-id=\"54c65cc\" data-element_type=\"widget\" data-widget_type=\"image.default\">\n\t\t\t\t<div class=\"elementor-widget-container\">\n\t\t\t\t\t\t\t\t\t\t\t\t\t\t\t<img decoding=\"async\" width=\"1024\" height=\"724\" src=\"https:\/\/businesscenters.cat\/wp-content\/uploads\/2021\/05\/team-meeting-online-conference-call_11-1024x724.jpg\" class=\"attachment-large size-large wp-image-5619\" alt=\"Videoconfer\u00e8ncies en sales i despatxos a Barcelona.\" srcset=\"https:\/\/businesscenters.cat\/wp-content\/uploads\/2021\/05\/team-meeting-online-conference-call_11-1024x724.jpg 1024w, https:\/\/businesscenters.cat\/wp-content\/uploads\/2021\/05\/team-meeting-online-conference-call_11-300x212.jpg 300w, https:\/\/businesscenters.cat\/wp-content\/uploads\/2021\/05\/team-meeting-online-conference-call_11-768x543.jpg 768w, https:\/\/businesscenters.cat\/wp-content\/uploads\/2021\/05\/team-meeting-online-conference-call_11-1536x1086.jpg 1536w, https:\/\/businesscenters.cat\/wp-content\/uploads\/2021\/05\/team-meeting-online-conference-call_11-scaled.jpg 2048w\" sizes=\"(max-width: 1024px) 100vw, 1024px\" \/>\t\t\t\t\t\t\t\t\t\t\t\t\t\t\t<\/div>\n\t\t\t\t<\/div>\n\t\t\t\t\t<\/div>\n\t\t<\/div>\n\t\t\t\t\t<\/div>\n\t\t<\/section>\n\t\t\t\t<\/div>\n\t\t","protected":false},"excerpt":{"rendered":"<p>Realitzi les seves Videoconfer\u00e8ncies a Barcelona Els presentem el nostre nou\u00a0sistema de Videoconfer\u00e8ncies, que li permet mantenir reunions entre persones que es troben en llocs distants. Amb el conseg\u00fcent estalvi de costos que representa no despla\u00e7ar persones a altres ciutats. Vost\u00e8 nom\u00e9s haur\u00e0 de convocar als assistents a la reuni\u00f3, mitjan\u00e7ant la plataforma que m\u00e9s [&hellip;]<\/p>\n","protected":false},"author":1,"featured_media":0,"parent":339,"menu_order":0,"comment_status":"closed","ping_status":"closed","template":"","meta":{"site-sidebar-layout":"no-sidebar","site-content-layout":"page-builder","ast-site-content-layout":"","site-content-style":"default","site-sidebar-style":"default","ast-global-header-display":"","ast-banner-title-visibility":"","ast-main-header-display":"","ast-hfb-above-header-display":"","ast-hfb-below-header-display":"","ast-hfb-mobile-header-display":"","site-post-title":"disabled","ast-breadcrumbs-content":"","ast-featured-img":"disabled","footer-sml-layout":"","theme-transparent-header-meta":"default","adv-header-id-meta":"","stick-header-meta":"","header-above-stick-meta":"","header-main-stick-meta":"","header-below-stick-meta":"","astra-migrate-meta-layouts":"default","ast-page-background-enabled":"default","ast-page-background-meta":{"desktop":{"background-color":"","background-image":"","background-repeat":"repeat","background-position":"center center","background-size":"auto","background-attachment":"scroll","background-type":"","background-media":"","overlay-type":"","overlay-color":"","overlay-gradient":""},"tablet":{"background-color":"","background-image":"","background-repeat":"repeat","background-position":"center center","background-size":"auto","background-attachment":"scroll","background-type":"","background-media":"","overlay-type":"","overlay-color":"","overlay-gradient":""},"mobile":{"background-color":"","background-image":"","background-repeat":"repeat","background-position":"center center","background-size":"auto","background-attachment":"scroll","background-type":"","background-media":"","overlay-type":"","overlay-color":"","overlay-gradient":""}},"ast-content-background-meta":{"desktop":{"background-color":"var(--ast-global-color-5)","background-image":"","background-repeat":"repeat","background-position":"center center","background-size":"auto","background-attachment":"scroll","background-type":"","background-media":"","overlay-type":"","overlay-color":"","overlay-gradient":""},"tablet":{"background-color":"var(--ast-global-color-5)","background-image":"","background-repeat":"repeat","background-position":"center center","background-size":"auto","background-attachment":"scroll","background-type":"","background-media":"","overlay-type":"","overlay-color":"","overlay-gradient":""},"mobile":{"background-color":"var(--ast-global-color-5)","background-image":"","background-repeat":"repeat","background-position":"center center","background-size":"auto","background-attachment":"scroll","background-type":"","background-media":"","overlay-type":"","overlay-color":"","overlay-gradient":""}},"_joinchat":[],"footnotes":""},"class_list":["post-381","page","type-page","status-publish","hentry"],"yoast_head":"<!-- This site is optimized with the Yoast SEO plugin v24.8.1 - https:\/\/yoast.com\/wordpress\/plugins\/seo\/ -->\n<title>Realitzi les seves Videoconfer\u00e8ncies a Barcelona<\/title>\n<meta name=\"description\" content=\"Disposem de lloguer de sales per a videoconfer\u00e8ncies. Connexi\u00f3 d&#039;alta velocitat, connexi\u00f3 wifi sense interrupcions i decorats professionals.\" \/>\n<meta name=\"robots\" content=\"index, follow, max-snippet:-1, max-image-preview:large, max-video-preview:-1\" \/>\n<link rel=\"canonical\" href=\"https:\/\/businesscenters.cat\/ca\/serveis\/videoconferencies-barcelona\/\" \/>\n<meta property=\"og:locale\" content=\"ca_ES\" \/>\n<meta property=\"og:type\" content=\"article\" \/>\n<meta property=\"og:title\" content=\"Realitzi les seves Videoconfer\u00e8ncies a Barcelona\" \/>\n<meta property=\"og:description\" content=\"Disposem de lloguer de sales per a videoconfer\u00e8ncies. Connexi\u00f3 d&#039;alta velocitat, connexi\u00f3 wifi sense interrupcions i decorats professionals.\" \/>\n<meta property=\"og:url\" content=\"https:\/\/businesscenters.cat\/ca\/serveis\/videoconferencies-barcelona\/\" \/>\n<meta property=\"og:site_name\" content=\"Business Centers Barcelona\" \/>\n<meta property=\"article:modified_time\" content=\"2025-01-13T09:59:48+00:00\" \/>\n<meta property=\"og:image\" content=\"https:\/\/businesscenters.cat\/wp-content\/uploads\/2020\/11\/business-executives-doing-video-conference.jpg\" \/>\n<meta name=\"twitter:card\" content=\"summary_large_image\" \/>\n<meta name=\"twitter:label1\" content=\"Temps estimat de lectura\" \/>\n\t<meta name=\"twitter:data1\" content=\"2 minuts\" \/>\n<script type=\"application\/ld+json\" class=\"yoast-schema-graph\">{\"@context\":\"https:\/\/schema.org\",\"@graph\":[{\"@type\":\"WebPage\",\"@id\":\"https:\/\/businesscenters.cat\/ca\/serveis\/videoconferencies-barcelona\/\",\"url\":\"https:\/\/businesscenters.cat\/ca\/serveis\/videoconferencies-barcelona\/\",\"name\":\"Realitzi les seves Videoconfer\u00e8ncies a Barcelona\",\"isPartOf\":{\"@id\":\"https:\/\/businesscenters.cat\/ca\/#website\"},\"primaryImageOfPage\":{\"@id\":\"https:\/\/businesscenters.cat\/ca\/serveis\/videoconferencies-barcelona\/#primaryimage\"},\"image\":{\"@id\":\"https:\/\/businesscenters.cat\/ca\/serveis\/videoconferencies-barcelona\/#primaryimage\"},\"thumbnailUrl\":\"https:\/\/businesscenters.cat\/wp-content\/uploads\/2020\/11\/business-executives-doing-video-conference.jpg\",\"datePublished\":\"2018-09-05T14:39:46+00:00\",\"dateModified\":\"2025-01-13T09:59:48+00:00\",\"description\":\"Disposem de lloguer de sales per a videoconfer\u00e8ncies. Connexi\u00f3 d'alta velocitat, connexi\u00f3 wifi sense interrupcions i decorats professionals.\",\"breadcrumb\":{\"@id\":\"https:\/\/businesscenters.cat\/ca\/serveis\/videoconferencies-barcelona\/#breadcrumb\"},\"inLanguage\":\"ca\",\"potentialAction\":[{\"@type\":\"ReadAction\",\"target\":[\"https:\/\/businesscenters.cat\/ca\/serveis\/videoconferencies-barcelona\/\"]}]},{\"@type\":\"ImageObject\",\"inLanguage\":\"ca\",\"@id\":\"https:\/\/businesscenters.cat\/ca\/serveis\/videoconferencies-barcelona\/#primaryimage\",\"url\":\"https:\/\/businesscenters.cat\/wp-content\/uploads\/2020\/11\/business-executives-doing-video-conference.jpg\",\"contentUrl\":\"https:\/\/businesscenters.cat\/wp-content\/uploads\/2020\/11\/business-executives-doing-video-conference.jpg\"},{\"@type\":\"BreadcrumbList\",\"@id\":\"https:\/\/businesscenters.cat\/ca\/serveis\/videoconferencies-barcelona\/#breadcrumb\",\"itemListElement\":[{\"@type\":\"ListItem\",\"position\":1,\"name\":\"Portada\",\"item\":\"https:\/\/businesscenters.cat\/ca\/\"},{\"@type\":\"ListItem\",\"position\":2,\"name\":\"Servicios\",\"item\":\"https:\/\/businesscenters.cat\/ca\/serveis\/\"},{\"@type\":\"ListItem\",\"position\":3,\"name\":\"Lloguer sales de Videoconfer\u00e8ncies a Barcelona\"}]},{\"@type\":\"WebSite\",\"@id\":\"https:\/\/businesscenters.cat\/ca\/#website\",\"url\":\"https:\/\/businesscenters.cat\/ca\/\",\"name\":\"Business Centers Barcelona\",\"description\":\"Alquiler de oficinas, despachos y coworking en el centro de Barcelona\",\"publisher\":{\"@id\":\"https:\/\/businesscenters.cat\/ca\/#organization\"},\"potentialAction\":[{\"@type\":\"SearchAction\",\"target\":{\"@type\":\"EntryPoint\",\"urlTemplate\":\"https:\/\/businesscenters.cat\/ca\/?s={search_term_string}\"},\"query-input\":{\"@type\":\"PropertyValueSpecification\",\"valueRequired\":true,\"valueName\":\"search_term_string\"}}],\"inLanguage\":\"ca\"},{\"@type\":\"Organization\",\"@id\":\"https:\/\/businesscenters.cat\/ca\/#organization\",\"name\":\"Business Centers Barcelona\",\"url\":\"https:\/\/businesscenters.cat\/ca\/\",\"logo\":{\"@type\":\"ImageObject\",\"inLanguage\":\"ca\",\"@id\":\"https:\/\/businesscenters.cat\/ca\/#\/schema\/logo\/image\/\",\"url\":\"https:\/\/businesscenters.cat\/wp-content\/uploads\/2018\/09\/business-logo-w.png\",\"contentUrl\":\"https:\/\/businesscenters.cat\/wp-content\/uploads\/2018\/09\/business-logo-w.png\",\"width\":250,\"height\":105,\"caption\":\"Business Centers Barcelona\"},\"image\":{\"@id\":\"https:\/\/businesscenters.cat\/ca\/#\/schema\/logo\/image\/\"}}]}<\/script>\n<!-- \/ Yoast SEO plugin. -->","yoast_head_json":{"title":"Realitzi les seves Videoconfer\u00e8ncies a Barcelona","description":"Disposem de lloguer de sales per a videoconfer\u00e8ncies. Connexi\u00f3 d'alta velocitat, connexi\u00f3 wifi sense interrupcions i decorats professionals.","robots":{"index":"index","follow":"follow","max-snippet":"max-snippet:-1","max-image-preview":"max-image-preview:large","max-video-preview":"max-video-preview:-1"},"canonical":"https:\/\/businesscenters.cat\/ca\/serveis\/videoconferencies-barcelona\/","og_locale":"ca_ES","og_type":"article","og_title":"Realitzi les seves Videoconfer\u00e8ncies a Barcelona","og_description":"Disposem de lloguer de sales per a videoconfer\u00e8ncies. Connexi\u00f3 d'alta velocitat, connexi\u00f3 wifi sense interrupcions i decorats professionals.","og_url":"https:\/\/businesscenters.cat\/ca\/serveis\/videoconferencies-barcelona\/","og_site_name":"Business Centers Barcelona","article_modified_time":"2025-01-13T09:59:48+00:00","og_image":[{"url":"https:\/\/businesscenters.cat\/wp-content\/uploads\/2020\/11\/business-executives-doing-video-conference.jpg","type":"","width":"","height":""}],"twitter_card":"summary_large_image","twitter_misc":{"Temps estimat de lectura":"2 minuts"},"schema":{"@context":"https:\/\/schema.org","@graph":[{"@type":"WebPage","@id":"https:\/\/businesscenters.cat\/ca\/serveis\/videoconferencies-barcelona\/","url":"https:\/\/businesscenters.cat\/ca\/serveis\/videoconferencies-barcelona\/","name":"Realitzi les seves Videoconfer\u00e8ncies a Barcelona","isPartOf":{"@id":"https:\/\/businesscenters.cat\/ca\/#website"},"primaryImageOfPage":{"@id":"https:\/\/businesscenters.cat\/ca\/serveis\/videoconferencies-barcelona\/#primaryimage"},"image":{"@id":"https:\/\/businesscenters.cat\/ca\/serveis\/videoconferencies-barcelona\/#primaryimage"},"thumbnailUrl":"https:\/\/businesscenters.cat\/wp-content\/uploads\/2020\/11\/business-executives-doing-video-conference.jpg","datePublished":"2018-09-05T14:39:46+00:00","dateModified":"2025-01-13T09:59:48+00:00","description":"Disposem de lloguer de sales per a videoconfer\u00e8ncies. Connexi\u00f3 d'alta velocitat, connexi\u00f3 wifi sense interrupcions i decorats professionals.","breadcrumb":{"@id":"https:\/\/businesscenters.cat\/ca\/serveis\/videoconferencies-barcelona\/#breadcrumb"},"inLanguage":"ca","potentialAction":[{"@type":"ReadAction","target":["https:\/\/businesscenters.cat\/ca\/serveis\/videoconferencies-barcelona\/"]}]},{"@type":"ImageObject","inLanguage":"ca","@id":"https:\/\/businesscenters.cat\/ca\/serveis\/videoconferencies-barcelona\/#primaryimage","url":"https:\/\/businesscenters.cat\/wp-content\/uploads\/2020\/11\/business-executives-doing-video-conference.jpg","contentUrl":"https:\/\/businesscenters.cat\/wp-content\/uploads\/2020\/11\/business-executives-doing-video-conference.jpg"},{"@type":"BreadcrumbList","@id":"https:\/\/businesscenters.cat\/ca\/serveis\/videoconferencies-barcelona\/#breadcrumb","itemListElement":[{"@type":"ListItem","position":1,"name":"Portada","item":"https:\/\/businesscenters.cat\/ca\/"},{"@type":"ListItem","position":2,"name":"Servicios","item":"https:\/\/businesscenters.cat\/ca\/serveis\/"},{"@type":"ListItem","position":3,"name":"Lloguer sales de Videoconfer\u00e8ncies a Barcelona"}]},{"@type":"WebSite","@id":"https:\/\/businesscenters.cat\/ca\/#website","url":"https:\/\/businesscenters.cat\/ca\/","name":"Business Centers Barcelona","description":"Alquiler de oficinas, despachos y coworking en el centro de Barcelona","publisher":{"@id":"https:\/\/businesscenters.cat\/ca\/#organization"},"potentialAction":[{"@type":"SearchAction","target":{"@type":"EntryPoint","urlTemplate":"https:\/\/businesscenters.cat\/ca\/?s={search_term_string}"},"query-input":{"@type":"PropertyValueSpecification","valueRequired":true,"valueName":"search_term_string"}}],"inLanguage":"ca"},{"@type":"Organization","@id":"https:\/\/businesscenters.cat\/ca\/#organization","name":"Business Centers Barcelona","url":"https:\/\/businesscenters.cat\/ca\/","logo":{"@type":"ImageObject","inLanguage":"ca","@id":"https:\/\/businesscenters.cat\/ca\/#\/schema\/logo\/image\/","url":"https:\/\/businesscenters.cat\/wp-content\/uploads\/2018\/09\/business-logo-w.png","contentUrl":"https:\/\/businesscenters.cat\/wp-content\/uploads\/2018\/09\/business-logo-w.png","width":250,"height":105,"caption":"Business Centers Barcelona"},"image":{"@id":"https:\/\/businesscenters.cat\/ca\/#\/schema\/logo\/image\/"}}]}},"_links":{"self":[{"href":"https:\/\/businesscenters.cat\/ca\/wp-json\/wp\/v2\/pages\/381","targetHints":{"allow":["GET"]}}],"collection":[{"href":"https:\/\/businesscenters.cat\/ca\/wp-json\/wp\/v2\/pages"}],"about":[{"href":"https:\/\/businesscenters.cat\/ca\/wp-json\/wp\/v2\/types\/page"}],"author":[{"embeddable":true,"href":"https:\/\/businesscenters.cat\/ca\/wp-json\/wp\/v2\/users\/1"}],"replies":[{"embeddable":true,"href":"https:\/\/businesscenters.cat\/ca\/wp-json\/wp\/v2\/comments?post=381"}],"version-history":[{"count":0,"href":"https:\/\/businesscenters.cat\/ca\/wp-json\/wp\/v2\/pages\/381\/revisions"}],"up":[{"embeddable":true,"href":"https:\/\/businesscenters.cat\/ca\/wp-json\/wp\/v2\/pages\/339"}],"wp:attachment":[{"href":"https:\/\/businesscenters.cat\/ca\/wp-json\/wp\/v2\/media?parent=381"}],"curies":[{"name":"wp","href":"https:\/\/api.w.org\/{rel}","templated":true}]}}