{"id":387,"date":"2018-09-05T14:40:34","date_gmt":"2018-09-05T14:40:34","guid":{"rendered":"https:\/\/businesscerters.cat\/servicios\/salas-formacion-barcelona\/"},"modified":"2025-01-13T10:59:47","modified_gmt":"2025-01-13T09:59:47","slug":"lloguer-sales-formacio-barcelona","status":"publish","type":"page","link":"https:\/\/businesscenters.cat\/ca\/serveis\/lloguer-sales-formacio-barcelona\/","title":{"rendered":"lloguer de sales de formaci\u00f3 en Barcelona"},"content":{"rendered":"\t\t<div data-elementor-type=\"wp-post\" data-elementor-id=\"387\" class=\"elementor elementor-387 elementor-24\" data-elementor-post-type=\"page\">\n\t\t\t\t\t\t<section class=\"elementor-section elementor-top-section elementor-element elementor-element-52dd857 head_page elementor-section-boxed elementor-section-height-default elementor-section-height-default\" data-id=\"52dd857\" data-element_type=\"section\" data-settings=\"{&quot;background_background&quot;:&quot;classic&quot;}\">\n\t\t\t\t\t\t\t<div class=\"elementor-background-overlay\"><\/div>\n\t\t\t\t\t\t\t<div class=\"elementor-container elementor-column-gap-default\">\n\t\t\t\t\t<div class=\"elementor-column elementor-col-100 elementor-top-column elementor-element elementor-element-7813228b\" data-id=\"7813228b\" data-element_type=\"column\">\n\t\t\t<div class=\"elementor-widget-wrap elementor-element-populated\">\n\t\t\t\t\t\t<div class=\"elementor-element elementor-element-59e6e10b elementor-widget elementor-widget-heading\" data-id=\"59e6e10b\" data-element_type=\"widget\" data-widget_type=\"heading.default\">\n\t\t\t\t<div class=\"elementor-widget-container\">\n\t\t\t\t\t<h1 class=\"elementor-heading-title elementor-size-default\">lloguer de sales de formaci\u00f3<\/h1>\t\t\t\t<\/div>\n\t\t\t\t<\/div>\n\t\t\t\t\t<\/div>\n\t\t<\/div>\n\t\t\t\t\t<\/div>\n\t\t<\/section>\n\t\t\t\t<section class=\"elementor-section elementor-top-section elementor-element elementor-element-1b01d70e elementor-section-boxed elementor-section-height-default elementor-section-height-default\" data-id=\"1b01d70e\" data-element_type=\"section\">\n\t\t\t\t\t\t<div class=\"elementor-container elementor-column-gap-default\">\n\t\t\t\t\t<div class=\"elementor-column elementor-col-50 elementor-top-column elementor-element elementor-element-22083610\" data-id=\"22083610\" data-element_type=\"column\" data-settings=\"{&quot;background_background&quot;:&quot;classic&quot;}\">\n\t\t\t<div class=\"elementor-widget-wrap elementor-element-populated\">\n\t\t\t\t\t\t<div class=\"elementor-element elementor-element-25f0759d elementor-widget elementor-widget-text-editor\" data-id=\"25f0759d\" data-element_type=\"widget\" data-widget_type=\"text-editor.default\">\n\t\t\t\t<div class=\"elementor-widget-container\">\n\t\t\t\t\t\t\t\t\t<p>La Sala de Formaci\u00f3 <strong>businesscenters P.Gr\u00e0cia<\/strong>\u00a0li ofereix un ambient professional per als seus cursos de formaci\u00f3 al cor de l\u2019Eixample de Barcelona<\/p><p>Sala apte per a 14 persones, equipada amb tot el necessari per als seus cursos de formaci\u00f3, presentacions de productes, din\u00e0miques de grup, rodes de premsa &#8230;<\/p><p>A m\u00e9s ens encarreguem de facilitar-los CoffeeBreak i C\u00e0tering o, si ho desitja, li gestionarem reserves en restaurants propers per als seus grups.<\/p><p>Valori l\u2019avantatge de disposar de despatxos moblats a l\u2019instant. Al mateix local tamb\u00e9 podr\u00e0 disposar de tot el que pugui necessitar a nivell de secretariat, administraci\u00f3, impressions, fotoc\u00f2pies, fax, esc\u00e0ner, ordinadors, equips audiovisuals, internet&#8230;, etc.<\/p>\t\t\t\t\t\t\t\t<\/div>\n\t\t\t\t<\/div>\n\t\t\t\t\t<\/div>\n\t\t<\/div>\n\t\t\t\t<div class=\"elementor-column elementor-col-50 elementor-top-column elementor-element elementor-element-99fba21\" data-id=\"99fba21\" data-element_type=\"column\">\n\t\t\t<div class=\"elementor-widget-wrap elementor-element-populated\">\n\t\t\t\t\t\t<div class=\"elementor-element elementor-element-59100d09 elementor-widget elementor-widget-heading\" data-id=\"59100d09\" data-element_type=\"widget\" data-widget_type=\"heading.default\">\n\t\t\t\t<div class=\"elementor-widget-container\">\n\t\t\t\t\t<h3 class=\"elementor-heading-title elementor-size-default\">Sales de Formaci\u00f3 a Passeig de Gr\u00e0cia<\/h3>\t\t\t\t<\/div>\n\t\t\t\t<\/div>\n\t\t\t\t<div class=\"elementor-element elementor-element-7ee4f999 gallery-spacing-custom elementor-widget elementor-widget-image-gallery\" data-id=\"7ee4f999\" data-element_type=\"widget\" data-widget_type=\"image-gallery.default\">\n\t\t\t\t<div class=\"elementor-widget-container\">\n\t\t\t\t\t\t\t<div class=\"elementor-image-gallery\">\n\t\t\t<div id='gallery-1' class='gallery galleryid-387 gallery-columns-4 gallery-size-thumbnail'><figure class='gallery-item'>\n\t\t\t<div class='gallery-icon landscape'>\n\t\t\t\t<a data-elementor-open-lightbox=\"yes\" data-elementor-lightbox-slideshow=\"7ee4f999\" data-elementor-lightbox-title=\"salas-de-reuniones-paseo-gracia-3\" data-e-action-hash=\"#elementor-action%3Aaction%3Dlightbox%26settings%3DeyJpZCI6ODY5LCJ1cmwiOiJodHRwczpcL1wvYnVzaW5lc3NjZW50ZXJzLmNhdFwvd3AtY29udGVudFwvdXBsb2Fkc1wvMjAxOFwvMDlcL3NhbGFzLWRlLXJldW5pb25lcy1wYXNlby1ncmFjaWEtMy5qcGciLCJzbGlkZXNob3ciOiI3ZWU0Zjk5OSJ9\" href='https:\/\/businesscenters.cat\/wp-content\/uploads\/2018\/09\/salas-de-reuniones-paseo-gracia-3.jpg'><img decoding=\"async\" width=\"150\" height=\"150\" src=\"https:\/\/businesscenters.cat\/wp-content\/uploads\/2018\/09\/salas-de-reuniones-paseo-gracia-3-150x150.jpg\" class=\"attachment-thumbnail size-thumbnail\" alt=\"\" \/><\/a>\n\t\t\t<\/div><\/figure><figure class='gallery-item'>\n\t\t\t<div class='gallery-icon landscape'>\n\t\t\t\t<a data-elementor-open-lightbox=\"yes\" data-elementor-lightbox-slideshow=\"7ee4f999\" data-elementor-lightbox-title=\"salas-de-reuniones-paseo-gracia-1\" data-e-action-hash=\"#elementor-action%3Aaction%3Dlightbox%26settings%3DeyJpZCI6ODY1LCJ1cmwiOiJodHRwczpcL1wvYnVzaW5lc3NjZW50ZXJzLmNhdFwvd3AtY29udGVudFwvdXBsb2Fkc1wvMjAxOFwvMDlcL3NhbGFzLWRlLXJldW5pb25lcy1wYXNlby1ncmFjaWEtMS5qcGciLCJzbGlkZXNob3ciOiI3ZWU0Zjk5OSJ9\" href='https:\/\/businesscenters.cat\/wp-content\/uploads\/2018\/09\/salas-de-reuniones-paseo-gracia-1.jpg'><img decoding=\"async\" width=\"150\" height=\"150\" src=\"https:\/\/businesscenters.cat\/wp-content\/uploads\/2018\/09\/salas-de-reuniones-paseo-gracia-1-150x150.jpg\" class=\"attachment-thumbnail size-thumbnail\" alt=\"\" \/><\/a>\n\t\t\t<\/div><\/figure><figure class='gallery-item'>\n\t\t\t<div class='gallery-icon landscape'>\n\t\t\t\t<a data-elementor-open-lightbox=\"yes\" data-elementor-lightbox-slideshow=\"7ee4f999\" data-elementor-lightbox-title=\"IMG_2245\" data-e-action-hash=\"#elementor-action%3Aaction%3Dlightbox%26settings%3DeyJpZCI6NDM0OSwidXJsIjoiaHR0cHM6XC9cL2J1c2luZXNzY2VudGVycy5jYXRcL3dwLWNvbnRlbnRcL3VwbG9hZHNcLzIwMjBcLzExXC9JTUdfMjI0NS5qcGciLCJzbGlkZXNob3ciOiI3ZWU0Zjk5OSJ9\" href='https:\/\/businesscenters.cat\/wp-content\/uploads\/2020\/11\/IMG_2245.jpg'><img decoding=\"async\" width=\"150\" height=\"150\" src=\"https:\/\/businesscenters.cat\/wp-content\/uploads\/2020\/11\/IMG_2245-150x150.jpg\" class=\"attachment-thumbnail size-thumbnail\" alt=\"\" \/><\/a>\n\t\t\t<\/div><\/figure><figure class='gallery-item'>\n\t\t\t<div class='gallery-icon landscape'>\n\t\t\t\t<a data-elementor-open-lightbox=\"yes\" data-elementor-lightbox-slideshow=\"7ee4f999\" data-elementor-lightbox-title=\"IMG_1864\" data-e-action-hash=\"#elementor-action%3Aaction%3Dlightbox%26settings%3DeyJpZCI6NDM0NiwidXJsIjoiaHR0cHM6XC9cL2J1c2luZXNzY2VudGVycy5jYXRcL3dwLWNvbnRlbnRcL3VwbG9hZHNcLzIwMjBcLzExXC9JTUdfMTg2NC5qcGciLCJzbGlkZXNob3ciOiI3ZWU0Zjk5OSJ9\" href='https:\/\/businesscenters.cat\/wp-content\/uploads\/2020\/11\/IMG_1864.jpg'><img loading=\"lazy\" decoding=\"async\" width=\"150\" height=\"150\" src=\"https:\/\/businesscenters.cat\/wp-content\/uploads\/2020\/11\/IMG_1864-150x150.jpg\" class=\"attachment-thumbnail size-thumbnail\" alt=\"\" \/><\/a>\n\t\t\t<\/div><\/figure>\n\t\t<\/div>\n\t\t<\/div>\n\t\t\t\t\t\t<\/div>\n\t\t\t\t<\/div>\n\t\t\t\t\t<\/div>\n\t\t<\/div>\n\t\t\t\t\t<\/div>\n\t\t<\/section>\n\t\t\t\t<\/div>\n\t\t","protected":false},"excerpt":{"rendered":"<p>lloguer de sales de formaci\u00f3 La Sala de Formaci\u00f3 businesscenters P.Gr\u00e0cia\u00a0li ofereix un ambient professional per als seus cursos de formaci\u00f3 al cor de l\u2019Eixample de Barcelona Sala apte per a 14 persones, equipada amb tot el necessari per als seus cursos de formaci\u00f3, presentacions de productes, din\u00e0miques de grup, rodes de premsa &#8230; A [&hellip;]<\/p>\n","protected":false},"author":1,"featured_media":0,"parent":339,"menu_order":0,"comment_status":"closed","ping_status":"closed","template":"","meta":{"site-sidebar-layout":"no-sidebar","site-content-layout":"page-builder","ast-site-content-layout":"","site-content-style":"default","site-sidebar-style":"default","ast-global-header-display":"","ast-banner-title-visibility":"","ast-main-header-display":"","ast-hfb-above-header-display":"","ast-hfb-below-header-display":"","ast-hfb-mobile-header-display":"","site-post-title":"disabled","ast-breadcrumbs-content":"","ast-featured-img":"disabled","footer-sml-layout":"","theme-transparent-header-meta":"","adv-header-id-meta":"","stick-header-meta":"","header-above-stick-meta":"","header-main-stick-meta":"","header-below-stick-meta":"","astra-migrate-meta-layouts":"default","ast-page-background-enabled":"default","ast-page-background-meta":{"desktop":{"background-color":"","background-image":"","background-repeat":"repeat","background-position":"center center","background-size":"auto","background-attachment":"scroll","background-type":"","background-media":"","overlay-type":"","overlay-color":"","overlay-gradient":""},"tablet":{"background-color":"","background-image":"","background-repeat":"repeat","background-position":"center center","background-size":"auto","background-attachment":"scroll","background-type":"","background-media":"","overlay-type":"","overlay-color":"","overlay-gradient":""},"mobile":{"background-color":"","background-image":"","background-repeat":"repeat","background-position":"center center","background-size":"auto","background-attachment":"scroll","background-type":"","background-media":"","overlay-type":"","overlay-color":"","overlay-gradient":""}},"ast-content-background-meta":{"desktop":{"background-color":"var(--ast-global-color-5)","background-image":"","background-repeat":"repeat","background-position":"center center","background-size":"auto","background-attachment":"scroll","background-type":"","background-media":"","overlay-type":"","overlay-color":"","overlay-gradient":""},"tablet":{"background-color":"var(--ast-global-color-5)","background-image":"","background-repeat":"repeat","background-position":"center center","background-size":"auto","background-attachment":"scroll","background-type":"","background-media":"","overlay-type":"","overlay-color":"","overlay-gradient":""},"mobile":{"background-color":"var(--ast-global-color-5)","background-image":"","background-repeat":"repeat","background-position":"center center","background-size":"auto","background-attachment":"scroll","background-type":"","background-media":"","overlay-type":"","overlay-color":"","overlay-gradient":""}},"_joinchat":[],"footnotes":""},"class_list":["post-387","page","type-page","status-publish","hentry"],"yoast_head":"<!-- This site is optimized with the Yoast SEO plugin v24.8.1 - https:\/\/yoast.com\/wordpress\/plugins\/seo\/ -->\n<title>Lloguer de sales de formaci\u00f3 | Business Centers Barcelona<\/title>\n<meta name=\"description\" content=\"Llogar sales per impartir formacions. Lloguer de sala c\u00e8ntrica per formacions profesoinales i educatives, tots els serveis que necessites\" \/>\n<meta name=\"robots\" content=\"index, follow, max-snippet:-1, max-image-preview:large, max-video-preview:-1\" \/>\n<link rel=\"canonical\" href=\"https:\/\/businesscenters.cat\/ca\/serveis\/lloguer-sales-formacio-barcelona\/\" \/>\n<meta property=\"og:locale\" content=\"ca_ES\" \/>\n<meta property=\"og:type\" content=\"article\" \/>\n<meta property=\"og:title\" content=\"Lloguer de sales de formaci\u00f3 | Business Centers Barcelona\" \/>\n<meta property=\"og:description\" content=\"Llogar sales per impartir formacions. Lloguer de sala c\u00e8ntrica per formacions profesoinales i educatives, tots els serveis que necessites\" \/>\n<meta property=\"og:url\" content=\"https:\/\/businesscenters.cat\/ca\/serveis\/lloguer-sales-formacio-barcelona\/\" \/>\n<meta property=\"og:site_name\" content=\"Business Centers Barcelona\" \/>\n<meta property=\"article:modified_time\" content=\"2025-01-13T09:59:47+00:00\" \/>\n<meta name=\"twitter:card\" content=\"summary_large_image\" \/>\n<meta name=\"twitter:label1\" content=\"Temps estimat de lectura\" \/>\n\t<meta name=\"twitter:data1\" content=\"2 minuts\" \/>\n<script type=\"application\/ld+json\" class=\"yoast-schema-graph\">{\"@context\":\"https:\/\/schema.org\",\"@graph\":[{\"@type\":\"WebPage\",\"@id\":\"https:\/\/businesscenters.cat\/ca\/serveis\/lloguer-sales-formacio-barcelona\/\",\"url\":\"https:\/\/businesscenters.cat\/ca\/serveis\/lloguer-sales-formacio-barcelona\/\",\"name\":\"Lloguer de sales de formaci\u00f3 | Business Centers Barcelona\",\"isPartOf\":{\"@id\":\"https:\/\/businesscenters.cat\/ca\/#website\"},\"datePublished\":\"2018-09-05T14:40:34+00:00\",\"dateModified\":\"2025-01-13T09:59:47+00:00\",\"description\":\"Llogar sales per impartir formacions. Lloguer de sala c\u00e8ntrica per formacions profesoinales i educatives, tots els serveis que necessites\",\"breadcrumb\":{\"@id\":\"https:\/\/businesscenters.cat\/ca\/serveis\/lloguer-sales-formacio-barcelona\/#breadcrumb\"},\"inLanguage\":\"ca\",\"potentialAction\":[{\"@type\":\"ReadAction\",\"target\":[\"https:\/\/businesscenters.cat\/ca\/serveis\/lloguer-sales-formacio-barcelona\/\"]}]},{\"@type\":\"BreadcrumbList\",\"@id\":\"https:\/\/businesscenters.cat\/ca\/serveis\/lloguer-sales-formacio-barcelona\/#breadcrumb\",\"itemListElement\":[{\"@type\":\"ListItem\",\"position\":1,\"name\":\"Portada\",\"item\":\"https:\/\/businesscenters.cat\/ca\/\"},{\"@type\":\"ListItem\",\"position\":2,\"name\":\"Servicios\",\"item\":\"https:\/\/businesscenters.cat\/ca\/serveis\/\"},{\"@type\":\"ListItem\",\"position\":3,\"name\":\"lloguer de sales de formaci\u00f3 en Barcelona\"}]},{\"@type\":\"WebSite\",\"@id\":\"https:\/\/businesscenters.cat\/ca\/#website\",\"url\":\"https:\/\/businesscenters.cat\/ca\/\",\"name\":\"Business Centers Barcelona\",\"description\":\"Alquiler de oficinas, despachos y coworking en el centro de Barcelona\",\"publisher\":{\"@id\":\"https:\/\/businesscenters.cat\/ca\/#organization\"},\"potentialAction\":[{\"@type\":\"SearchAction\",\"target\":{\"@type\":\"EntryPoint\",\"urlTemplate\":\"https:\/\/businesscenters.cat\/ca\/?s={search_term_string}\"},\"query-input\":{\"@type\":\"PropertyValueSpecification\",\"valueRequired\":true,\"valueName\":\"search_term_string\"}}],\"inLanguage\":\"ca\"},{\"@type\":\"Organization\",\"@id\":\"https:\/\/businesscenters.cat\/ca\/#organization\",\"name\":\"Business Centers Barcelona\",\"url\":\"https:\/\/businesscenters.cat\/ca\/\",\"logo\":{\"@type\":\"ImageObject\",\"inLanguage\":\"ca\",\"@id\":\"https:\/\/businesscenters.cat\/ca\/#\/schema\/logo\/image\/\",\"url\":\"https:\/\/businesscenters.cat\/wp-content\/uploads\/2018\/09\/business-logo-w.png\",\"contentUrl\":\"https:\/\/businesscenters.cat\/wp-content\/uploads\/2018\/09\/business-logo-w.png\",\"width\":250,\"height\":105,\"caption\":\"Business Centers Barcelona\"},\"image\":{\"@id\":\"https:\/\/businesscenters.cat\/ca\/#\/schema\/logo\/image\/\"}}]}<\/script>\n<!-- \/ Yoast SEO plugin. -->","yoast_head_json":{"title":"Lloguer de sales de formaci\u00f3 | Business Centers Barcelona","description":"Llogar sales per impartir formacions. Lloguer de sala c\u00e8ntrica per formacions profesoinales i educatives, tots els serveis que necessites","robots":{"index":"index","follow":"follow","max-snippet":"max-snippet:-1","max-image-preview":"max-image-preview:large","max-video-preview":"max-video-preview:-1"},"canonical":"https:\/\/businesscenters.cat\/ca\/serveis\/lloguer-sales-formacio-barcelona\/","og_locale":"ca_ES","og_type":"article","og_title":"Lloguer de sales de formaci\u00f3 | Business Centers Barcelona","og_description":"Llogar sales per impartir formacions. Lloguer de sala c\u00e8ntrica per formacions profesoinales i educatives, tots els serveis que necessites","og_url":"https:\/\/businesscenters.cat\/ca\/serveis\/lloguer-sales-formacio-barcelona\/","og_site_name":"Business Centers Barcelona","article_modified_time":"2025-01-13T09:59:47+00:00","twitter_card":"summary_large_image","twitter_misc":{"Temps estimat de lectura":"2 minuts"},"schema":{"@context":"https:\/\/schema.org","@graph":[{"@type":"WebPage","@id":"https:\/\/businesscenters.cat\/ca\/serveis\/lloguer-sales-formacio-barcelona\/","url":"https:\/\/businesscenters.cat\/ca\/serveis\/lloguer-sales-formacio-barcelona\/","name":"Lloguer de sales de formaci\u00f3 | Business Centers Barcelona","isPartOf":{"@id":"https:\/\/businesscenters.cat\/ca\/#website"},"datePublished":"2018-09-05T14:40:34+00:00","dateModified":"2025-01-13T09:59:47+00:00","description":"Llogar sales per impartir formacions. Lloguer de sala c\u00e8ntrica per formacions profesoinales i educatives, tots els serveis que necessites","breadcrumb":{"@id":"https:\/\/businesscenters.cat\/ca\/serveis\/lloguer-sales-formacio-barcelona\/#breadcrumb"},"inLanguage":"ca","potentialAction":[{"@type":"ReadAction","target":["https:\/\/businesscenters.cat\/ca\/serveis\/lloguer-sales-formacio-barcelona\/"]}]},{"@type":"BreadcrumbList","@id":"https:\/\/businesscenters.cat\/ca\/serveis\/lloguer-sales-formacio-barcelona\/#breadcrumb","itemListElement":[{"@type":"ListItem","position":1,"name":"Portada","item":"https:\/\/businesscenters.cat\/ca\/"},{"@type":"ListItem","position":2,"name":"Servicios","item":"https:\/\/businesscenters.cat\/ca\/serveis\/"},{"@type":"ListItem","position":3,"name":"lloguer de sales de formaci\u00f3 en Barcelona"}]},{"@type":"WebSite","@id":"https:\/\/businesscenters.cat\/ca\/#website","url":"https:\/\/businesscenters.cat\/ca\/","name":"Business Centers Barcelona","description":"Alquiler de oficinas, despachos y coworking en el centro de Barcelona","publisher":{"@id":"https:\/\/businesscenters.cat\/ca\/#organization"},"potentialAction":[{"@type":"SearchAction","target":{"@type":"EntryPoint","urlTemplate":"https:\/\/businesscenters.cat\/ca\/?s={search_term_string}"},"query-input":{"@type":"PropertyValueSpecification","valueRequired":true,"valueName":"search_term_string"}}],"inLanguage":"ca"},{"@type":"Organization","@id":"https:\/\/businesscenters.cat\/ca\/#organization","name":"Business Centers Barcelona","url":"https:\/\/businesscenters.cat\/ca\/","logo":{"@type":"ImageObject","inLanguage":"ca","@id":"https:\/\/businesscenters.cat\/ca\/#\/schema\/logo\/image\/","url":"https:\/\/businesscenters.cat\/wp-content\/uploads\/2018\/09\/business-logo-w.png","contentUrl":"https:\/\/businesscenters.cat\/wp-content\/uploads\/2018\/09\/business-logo-w.png","width":250,"height":105,"caption":"Business Centers Barcelona"},"image":{"@id":"https:\/\/businesscenters.cat\/ca\/#\/schema\/logo\/image\/"}}]}},"_links":{"self":[{"href":"https:\/\/businesscenters.cat\/ca\/wp-json\/wp\/v2\/pages\/387","targetHints":{"allow":["GET"]}}],"collection":[{"href":"https:\/\/businesscenters.cat\/ca\/wp-json\/wp\/v2\/pages"}],"about":[{"href":"https:\/\/businesscenters.cat\/ca\/wp-json\/wp\/v2\/types\/page"}],"author":[{"embeddable":true,"href":"https:\/\/businesscenters.cat\/ca\/wp-json\/wp\/v2\/users\/1"}],"replies":[{"embeddable":true,"href":"https:\/\/businesscenters.cat\/ca\/wp-json\/wp\/v2\/comments?post=387"}],"version-history":[{"count":0,"href":"https:\/\/businesscenters.cat\/ca\/wp-json\/wp\/v2\/pages\/387\/revisions"}],"up":[{"embeddable":true,"href":"https:\/\/businesscenters.cat\/ca\/wp-json\/wp\/v2\/pages\/339"}],"wp:attachment":[{"href":"https:\/\/businesscenters.cat\/ca\/wp-json\/wp\/v2\/media?parent=387"}],"curies":[{"name":"wp","href":"https:\/\/api.w.org\/{rel}","templated":true}]}}