{"id":403,"date":"2018-09-05T14:39:22","date_gmt":"2018-09-05T14:39:22","guid":{"rendered":"https:\/\/businesscerters.cat\/servicios\/oficina-virtual-barcelona\/"},"modified":"2023-01-24T12:42:07","modified_gmt":"2023-01-24T11:42:07","slug":"oficina-virtual-barcelona","status":"publish","type":"page","link":"https:\/\/businesscenters.cat\/ca\/serveis\/oficina-virtual-barcelona\/","title":{"rendered":"Oficina virtual a Barcelona"},"content":{"rendered":"\t\t<div data-elementor-type=\"wp-post\" data-elementor-id=\"403\" class=\"elementor elementor-403 elementor-18\" data-elementor-post-type=\"page\">\n\t\t\t\t\t\t<section class=\"elementor-section elementor-top-section elementor-element elementor-element-7fb91cd3 head_page elementor-section-boxed elementor-section-height-default elementor-section-height-default\" data-id=\"7fb91cd3\" data-element_type=\"section\" data-settings=\"{&quot;background_background&quot;:&quot;classic&quot;}\">\n\t\t\t\t\t\t\t<div class=\"elementor-background-overlay\"><\/div>\n\t\t\t\t\t\t\t<div class=\"elementor-container elementor-column-gap-default\">\n\t\t\t\t\t<div class=\"elementor-column elementor-col-100 elementor-top-column elementor-element elementor-element-7acd8299\" data-id=\"7acd8299\" data-element_type=\"column\">\n\t\t\t<div class=\"elementor-widget-wrap elementor-element-populated\">\n\t\t\t\t\t\t<div class=\"elementor-element elementor-element-4c17f4f5 elementor-widget elementor-widget-heading\" data-id=\"4c17f4f5\" data-element_type=\"widget\" data-widget_type=\"heading.default\">\n\t\t\t\t<div class=\"elementor-widget-container\">\n\t\t\t\t\t<h1 class=\"elementor-heading-title elementor-size-default\">La seva oficina virtual a Barcelona<\/h1>\t\t\t\t<\/div>\n\t\t\t\t<\/div>\n\t\t\t\t\t<\/div>\n\t\t<\/div>\n\t\t\t\t\t<\/div>\n\t\t<\/section>\n\t\t\t\t<section class=\"elementor-section elementor-top-section elementor-element elementor-element-6409a2a6 elementor-section-boxed elementor-section-height-default elementor-section-height-default\" data-id=\"6409a2a6\" data-element_type=\"section\">\n\t\t\t\t\t\t<div class=\"elementor-container elementor-column-gap-default\">\n\t\t\t\t\t<div class=\"elementor-column elementor-col-33 elementor-top-column elementor-element elementor-element-75f07412\" data-id=\"75f07412\" data-element_type=\"column\" data-settings=\"{&quot;background_background&quot;:&quot;classic&quot;}\">\n\t\t\t<div class=\"elementor-widget-wrap elementor-element-populated\">\n\t\t\t\t\t\t<div class=\"elementor-element elementor-element-5735a503 elementor-widget elementor-widget-text-editor\" data-id=\"5735a503\" data-element_type=\"widget\" data-widget_type=\"text-editor.default\">\n\t\t\t\t<div class=\"elementor-widget-container\">\n\t\t\t\t\t\t\t\t\t<p>Pot <strong>domiciliar l\u2019adre\u00e7a fiscal i\/o social de la seva empresa<\/strong> a la nostra representativa adre\u00e7a, on rebr\u00e0 la seva correspond\u00e8ncia<\/p><p>Li avisarem dels enviaments oficials i els hi farem arribar pel mitj\u00e0 que ens indiqui, perqu\u00e8 pugui atendre&#8217;ls dins del termini fixat.<\/p><p>Si precisa\u00a0<strong>d&#8217;atenci\u00f3 telef\u00f2nica\u00a0<\/strong>la pot contractar en modalitat simple o personalitzada.<\/p><p>Les seves trucades seran respostes per secret\u00e0ries multiling\u00fces i li seran transferides en l&#8217;acte, al seu m\u00f2bil, a la seva casa o a qualsevol lloc del m\u00f3n. Si no pogu\u00e9s atendre al seu client en aquest moment, prendrien nota del seu missatge.<\/p>\t\t\t\t\t\t\t\t<\/div>\n\t\t\t\t<\/div>\n\t\t\t\t<div class=\"elementor-element elementor-element-7427e75 gallery-spacing-custom elementor-widget elementor-widget-image-gallery\" data-id=\"7427e75\" data-element_type=\"widget\" data-widget_type=\"image-gallery.default\">\n\t\t\t\t<div class=\"elementor-widget-container\">\n\t\t\t\t\t\t\t<div class=\"elementor-image-gallery\">\n\t\t\t<div id='gallery-1' class='gallery galleryid-403 gallery-columns-4 gallery-size-thumbnail'><figure class='gallery-item'>\n\t\t\t<div class='gallery-icon portrait'>\n\t\t\t\t<a data-elementor-open-lightbox=\"yes\" data-elementor-lightbox-slideshow=\"7427e75\" data-elementor-lightbox-title=\"bc_9\" data-e-action-hash=\"#elementor-action%3Aaction%3Dlightbox%26settings%3DeyJpZCI6NTQxOCwidXJsIjoiaHR0cHM6XC9cL2J1c2luZXNzY2VudGVycy5jYXRcL3dwLWNvbnRlbnRcL3VwbG9hZHNcLzIwMjFcLzAzXC9iY185LmpwZyIsInNsaWRlc2hvdyI6Ijc0MjdlNzUifQ%3D%3D\" href='https:\/\/businesscenters.cat\/wp-content\/uploads\/2021\/03\/bc_9.jpg'><img decoding=\"async\" width=\"150\" height=\"150\" src=\"https:\/\/businesscenters.cat\/wp-content\/uploads\/2021\/03\/bc_9-150x150.jpg\" class=\"attachment-thumbnail size-thumbnail\" alt=\"\" \/><\/a>\n\t\t\t<\/div><\/figure><figure class='gallery-item'>\n\t\t\t<div class='gallery-icon portrait'>\n\t\t\t\t<a data-elementor-open-lightbox=\"yes\" data-elementor-lightbox-slideshow=\"7427e75\" data-elementor-lightbox-title=\"bc_8\" data-e-action-hash=\"#elementor-action%3Aaction%3Dlightbox%26settings%3DeyJpZCI6NTQxNSwidXJsIjoiaHR0cHM6XC9cL2J1c2luZXNzY2VudGVycy5jYXRcL3dwLWNvbnRlbnRcL3VwbG9hZHNcLzIwMjFcLzAzXC9iY184LmpwZyIsInNsaWRlc2hvdyI6Ijc0MjdlNzUifQ%3D%3D\" href='https:\/\/businesscenters.cat\/wp-content\/uploads\/2021\/03\/bc_8.jpg'><img decoding=\"async\" width=\"150\" height=\"150\" src=\"https:\/\/businesscenters.cat\/wp-content\/uploads\/2021\/03\/bc_8-150x150.jpg\" class=\"attachment-thumbnail size-thumbnail\" alt=\"\" \/><\/a>\n\t\t\t<\/div><\/figure><figure class='gallery-item'>\n\t\t\t<div class='gallery-icon landscape'>\n\t\t\t\t<a data-elementor-open-lightbox=\"yes\" data-elementor-lightbox-slideshow=\"7427e75\" data-elementor-lightbox-title=\"bc_5\" data-e-action-hash=\"#elementor-action%3Aaction%3Dlightbox%26settings%3DeyJpZCI6NTQwNiwidXJsIjoiaHR0cHM6XC9cL2J1c2luZXNzY2VudGVycy5jYXRcL3dwLWNvbnRlbnRcL3VwbG9hZHNcLzIwMjFcLzAzXC9iY181LmpwZyIsInNsaWRlc2hvdyI6Ijc0MjdlNzUifQ%3D%3D\" href='https:\/\/businesscenters.cat\/wp-content\/uploads\/2021\/03\/bc_5.jpg'><img decoding=\"async\" width=\"150\" height=\"150\" src=\"https:\/\/businesscenters.cat\/wp-content\/uploads\/2021\/03\/bc_5-150x150.jpg\" class=\"attachment-thumbnail size-thumbnail\" alt=\"\" \/><\/a>\n\t\t\t<\/div><\/figure><figure class='gallery-item'>\n\t\t\t<div class='gallery-icon landscape'>\n\t\t\t\t<a data-elementor-open-lightbox=\"yes\" data-elementor-lightbox-slideshow=\"7427e75\" data-elementor-lightbox-title=\"bc_4\" data-e-action-hash=\"#elementor-action%3Aaction%3Dlightbox%26settings%3DeyJpZCI6NTQwMywidXJsIjoiaHR0cHM6XC9cL2J1c2luZXNzY2VudGVycy5jYXRcL3dwLWNvbnRlbnRcL3VwbG9hZHNcLzIwMjFcLzAzXC9iY180LmpwZyIsInNsaWRlc2hvdyI6Ijc0MjdlNzUifQ%3D%3D\" href='https:\/\/businesscenters.cat\/wp-content\/uploads\/2021\/03\/bc_4.jpg'><img loading=\"lazy\" decoding=\"async\" width=\"150\" height=\"150\" src=\"https:\/\/businesscenters.cat\/wp-content\/uploads\/2021\/03\/bc_4-150x150.jpg\" class=\"attachment-thumbnail size-thumbnail\" alt=\"\" \/><\/a>\n\t\t\t<\/div><\/figure><figure class='gallery-item'>\n\t\t\t<div class='gallery-icon landscape'>\n\t\t\t\t<a data-elementor-open-lightbox=\"yes\" data-elementor-lightbox-slideshow=\"7427e75\" data-elementor-lightbox-title=\"bc_1\" data-e-action-hash=\"#elementor-action%3Aaction%3Dlightbox%26settings%3DeyJpZCI6NTM5NCwidXJsIjoiaHR0cHM6XC9cL2J1c2luZXNzY2VudGVycy5jYXRcL3dwLWNvbnRlbnRcL3VwbG9hZHNcLzIwMjFcLzAzXC9iY18xLmpwZyIsInNsaWRlc2hvdyI6Ijc0MjdlNzUifQ%3D%3D\" href='https:\/\/businesscenters.cat\/wp-content\/uploads\/2021\/03\/bc_1.jpg'><img loading=\"lazy\" decoding=\"async\" width=\"150\" height=\"150\" src=\"https:\/\/businesscenters.cat\/wp-content\/uploads\/2021\/03\/bc_1-150x150.jpg\" class=\"attachment-thumbnail size-thumbnail\" alt=\"\" \/><\/a>\n\t\t\t<\/div><\/figure>\n\t\t<\/div>\n\t\t<\/div>\n\t\t\t\t\t\t<\/div>\n\t\t\t\t<\/div>\n\t\t\t\t\t<\/div>\n\t\t<\/div>\n\t\t\t\t<div class=\"elementor-column elementor-col-66 elementor-top-column elementor-element elementor-element-601bdaaa\" data-id=\"601bdaaa\" data-element_type=\"column\">\n\t\t\t<div class=\"elementor-widget-wrap elementor-element-populated\">\n\t\t\t\t\t\t<div class=\"elementor-element elementor-element-41066b2a eael-pricing-content-align-left eael-pricing-button-align-left elementor-widget elementor-widget-eael-pricing-table\" data-id=\"41066b2a\" data-element_type=\"widget\" data-widget_type=\"eael-pricing-table.default\">\n\t\t\t\t<div class=\"elementor-widget-container\">\n\t\t\t\t\t                    <div class=\"eael-pricing style-1\" >\n                <div class=\"eael-pricing-item \">\n                    <div class=\"header\">\n                        <h2 class=\"title\">Oficina virtual<\/h2>\n                    <\/div>\n                    <div class=\"eael-pricing-tag\">\n                        <span class=\"price-tag\"><del class=\"original-price\">\n                    <span class=\"price-currency\"><\/span><\/del>\n                <span class=\"sale-price\">\n                    <span class=\"price-currency\"><\/span>Aquest servei tamb\u00e9 inclou:<\/span><\/span><span class=\"price-period\"><\/span>                    <\/div>\n                    <div class=\"body\">\n                                <ul>\n                            <li class=\"elementor-repeater-item-6264f0c\">\n                    \n                                <span class=\"li-icon\">\n                <i aria-hidden=\"true\" class=\"fas fa-check\"><\/i>            <\/span>\n\n        \n                    <span >Atenci\u00f3 personalitzada de les seves visites.<\/span>\n                    \n                     \n                <\/li>\n                            <li class=\"elementor-repeater-item-329ca46\">\n                    \n                                <span class=\"li-icon\">\n                <i aria-hidden=\"true\" class=\"fas fa-check\"><\/i>            <\/span>\n\n        \n                    <span >Gesti\u00f3 de la seva agenda de visites.<\/span>\n                    \n                     \n                <\/li>\n                            <li class=\"elementor-repeater-item-c1a1d5f\">\n                    \n                                <span class=\"li-icon\">\n                <i aria-hidden=\"true\" class=\"fas fa-check\"><\/i>            <\/span>\n\n        \n                    <span >Utilitzaci\u00f3 de Fax.<\/span>\n                    \n                     \n                <\/li>\n                            <li class=\"elementor-repeater-item-a0ced2b\">\n                    \n                                <span class=\"li-icon\">\n                <i aria-hidden=\"true\" class=\"fas fa-check\"><\/i>            <\/span>\n\n        \n                    <span >Utilitzaci\u00f3 de Despatxos i Sales de Reunions a preus avantatjosos.<\/span>\n                    \n                     \n                <\/li>\n                            <li class=\"elementor-repeater-item-041bbe4\">\n                    \n                                <span class=\"li-icon\">\n                <i aria-hidden=\"true\" class=\"fas fa-check\"><\/i>            <\/span>\n\n        \n                    <span >Connexi\u00f3 a Internet gratis.<\/span>\n                    \n                     \n                <\/li>\n                            <li class=\"elementor-repeater-item-1606e70\">\n                    \n                                <span class=\"li-icon\">\n                <i aria-hidden=\"true\" class=\"fas fa-check\"><\/i>            <\/span>\n\n        \n                    <span >Utilitzaci\u00f3 del nostre businesscenters P.Gr\u00e0cia, aix\u00ed com dels nostres col\u2022laboradors a Madrid.<\/span>\n                    \n                     \n                <\/li>\n                    <\/ul>\n                        <\/div>\n\t                                    <div class=\"footer\">\n                        <a class=\"eael-pricing-button\" href=\"\/ca\/business-center-barcelona-informacio\/\" >\n                                                                                            m\u00e9s informaci\u00f3                                                    <\/a>\n                    <\/div>\n                                    <\/div>\n            <\/div>\n                    \t\t\t\t<\/div>\n\t\t\t\t<\/div>\n\t\t\t\t\t<\/div>\n\t\t<\/div>\n\t\t\t\t\t<\/div>\n\t\t<\/section>\n\t\t\t\t<\/div>\n\t\t","protected":false},"excerpt":{"rendered":"<p>La seva oficina virtual a Barcelona Pot domiciliar l\u2019adre\u00e7a fiscal i\/o social de la seva empresa a la nostra representativa adre\u00e7a, on rebr\u00e0 la seva correspond\u00e8ncia Li avisarem dels enviaments oficials i els hi farem arribar pel mitj\u00e0 que ens indiqui, perqu\u00e8 pugui atendre&#8217;ls dins del termini fixat. Si precisa\u00a0d&#8217;atenci\u00f3 telef\u00f2nica\u00a0la pot contractar en modalitat [&hellip;]<\/p>\n","protected":false},"author":1,"featured_media":0,"parent":339,"menu_order":0,"comment_status":"closed","ping_status":"closed","template":"","meta":{"site-sidebar-layout":"no-sidebar","site-content-layout":"page-builder","ast-site-content-layout":"","site-content-style":"default","site-sidebar-style":"default","ast-global-header-display":"","ast-banner-title-visibility":"","ast-main-header-display":"","ast-hfb-above-header-display":"","ast-hfb-below-header-display":"","ast-hfb-mobile-header-display":"","site-post-title":"disabled","ast-breadcrumbs-content":"","ast-featured-img":"disabled","footer-sml-layout":"","theme-transparent-header-meta":"","adv-header-id-meta":"","stick-header-meta":"","header-above-stick-meta":"","header-main-stick-meta":"","header-below-stick-meta":"","astra-migrate-meta-layouts":"default","ast-page-background-enabled":"default","ast-page-background-meta":{"desktop":{"background-color":"","background-image":"","background-repeat":"repeat","background-position":"center center","background-size":"auto","background-attachment":"scroll","background-type":"","background-media":"","overlay-type":"","overlay-color":"","overlay-gradient":""},"tablet":{"background-color":"","background-image":"","background-repeat":"repeat","background-position":"center center","background-size":"auto","background-attachment":"scroll","background-type":"","background-media":"","overlay-type":"","overlay-color":"","overlay-gradient":""},"mobile":{"background-color":"","background-image":"","background-repeat":"repeat","background-position":"center center","background-size":"auto","background-attachment":"scroll","background-type":"","background-media":"","overlay-type":"","overlay-color":"","overlay-gradient":""}},"ast-content-background-meta":{"desktop":{"background-color":"var(--ast-global-color-5)","background-image":"","background-repeat":"repeat","background-position":"center center","background-size":"auto","background-attachment":"scroll","background-type":"","background-media":"","overlay-type":"","overlay-color":"","overlay-gradient":""},"tablet":{"background-color":"var(--ast-global-color-5)","background-image":"","background-repeat":"repeat","background-position":"center center","background-size":"auto","background-attachment":"scroll","background-type":"","background-media":"","overlay-type":"","overlay-color":"","overlay-gradient":""},"mobile":{"background-color":"var(--ast-global-color-5)","background-image":"","background-repeat":"repeat","background-position":"center center","background-size":"auto","background-attachment":"scroll","background-type":"","background-media":"","overlay-type":"","overlay-color":"","overlay-gradient":""}},"_joinchat":[],"footnotes":""},"class_list":["post-403","page","type-page","status-publish","hentry"],"yoast_head":"<!-- This site is optimized with the Yoast SEO plugin v24.8.1 - https:\/\/yoast.com\/wordpress\/plugins\/seo\/ -->\n<title>Oficina Virtual al centre de Barcelona<\/title>\n<meta name=\"description\" content=\"Disposi d&#039;una oficina virual a Barcelona. Li oferim una domiciliaci\u00f3 social i fiscal de la seva societat i atenci\u00f3 telef\u00f2nica\" \/>\n<meta name=\"robots\" content=\"index, follow, max-snippet:-1, max-image-preview:large, max-video-preview:-1\" \/>\n<link rel=\"canonical\" href=\"https:\/\/businesscenters.cat\/ca\/serveis\/oficina-virtual-barcelona\/\" \/>\n<meta property=\"og:locale\" content=\"ca_ES\" \/>\n<meta property=\"og:type\" content=\"article\" \/>\n<meta property=\"og:title\" content=\"Oficina Virtual al centre de Barcelona\" \/>\n<meta property=\"og:description\" content=\"Disposi d&#039;una oficina virual a Barcelona. Li oferim una domiciliaci\u00f3 social i fiscal de la seva societat i atenci\u00f3 telef\u00f2nica\" \/>\n<meta property=\"og:url\" content=\"https:\/\/businesscenters.cat\/ca\/serveis\/oficina-virtual-barcelona\/\" \/>\n<meta property=\"og:site_name\" content=\"Business Centers Barcelona\" \/>\n<meta property=\"article:modified_time\" content=\"2023-01-24T11:42:07+00:00\" \/>\n<meta property=\"og:image\" content=\"https:\/\/businesscenters.cat\/wp-content\/uploads\/2021\/03\/bc_9-150x150.jpg\" \/>\n<meta name=\"twitter:card\" content=\"summary_large_image\" \/>\n<meta name=\"twitter:label1\" content=\"Temps estimat de lectura\" \/>\n\t<meta name=\"twitter:data1\" content=\"2 minuts\" \/>\n<script type=\"application\/ld+json\" class=\"yoast-schema-graph\">{\"@context\":\"https:\/\/schema.org\",\"@graph\":[{\"@type\":\"WebPage\",\"@id\":\"https:\/\/businesscenters.cat\/ca\/serveis\/oficina-virtual-barcelona\/\",\"url\":\"https:\/\/businesscenters.cat\/ca\/serveis\/oficina-virtual-barcelona\/\",\"name\":\"Oficina Virtual al centre de Barcelona\",\"isPartOf\":{\"@id\":\"https:\/\/businesscenters.cat\/ca\/#website\"},\"primaryImageOfPage\":{\"@id\":\"https:\/\/businesscenters.cat\/ca\/serveis\/oficina-virtual-barcelona\/#primaryimage\"},\"image\":{\"@id\":\"https:\/\/businesscenters.cat\/ca\/serveis\/oficina-virtual-barcelona\/#primaryimage\"},\"thumbnailUrl\":\"https:\/\/businesscenters.cat\/wp-content\/uploads\/2021\/03\/bc_9-150x150.jpg\",\"datePublished\":\"2018-09-05T14:39:22+00:00\",\"dateModified\":\"2023-01-24T11:42:07+00:00\",\"description\":\"Disposi d'una oficina virual a Barcelona. Li oferim una domiciliaci\u00f3 social i fiscal de la seva societat i atenci\u00f3 telef\u00f2nica\",\"breadcrumb\":{\"@id\":\"https:\/\/businesscenters.cat\/ca\/serveis\/oficina-virtual-barcelona\/#breadcrumb\"},\"inLanguage\":\"ca\",\"potentialAction\":[{\"@type\":\"ReadAction\",\"target\":[\"https:\/\/businesscenters.cat\/ca\/serveis\/oficina-virtual-barcelona\/\"]}]},{\"@type\":\"ImageObject\",\"inLanguage\":\"ca\",\"@id\":\"https:\/\/businesscenters.cat\/ca\/serveis\/oficina-virtual-barcelona\/#primaryimage\",\"url\":\"https:\/\/businesscenters.cat\/wp-content\/uploads\/2021\/03\/bc_9-150x150.jpg\",\"contentUrl\":\"https:\/\/businesscenters.cat\/wp-content\/uploads\/2021\/03\/bc_9-150x150.jpg\"},{\"@type\":\"BreadcrumbList\",\"@id\":\"https:\/\/businesscenters.cat\/ca\/serveis\/oficina-virtual-barcelona\/#breadcrumb\",\"itemListElement\":[{\"@type\":\"ListItem\",\"position\":1,\"name\":\"Portada\",\"item\":\"https:\/\/businesscenters.cat\/ca\/\"},{\"@type\":\"ListItem\",\"position\":2,\"name\":\"Servicios\",\"item\":\"https:\/\/businesscenters.cat\/ca\/serveis\/\"},{\"@type\":\"ListItem\",\"position\":3,\"name\":\"Oficina virtual a Barcelona\"}]},{\"@type\":\"WebSite\",\"@id\":\"https:\/\/businesscenters.cat\/ca\/#website\",\"url\":\"https:\/\/businesscenters.cat\/ca\/\",\"name\":\"Business Centers Barcelona\",\"description\":\"Alquiler de oficinas, despachos y coworking en el centro de Barcelona\",\"publisher\":{\"@id\":\"https:\/\/businesscenters.cat\/ca\/#organization\"},\"potentialAction\":[{\"@type\":\"SearchAction\",\"target\":{\"@type\":\"EntryPoint\",\"urlTemplate\":\"https:\/\/businesscenters.cat\/ca\/?s={search_term_string}\"},\"query-input\":{\"@type\":\"PropertyValueSpecification\",\"valueRequired\":true,\"valueName\":\"search_term_string\"}}],\"inLanguage\":\"ca\"},{\"@type\":\"Organization\",\"@id\":\"https:\/\/businesscenters.cat\/ca\/#organization\",\"name\":\"Business Centers Barcelona\",\"url\":\"https:\/\/businesscenters.cat\/ca\/\",\"logo\":{\"@type\":\"ImageObject\",\"inLanguage\":\"ca\",\"@id\":\"https:\/\/businesscenters.cat\/ca\/#\/schema\/logo\/image\/\",\"url\":\"https:\/\/businesscenters.cat\/wp-content\/uploads\/2018\/09\/business-logo-w.png\",\"contentUrl\":\"https:\/\/businesscenters.cat\/wp-content\/uploads\/2018\/09\/business-logo-w.png\",\"width\":250,\"height\":105,\"caption\":\"Business Centers Barcelona\"},\"image\":{\"@id\":\"https:\/\/businesscenters.cat\/ca\/#\/schema\/logo\/image\/\"}}]}<\/script>\n<!-- \/ Yoast SEO plugin. -->","yoast_head_json":{"title":"Oficina Virtual al centre de Barcelona","description":"Disposi d'una oficina virual a Barcelona. Li oferim una domiciliaci\u00f3 social i fiscal de la seva societat i atenci\u00f3 telef\u00f2nica","robots":{"index":"index","follow":"follow","max-snippet":"max-snippet:-1","max-image-preview":"max-image-preview:large","max-video-preview":"max-video-preview:-1"},"canonical":"https:\/\/businesscenters.cat\/ca\/serveis\/oficina-virtual-barcelona\/","og_locale":"ca_ES","og_type":"article","og_title":"Oficina Virtual al centre de Barcelona","og_description":"Disposi d'una oficina virual a Barcelona. Li oferim una domiciliaci\u00f3 social i fiscal de la seva societat i atenci\u00f3 telef\u00f2nica","og_url":"https:\/\/businesscenters.cat\/ca\/serveis\/oficina-virtual-barcelona\/","og_site_name":"Business Centers Barcelona","article_modified_time":"2023-01-24T11:42:07+00:00","og_image":[{"url":"https:\/\/businesscenters.cat\/wp-content\/uploads\/2021\/03\/bc_9-150x150.jpg","type":"","width":"","height":""}],"twitter_card":"summary_large_image","twitter_misc":{"Temps estimat de lectura":"2 minuts"},"schema":{"@context":"https:\/\/schema.org","@graph":[{"@type":"WebPage","@id":"https:\/\/businesscenters.cat\/ca\/serveis\/oficina-virtual-barcelona\/","url":"https:\/\/businesscenters.cat\/ca\/serveis\/oficina-virtual-barcelona\/","name":"Oficina Virtual al centre de Barcelona","isPartOf":{"@id":"https:\/\/businesscenters.cat\/ca\/#website"},"primaryImageOfPage":{"@id":"https:\/\/businesscenters.cat\/ca\/serveis\/oficina-virtual-barcelona\/#primaryimage"},"image":{"@id":"https:\/\/businesscenters.cat\/ca\/serveis\/oficina-virtual-barcelona\/#primaryimage"},"thumbnailUrl":"https:\/\/businesscenters.cat\/wp-content\/uploads\/2021\/03\/bc_9-150x150.jpg","datePublished":"2018-09-05T14:39:22+00:00","dateModified":"2023-01-24T11:42:07+00:00","description":"Disposi d'una oficina virual a Barcelona. Li oferim una domiciliaci\u00f3 social i fiscal de la seva societat i atenci\u00f3 telef\u00f2nica","breadcrumb":{"@id":"https:\/\/businesscenters.cat\/ca\/serveis\/oficina-virtual-barcelona\/#breadcrumb"},"inLanguage":"ca","potentialAction":[{"@type":"ReadAction","target":["https:\/\/businesscenters.cat\/ca\/serveis\/oficina-virtual-barcelona\/"]}]},{"@type":"ImageObject","inLanguage":"ca","@id":"https:\/\/businesscenters.cat\/ca\/serveis\/oficina-virtual-barcelona\/#primaryimage","url":"https:\/\/businesscenters.cat\/wp-content\/uploads\/2021\/03\/bc_9-150x150.jpg","contentUrl":"https:\/\/businesscenters.cat\/wp-content\/uploads\/2021\/03\/bc_9-150x150.jpg"},{"@type":"BreadcrumbList","@id":"https:\/\/businesscenters.cat\/ca\/serveis\/oficina-virtual-barcelona\/#breadcrumb","itemListElement":[{"@type":"ListItem","position":1,"name":"Portada","item":"https:\/\/businesscenters.cat\/ca\/"},{"@type":"ListItem","position":2,"name":"Servicios","item":"https:\/\/businesscenters.cat\/ca\/serveis\/"},{"@type":"ListItem","position":3,"name":"Oficina virtual a Barcelona"}]},{"@type":"WebSite","@id":"https:\/\/businesscenters.cat\/ca\/#website","url":"https:\/\/businesscenters.cat\/ca\/","name":"Business Centers Barcelona","description":"Alquiler de oficinas, despachos y coworking en el centro de Barcelona","publisher":{"@id":"https:\/\/businesscenters.cat\/ca\/#organization"},"potentialAction":[{"@type":"SearchAction","target":{"@type":"EntryPoint","urlTemplate":"https:\/\/businesscenters.cat\/ca\/?s={search_term_string}"},"query-input":{"@type":"PropertyValueSpecification","valueRequired":true,"valueName":"search_term_string"}}],"inLanguage":"ca"},{"@type":"Organization","@id":"https:\/\/businesscenters.cat\/ca\/#organization","name":"Business Centers Barcelona","url":"https:\/\/businesscenters.cat\/ca\/","logo":{"@type":"ImageObject","inLanguage":"ca","@id":"https:\/\/businesscenters.cat\/ca\/#\/schema\/logo\/image\/","url":"https:\/\/businesscenters.cat\/wp-content\/uploads\/2018\/09\/business-logo-w.png","contentUrl":"https:\/\/businesscenters.cat\/wp-content\/uploads\/2018\/09\/business-logo-w.png","width":250,"height":105,"caption":"Business Centers Barcelona"},"image":{"@id":"https:\/\/businesscenters.cat\/ca\/#\/schema\/logo\/image\/"}}]}},"_links":{"self":[{"href":"https:\/\/businesscenters.cat\/ca\/wp-json\/wp\/v2\/pages\/403","targetHints":{"allow":["GET"]}}],"collection":[{"href":"https:\/\/businesscenters.cat\/ca\/wp-json\/wp\/v2\/pages"}],"about":[{"href":"https:\/\/businesscenters.cat\/ca\/wp-json\/wp\/v2\/types\/page"}],"author":[{"embeddable":true,"href":"https:\/\/businesscenters.cat\/ca\/wp-json\/wp\/v2\/users\/1"}],"replies":[{"embeddable":true,"href":"https:\/\/businesscenters.cat\/ca\/wp-json\/wp\/v2\/comments?post=403"}],"version-history":[{"count":0,"href":"https:\/\/businesscenters.cat\/ca\/wp-json\/wp\/v2\/pages\/403\/revisions"}],"up":[{"embeddable":true,"href":"https:\/\/businesscenters.cat\/ca\/wp-json\/wp\/v2\/pages\/339"}],"wp:attachment":[{"href":"https:\/\/businesscenters.cat\/ca\/wp-json\/wp\/v2\/media?parent=403"}],"curies":[{"name":"wp","href":"https:\/\/api.w.org\/{rel}","templated":true}]}}