{"id":1155,"date":"2018-09-18T11:21:41","date_gmt":"2018-09-18T11:21:41","guid":{"rendered":"https:\/\/businesscerters.cat\/?page_id=1155"},"modified":"2025-10-23T13:00:03","modified_gmt":"2025-10-23T11:00:03","slug":"aviso-legal","status":"publish","type":"page","link":"https:\/\/businesscenters.cat\/es\/aviso-legal\/","title":{"rendered":"Aviso legal"},"content":{"rendered":"\t\t<div data-elementor-type=\"wp-post\" data-elementor-id=\"1155\" class=\"elementor elementor-1155\" data-elementor-post-type=\"page\">\n\t\t\t\t\t\t<section class=\"elementor-section elementor-top-section elementor-element elementor-element-960b236 elementor-section-boxed elementor-section-height-default elementor-section-height-default\" data-id=\"960b236\" data-element_type=\"section\" data-settings=\"{&quot;background_background&quot;:&quot;classic&quot;}\">\n\t\t\t\t\t\t<div class=\"elementor-container elementor-column-gap-default\">\n\t\t\t\t\t<div class=\"elementor-column elementor-col-100 elementor-top-column elementor-element elementor-element-12cd97b\" data-id=\"12cd97b\" data-element_type=\"column\">\n\t\t\t<div class=\"elementor-widget-wrap elementor-element-populated\">\n\t\t\t\t\t\t<div class=\"elementor-element elementor-element-eacd18e elementor-widget elementor-widget-heading\" data-id=\"eacd18e\" data-element_type=\"widget\" data-widget_type=\"heading.default\">\n\t\t\t\t<div class=\"elementor-widget-container\">\n\t\t\t\t\t<h1 class=\"elementor-heading-title elementor-size-default\">Aviso legal<\/h1>\t\t\t\t<\/div>\n\t\t\t\t<\/div>\n\t\t\t\t\t<\/div>\n\t\t<\/div>\n\t\t\t\t\t<\/div>\n\t\t<\/section>\n\t\t\t\t<section class=\"elementor-section elementor-top-section elementor-element elementor-element-d63c323 elementor-section-boxed elementor-section-height-default elementor-section-height-default\" data-id=\"d63c323\" data-element_type=\"section\">\n\t\t\t\t\t\t<div class=\"elementor-container elementor-column-gap-default\">\n\t\t\t\t\t<div class=\"elementor-column elementor-col-100 elementor-top-column elementor-element elementor-element-1aae5ce\" data-id=\"1aae5ce\" data-element_type=\"column\">\n\t\t\t<div class=\"elementor-widget-wrap elementor-element-populated\">\n\t\t\t\t\t\t<div class=\"elementor-element elementor-element-fb1f42d elementor-widget elementor-widget-text-editor\" data-id=\"fb1f42d\" data-element_type=\"widget\" data-widget_type=\"text-editor.default\">\n\t\t\t\t<div class=\"elementor-widget-container\">\n\t\t\t\t\t\t\t\t\t<p><strong>Passeig de Gr\u00e0cia\u00a012, 1\u00ba<\/strong><br \/>08007 Barcelona<br \/>Tel. 934 920 350<br \/>Fax. 934 920 351<\/p>\t\t\t\t\t\t\t\t<\/div>\n\t\t\t\t<\/div>\n\t\t\t\t<div class=\"elementor-element elementor-element-4c88e36 elementor-widget elementor-widget-text-editor\" data-id=\"4c88e36\" data-element_type=\"widget\" data-widget_type=\"text-editor.default\">\n\t\t\t\t<div class=\"elementor-widget-container\">\n\t\t\t\t\t\t\t\t\t<h6><strong>DATOS IDENTIFICATIVOS<\/strong><\/h6><p>En cumplimiento con el deber de informaci\u00f3n recogido en art\u00edculo 10 de la Ley 34\/2002, de 11 de julio, de Servicios de la Sociedad de la Informaci\u00f3n y de Comercio Electr\u00f3nico, a continuaci\u00f3n se reflejan los siguientes datos: La empresa titular de <a href=\"https:\/\/businesscenters.cat\/\">https:\/\/businesscenters.cat\/<\/a> es CORCEGA BUSINESS CENTER, S.L. con domicilio en Passeig de Gracia N\u00ba 12 &#8211; 1\u00ba,08007 Barcelona, correo electr\u00f3nico: info@businesscenters.cat, tel\u00e9fono contacto: 93 238 67 10 , con n\u00famero de C.I.F: B62028899, inscrita en el Registro Mercantil de Barcelona en el Tomo 31900, Folio 155, Hoja B-200416INSC 1\u00ba.<\/p><p>\u00a0<\/p><p>CORCEGA BUSINESS CENTER, S.L. es la entidad responsable del Sitio Web y se compromete a cumplir con todos los requisitos nacionales y europeos que regulan el uso de los datos personales de los usuarios.<\/p><p>Este Sitio Web garantiza la protecci\u00f3n y confidencialidad de los datos personales que nos proporcionen de acuerdo con lo dispuesto en el Reglamento General de Protecci\u00f3n de Datos de Car\u00e1cter Personal (UE) 2016\/679 del Parlamento Europeo y del Consejo, de 27 de abril de 2016, en la Ley Org\u00e1nica 3\/2018, de Protecci\u00f3n de Datos Personales y garant\u00eda de los derechos digitales, as\u00ed como en la Ley de Servicios de la Sociedad de la Informaci\u00f3n y Comercio Electr\u00f3nico 34\/2002 de 11 de Julio (LSSI-CE).<\/p><p><strong>2.- Objeto<\/strong><\/p><p>El sitio web facilita a los usuarios del mismo el acceso a informaci\u00f3n y servicios prestados por CORCEGA BUSINESS CENTER, S.L. a aquellas personas u organizaciones interesadas en los mismos.<\/p><p>El acceso y la utilizaci\u00f3n del Sitio Web atribuye la condici\u00f3n de usuario del Sitio Web (en adelante, el \u201cUsuario\u201d) e implica la aceptaci\u00f3n de todas las condiciones incluidas en este Aviso Legal, as\u00ed como de sus modificaciones. La prestaci\u00f3n del servicio del Sitio Web tiene una duraci\u00f3n limitada al momento en el que el Usuario se encuentre conectado al Sitio Web o a alguno de los servicios que a trav\u00e9s del mismo se facilitan. Por tanto, el Usuario debe leer atentamente el presente Aviso Legal en cada una de las ocasiones en que se proponga utilizar el Sitio Web, ya que \u00e9ste y sus condiciones de uso recogidas en el presente Aviso Legal pueden sufrir modificaciones.<\/p><p><strong>3.- Acceso y utilizaci\u00f3n de la web<\/strong><\/p><p>3.1.- Car\u00e1cter gratuito del acceso y utilizaci\u00f3n de la web. El acceso a la web tiene car\u00e1cter gratuito para los usuarios de la misma, salvo en lo relativo al coste de la conexi\u00f3n a trav\u00e9s de la red de telecomunicaciones suministrada por el proveedor de acceso contratado por los usuarios.<\/p><p>3.2.- Registro de usuarios. Con car\u00e1cter general el acceso y utilizaci\u00f3n de la web no exige la previa suscripci\u00f3n o registro de los usuarios de la misma.<\/p><p>3.3.- Los usuarios garantizan y responden, en cualquier caso, de la exactitud, vigencia y autenticidad de los datos personales facilitados, y se comprometen a mantenerlos debidamente actualizados.<\/p><p>Nuestros servicios no est\u00e1n pensados para ser utilizados por menores de edad. Los padres y tutores no deben permitir que los menores de edad a su cargo utilicen nuestros servicios, ya que \u00e9stos s\u00f3lo est\u00e1n destinados al uso por parte de empresas o particulares mayores de edad.<\/p><p>En esta web se respetan y cuidan los datos personales de los usuarios. Como usuario debes saber que tus derechos est\u00e1n garantizados.<\/p><p><strong>4.- Contenidos de la web<\/strong><\/p><p>El idioma utilizado por el titular en la web ser\u00e1 el castellano, CORCEGA BUSINESS CENTER, S.L. no se responsabiliza de la no comprensi\u00f3n o entendimiento del idioma de la web por el usuario, ni de sus consecuencias.<\/p><p>CORCEGA BUSINESS CENTER, S.L. podr\u00e1 modificar los contenidos sin previo aviso, as\u00ed como suprimir y cambiar \u00e9stos dentro de la web, como la forma en que se accede a \u00e9stos, sin justificaci\u00f3n alguna y libremente, no responsabiliz\u00e1ndose de las consecuencias que los mismos puedan ocasionar a los usuarios.<\/p><p>Se proh\u00edbe el uso de los contenidos de la web para promocionar, contratar o divulgar publicidad o informaci\u00f3n propia o de terceras personas sin la autorizaci\u00f3n de CORCEGA BUSINESS CENTER, S.L., ni remitir publicidad o informaci\u00f3n vali\u00e9ndose para ello de los servicios o informaci\u00f3n que se ponen a disposici\u00f3n de los usuarios, independientemente de si la utilizaci\u00f3n es gratuita o no.<\/p><p>Los enlaces o hiperenlaces que incorporen terceros en sus p\u00e1ginas web, dirigidos a esta web, ser\u00e1n para la apertura de la p\u00e1gina web completa, no pudiendo manifestar, directa o indirectamente, indicaciones falsas, inexactas o confusas, ni incurrir en acciones desleales o il\u00edcitas en contra de CORCEGA BUSINESS CENTER, S.L.<\/p><p><strong>5.- Informaci\u00f3n personal y medidas de seguridad<\/strong><\/p><p>Este Sitio Web incluye \u00e1reas en las que se le pide que facilite informaci\u00f3n sobre s\u00ed mismo. Cualquier dato personal que nos proporcione a trav\u00e9s de nuestro sitio web estar\u00e1 sujeto a los t\u00e9rminos de nuestra Pol\u00edtica de Privacidad. Los datos personales comunicados por el usuario podr\u00e1n ser almacenados en bases de datos, cuya titularidad corresponde en exclusiva a CORCEGA BUSINESS CENTER, S.L., asumiendo todas las medidas de \u00edndole t\u00e9cnica, organizativa y de seguridad que garanticen la confidencialidad, integridad y calidad de la informaci\u00f3n contenida en las mismas de acuerdo con lo establecido en las normativas vigentes en materia de protecci\u00f3n de datos de car\u00e1cter personal.<\/p><p><strong>6.- Limitaci\u00f3n de responsabilidad<\/strong><\/p><p>Tanto el acceso a la web como el uso no consentido que pueda efectuarse de la informaci\u00f3n contenida en la misma es de la exclusiva responsabilidad de quien lo realiza. CORCEGA BUSINESS CENTER, S.L. no responder\u00e1 de ninguna consecuencia, da\u00f1o o perjuicio que pudieran derivarse de dicho acceso o uso. CORCEGA BUSINESS CENTER, S.L. no se hace responsable de los errores de seguridad, que se puedan producir ni de los da\u00f1os que puedan causarse al sistema inform\u00e1tico del usuario (hardware y software), o a los ficheros o documentos almacenados en el mismo, como consecuencia de:<\/p><ul><li>la presencia de un virus en el ordenador del usuario que sea utilizado para la conexi\u00f3n a los servicios y contenidos de la web.<\/li><li>un mal funcionamiento del navegador.<\/li><li>y\/o del uso de versiones no actualizadas del mismo.<\/li><\/ul><p>CORCEGA BUSINESS CENTER, S.L. no se hace responsable de la fiabilidad y rapidez de los hiperenlaces que se incorporen en la web para la apertura de otras. CORCEGA BUSINESS CENTER, S.L. no garantiza la utilidad de estos enlaces, ni se responsabiliza de los contenidos o servicios a los que pueda acceder el usuario por medio de estos enlaces, ni del buen funcionamiento de estas webs.<\/p><p>CORCEGA BUSINESS CENTER, S.L. no ser\u00e1 responsable de los virus o dem\u00e1s programas inform\u00e1ticos que deterioren o puedan deteriorar los sistemas o equipos inform\u00e1ticos de los usuarios al acceder a su web u otras webs a las que se haya accedido mediante enlaces de esta web.<\/p><p><strong>7.- Empleo de la tecnolog\u00eda \u00abCookie\u00bb<\/strong><\/p><p>El Sitio Web puede emplear cookies o tecnolog\u00edas similares que se regir\u00e1n por lo establecido en la Pol\u00edtica de Cookies, accesible en todo momento y respetando la confidencialidad e intimidad del usuario, siendo parte integrante del presente Aviso Legal.<\/p><p>\u00a0<strong>8.- Navegaci\u00f3n<\/strong><\/p><p>Los servidores de Internet pueden recoger datos no identificables, que puedan incluir, direcciones IP, y otros datos que no pueden ser utilizados para identificar al usuario. Su direcci\u00f3n IP se almacenar\u00e1 en los logs de acceso de forma autom\u00e1tica y con la \u00fanica finalidad de permitir el tr\u00e1nsito por Internet, siendo necesario que su equipo facilite esta direcci\u00f3n IP cuando navega por Internet para que las comunicaciones puedan realizarse. As\u00ed mismo, la direcci\u00f3n IP podr\u00e1 ser utilizada para realizar estad\u00edsticas, de manera anonimizada, sobre el n\u00famero de visitantes de esta web y su procedencia, de forma totalmente transparente a su navegaci\u00f3n.<\/p><p><strong>9.- Propiedad intelectual e industrial<\/strong><\/p><p>El usuario conoce y acepta que todos los contenidos y\/o cualesquiera otros elementos del sitio web son propiedad de CORCEGA BUSINESS CENTER, S.L., y se compromete a respetar los derechos de propiedad intelectual e industrial titularidad de CORCEGA BUSINESS CENTER, S.L. Cualquier uso de la web o sus contenidos deber\u00e1 tener un car\u00e1cter exclusivamente particular.<\/p><p>Est\u00e1 reservado exclusivamente a CORCEGA BUSINESS CENTER, S.L., cualquier otro uso que suponga la copia, reproducci\u00f3n, distribuci\u00f3n, transformaci\u00f3n, comunicaci\u00f3n p\u00fablica o cualquier otra acci\u00f3n similar, de todo o parte de los contenidos de la web, por lo que ning\u00fan usuario podr\u00e1 llevar a cabo estas acciones sin la autorizaci\u00f3n previa y por escrito de CORCEGA BUSINESS CENTER, S.L.<\/p><p><strong>10.- Legislaci\u00f3n aplicable y jurisdicci\u00f3n competente<\/strong><\/p><p>El presente Aviso Legal se interpretar\u00e1 y regir\u00e1 de conformidad con la legislaci\u00f3n espa\u00f1ola. CORCEGA BUSINESS CENTER, S.L. y los usuarios, con renuncia expresa a cualquier otro fuero que pudiera corresponderles, se someten al de los juzgados y tribunales del domicilio de CORCEGA BUSINESS CENTER, S.L. para cualquier controversia que pudiera derivarse del acceso o uso de la web. En el caso de que el usuario tenga su domicilio fuera de Espa\u00f1a, CORCEGA BUSINESS CENTER, S.L. y el usuario, se someten, con renuncia expresa a cualquier otro fuero, a los juzgados y tribunales de Barcelona.<\/p>\t\t\t\t\t\t\t\t<\/div>\n\t\t\t\t<\/div>\n\t\t\t\t\t<\/div>\n\t\t<\/div>\n\t\t\t\t\t<\/div>\n\t\t<\/section>\n\t\t\t\t<\/div>\n\t\t","protected":false},"excerpt":{"rendered":"<p>Passeig de Gr\u00e0cia\u00a012, 1\u00ba08007 BarcelonaTel. 934 920 350Fax. 934 920 351 DATOS IDENTIFICATIVOS En cumplimiento con el deber de informaci\u00f3n recogido en art\u00edculo 10 de la Ley 34\/2002, de 11 de julio, de Servicios de la Sociedad de la Informaci\u00f3n y de Comercio Electr\u00f3nico, a continuaci\u00f3n se reflejan los siguientes datos: La empresa titular de [&hellip;]<\/p>\n","protected":false},"author":1,"featured_media":0,"parent":0,"menu_order":0,"comment_status":"closed","ping_status":"closed","template":"","meta":{"site-sidebar-layout":"no-sidebar","site-content-layout":"page-builder","ast-site-content-layout":"","site-content-style":"default","site-sidebar-style":"default","ast-global-header-display":"","ast-banner-title-visibility":"","ast-main-header-display":"","ast-hfb-above-header-display":"","ast-hfb-below-header-display":"","ast-hfb-mobile-header-display":"","site-post-title":"disabled","ast-breadcrumbs-content":"","ast-featured-img":"disabled","footer-sml-layout":"","theme-transparent-header-meta":"","adv-header-id-meta":"","stick-header-meta":"","header-above-stick-meta":"","header-main-stick-meta":"","header-below-stick-meta":"","astra-migrate-meta-layouts":"default","ast-page-background-enabled":"default","ast-page-background-meta":{"desktop":{"background-color":"","background-image":"","background-repeat":"repeat","background-position":"center center","background-size":"auto","background-attachment":"scroll","background-type":"","background-media":"","overlay-type":"","overlay-color":"","overlay-gradient":""},"tablet":{"background-color":"","background-image":"","background-repeat":"repeat","background-position":"center center","background-size":"auto","background-attachment":"scroll","background-type":"","background-media":"","overlay-type":"","overlay-color":"","overlay-gradient":""},"mobile":{"background-color":"","background-image":"","background-repeat":"repeat","background-position":"center center","background-size":"auto","background-attachment":"scroll","background-type":"","background-media":"","overlay-type":"","overlay-color":"","overlay-gradient":""}},"ast-content-background-meta":{"desktop":{"background-color":"var(--ast-global-color-5)","background-image":"","background-repeat":"repeat","background-position":"center center","background-size":"auto","background-attachment":"scroll","background-type":"","background-media":"","overlay-type":"","overlay-color":"","overlay-gradient":""},"tablet":{"background-color":"var(--ast-global-color-5)","background-image":"","background-repeat":"repeat","background-position":"center center","background-size":"auto","background-attachment":"scroll","background-type":"","background-media":"","overlay-type":"","overlay-color":"","overlay-gradient":""},"mobile":{"background-color":"var(--ast-global-color-5)","background-image":"","background-repeat":"repeat","background-position":"center center","background-size":"auto","background-attachment":"scroll","background-type":"","background-media":"","overlay-type":"","overlay-color":"","overlay-gradient":""}},"_joinchat":[],"footnotes":""},"class_list":["post-1155","page","type-page","status-publish","hentry"],"yoast_head":"<!-- This site is optimized with the Yoast SEO plugin v24.8.1 - https:\/\/yoast.com\/wordpress\/plugins\/seo\/ -->\n<title>Aviso legal | Business Centers Barcelona<\/title>\n<meta name=\"robots\" content=\"noindex, nofollow\" \/>\n<meta property=\"og:locale\" content=\"es_ES\" \/>\n<meta property=\"og:type\" content=\"article\" \/>\n<meta property=\"og:title\" content=\"Aviso legal | Business Centers Barcelona\" \/>\n<meta property=\"og:description\" content=\"Passeig de Gr\u00e0cia\u00a012, 1\u00ba08007 BarcelonaTel. 934 920 350Fax. 934 920 351 DATOS IDENTIFICATIVOS En cumplimiento con el deber de informaci\u00f3n recogido en art\u00edculo 10 de la Ley 34\/2002, de 11 de julio, de Servicios de la Sociedad de la Informaci\u00f3n y de Comercio Electr\u00f3nico, a continuaci\u00f3n se reflejan los siguientes datos: La empresa titular de [&hellip;]\" \/>\n<meta property=\"og:url\" content=\"https:\/\/businesscenters.cat\/es\/aviso-legal\/\" \/>\n<meta property=\"og:site_name\" content=\"Business Centers Barcelona\" \/>\n<meta property=\"article:modified_time\" content=\"2025-10-23T11:00:03+00:00\" \/>\n<meta name=\"twitter:card\" content=\"summary_large_image\" \/>\n<meta name=\"twitter:label1\" content=\"Tiempo de lectura\" \/>\n\t<meta name=\"twitter:data1\" content=\"7 minutos\" \/>\n<script type=\"application\/ld+json\" class=\"yoast-schema-graph\">{\"@context\":\"https:\/\/schema.org\",\"@graph\":[{\"@type\":\"WebPage\",\"@id\":\"https:\/\/businesscenters.cat\/es\/aviso-legal\/\",\"url\":\"https:\/\/businesscenters.cat\/es\/aviso-legal\/\",\"name\":\"Aviso legal | Business Centers Barcelona\",\"isPartOf\":{\"@id\":\"https:\/\/businesscenters.cat\/es\/#website\"},\"datePublished\":\"2018-09-18T11:21:41+00:00\",\"dateModified\":\"2025-10-23T11:00:03+00:00\",\"breadcrumb\":{\"@id\":\"https:\/\/businesscenters.cat\/es\/aviso-legal\/#breadcrumb\"},\"inLanguage\":\"es\",\"potentialAction\":[{\"@type\":\"ReadAction\",\"target\":[\"https:\/\/businesscenters.cat\/es\/aviso-legal\/\"]}]},{\"@type\":\"BreadcrumbList\",\"@id\":\"https:\/\/businesscenters.cat\/es\/aviso-legal\/#breadcrumb\",\"itemListElement\":[{\"@type\":\"ListItem\",\"position\":1,\"name\":\"Portada\",\"item\":\"https:\/\/businesscenters.cat\/es\/\"},{\"@type\":\"ListItem\",\"position\":2,\"name\":\"Aviso legal\"}]},{\"@type\":\"WebSite\",\"@id\":\"https:\/\/businesscenters.cat\/es\/#website\",\"url\":\"https:\/\/businesscenters.cat\/es\/\",\"name\":\"Business Centers Barcelona\",\"description\":\"Alquiler de oficinas, despachos y coworking en el centro de Barcelona\",\"publisher\":{\"@id\":\"https:\/\/businesscenters.cat\/es\/#organization\"},\"potentialAction\":[{\"@type\":\"SearchAction\",\"target\":{\"@type\":\"EntryPoint\",\"urlTemplate\":\"https:\/\/businesscenters.cat\/es\/?s={search_term_string}\"},\"query-input\":{\"@type\":\"PropertyValueSpecification\",\"valueRequired\":true,\"valueName\":\"search_term_string\"}}],\"inLanguage\":\"es\"},{\"@type\":\"Organization\",\"@id\":\"https:\/\/businesscenters.cat\/es\/#organization\",\"name\":\"Business Centers Barcelona\",\"url\":\"https:\/\/businesscenters.cat\/es\/\",\"logo\":{\"@type\":\"ImageObject\",\"inLanguage\":\"es\",\"@id\":\"https:\/\/businesscenters.cat\/es\/#\/schema\/logo\/image\/\",\"url\":\"https:\/\/businesscenters.cat\/wp-content\/uploads\/2018\/09\/business-logo-w.png\",\"contentUrl\":\"https:\/\/businesscenters.cat\/wp-content\/uploads\/2018\/09\/business-logo-w.png\",\"width\":250,\"height\":105,\"caption\":\"Business Centers Barcelona\"},\"image\":{\"@id\":\"https:\/\/businesscenters.cat\/es\/#\/schema\/logo\/image\/\"}}]}<\/script>\n<!-- \/ Yoast SEO plugin. -->","yoast_head_json":{"title":"Aviso legal | Business Centers Barcelona","robots":{"index":"noindex","follow":"nofollow"},"og_locale":"es_ES","og_type":"article","og_title":"Aviso legal | Business Centers Barcelona","og_description":"Passeig de Gr\u00e0cia\u00a012, 1\u00ba08007 BarcelonaTel. 934 920 350Fax. 934 920 351 DATOS IDENTIFICATIVOS En cumplimiento con el deber de informaci\u00f3n recogido en art\u00edculo 10 de la Ley 34\/2002, de 11 de julio, de Servicios de la Sociedad de la Informaci\u00f3n y de Comercio Electr\u00f3nico, a continuaci\u00f3n se reflejan los siguientes datos: La empresa titular de [&hellip;]","og_url":"https:\/\/businesscenters.cat\/es\/aviso-legal\/","og_site_name":"Business Centers Barcelona","article_modified_time":"2025-10-23T11:00:03+00:00","twitter_card":"summary_large_image","twitter_misc":{"Tiempo de lectura":"7 minutos"},"schema":{"@context":"https:\/\/schema.org","@graph":[{"@type":"WebPage","@id":"https:\/\/businesscenters.cat\/es\/aviso-legal\/","url":"https:\/\/businesscenters.cat\/es\/aviso-legal\/","name":"Aviso legal | Business Centers Barcelona","isPartOf":{"@id":"https:\/\/businesscenters.cat\/es\/#website"},"datePublished":"2018-09-18T11:21:41+00:00","dateModified":"2025-10-23T11:00:03+00:00","breadcrumb":{"@id":"https:\/\/businesscenters.cat\/es\/aviso-legal\/#breadcrumb"},"inLanguage":"es","potentialAction":[{"@type":"ReadAction","target":["https:\/\/businesscenters.cat\/es\/aviso-legal\/"]}]},{"@type":"BreadcrumbList","@id":"https:\/\/businesscenters.cat\/es\/aviso-legal\/#breadcrumb","itemListElement":[{"@type":"ListItem","position":1,"name":"Portada","item":"https:\/\/businesscenters.cat\/es\/"},{"@type":"ListItem","position":2,"name":"Aviso legal"}]},{"@type":"WebSite","@id":"https:\/\/businesscenters.cat\/es\/#website","url":"https:\/\/businesscenters.cat\/es\/","name":"Business Centers Barcelona","description":"Alquiler de oficinas, despachos y coworking en el centro de Barcelona","publisher":{"@id":"https:\/\/businesscenters.cat\/es\/#organization"},"potentialAction":[{"@type":"SearchAction","target":{"@type":"EntryPoint","urlTemplate":"https:\/\/businesscenters.cat\/es\/?s={search_term_string}"},"query-input":{"@type":"PropertyValueSpecification","valueRequired":true,"valueName":"search_term_string"}}],"inLanguage":"es"},{"@type":"Organization","@id":"https:\/\/businesscenters.cat\/es\/#organization","name":"Business Centers Barcelona","url":"https:\/\/businesscenters.cat\/es\/","logo":{"@type":"ImageObject","inLanguage":"es","@id":"https:\/\/businesscenters.cat\/es\/#\/schema\/logo\/image\/","url":"https:\/\/businesscenters.cat\/wp-content\/uploads\/2018\/09\/business-logo-w.png","contentUrl":"https:\/\/businesscenters.cat\/wp-content\/uploads\/2018\/09\/business-logo-w.png","width":250,"height":105,"caption":"Business Centers Barcelona"},"image":{"@id":"https:\/\/businesscenters.cat\/es\/#\/schema\/logo\/image\/"}}]}},"_links":{"self":[{"href":"https:\/\/businesscenters.cat\/es\/wp-json\/wp\/v2\/pages\/1155","targetHints":{"allow":["GET"]}}],"collection":[{"href":"https:\/\/businesscenters.cat\/es\/wp-json\/wp\/v2\/pages"}],"about":[{"href":"https:\/\/businesscenters.cat\/es\/wp-json\/wp\/v2\/types\/page"}],"author":[{"embeddable":true,"href":"https:\/\/businesscenters.cat\/es\/wp-json\/wp\/v2\/users\/1"}],"replies":[{"embeddable":true,"href":"https:\/\/businesscenters.cat\/es\/wp-json\/wp\/v2\/comments?post=1155"}],"version-history":[{"count":0,"href":"https:\/\/businesscenters.cat\/es\/wp-json\/wp\/v2\/pages\/1155\/revisions"}],"wp:attachment":[{"href":"https:\/\/businesscenters.cat\/es\/wp-json\/wp\/v2\/media?parent=1155"}],"curies":[{"name":"wp","href":"https:\/\/api.w.org\/{rel}","templated":true}]}}