{"id":1162,"date":"2018-09-18T13:18:07","date_gmt":"2018-09-18T13:18:07","guid":{"rendered":"https:\/\/businesscerters.cat\/?page_id=1162"},"modified":"2020-11-13T10:17:58","modified_gmt":"2020-11-13T09:17:58","slug":"politica-de-cookies","status":"publish","type":"page","link":"https:\/\/businesscenters.cat\/es\/politica-de-cookies\/","title":{"rendered":"Pol\u00edtica de cookies"},"content":{"rendered":"\t\t<div data-elementor-type=\"wp-post\" data-elementor-id=\"1162\" class=\"elementor elementor-1162\" data-elementor-post-type=\"page\">\n\t\t\t\t\t\t<section class=\"elementor-section elementor-top-section elementor-element elementor-element-9df43ef elementor-section-boxed elementor-section-height-default elementor-section-height-default\" data-id=\"9df43ef\" data-element_type=\"section\" data-settings=\"{&quot;background_background&quot;:&quot;classic&quot;}\">\n\t\t\t\t\t\t<div class=\"elementor-container elementor-column-gap-default\">\n\t\t\t\t\t<div class=\"elementor-column elementor-col-100 elementor-top-column elementor-element elementor-element-6af1520\" data-id=\"6af1520\" data-element_type=\"column\">\n\t\t\t<div class=\"elementor-widget-wrap elementor-element-populated\">\n\t\t\t\t\t\t<div class=\"elementor-element elementor-element-74a3790 elementor-widget elementor-widget-heading\" data-id=\"74a3790\" data-element_type=\"widget\" data-widget_type=\"heading.default\">\n\t\t\t\t<div class=\"elementor-widget-container\">\n\t\t\t\t\t<h1 class=\"elementor-heading-title elementor-size-default\">Pol\u00edtica de cookies<\/h1>\t\t\t\t<\/div>\n\t\t\t\t<\/div>\n\t\t\t\t\t<\/div>\n\t\t<\/div>\n\t\t\t\t\t<\/div>\n\t\t<\/section>\n\t\t\t\t<section class=\"elementor-section elementor-top-section elementor-element elementor-element-4051ac7 elementor-section-boxed elementor-section-height-default elementor-section-height-default\" data-id=\"4051ac7\" data-element_type=\"section\">\n\t\t\t\t\t\t<div class=\"elementor-container elementor-column-gap-default\">\n\t\t\t\t\t<div class=\"elementor-column elementor-col-100 elementor-top-column elementor-element elementor-element-751f97c\" data-id=\"751f97c\" data-element_type=\"column\">\n\t\t\t<div class=\"elementor-widget-wrap elementor-element-populated\">\n\t\t\t\t\t\t<div class=\"elementor-element elementor-element-40cc8dd elementor-widget elementor-widget-text-editor\" data-id=\"40cc8dd\" data-element_type=\"widget\" data-widget_type=\"text-editor.default\">\n\t\t\t\t<div class=\"elementor-widget-container\">\n\t\t\t\t\t\t\t\t\t<div id=\"ja-mainbody\"><div id=\"ja-main\"><div class=\"inner clearfix\"><div id=\"ja-contentwrap\" class=\"clearfix \"><div id=\"ja-content\" class=\"column\"><div id=\"ja-current-content\" class=\"column\"><div id=\"ja-content-main\" class=\"ja-content-main clearfix\"><div class=\"item-page\"><p><b>\u00bfQu\u00e9 son las <\/b><b><i>cookies<\/i><\/b><b>?<\/b><span style=\"font-weight: 400;\"> Una <\/span><i><span style=\"font-weight: 400;\">cookie <\/span><\/i><span style=\"font-weight: 400;\">es un fichero que se descarga en el dispositivo con el que est\u00e1s navegando, cuando accedes a determinadas p\u00e1ginas web. Las <\/span><i><span style=\"font-weight: 400;\">cookies <\/span><\/i><span style=\"font-weight: 400;\">permiten a una p\u00e1gina web, entre otras cosas, almacenar y recuperar informaci\u00f3n sobre los h\u00e1bitos de navegaci\u00f3n de un usuario o de su equipo y, dependiendo de la informaci\u00f3n que contengan y de la forma en que utilice su equipo, pueden utilizarse para reconocer al usuario. Este sitio web utiliza cookies y\/o tecnolog\u00edas similares que almacenan y recuperan informaci\u00f3n cuando navegas. En general, estas tecnolog\u00edas pueden servir para finalidades muy diversas, como, por ejemplo, reconocerte como usuario, obtener informaci\u00f3n sobre tus h\u00e1bitos de navegaci\u00f3n, o personalizar la forma en que se muestra el contenido. Los usos concretos que hacemos de estas tecnolog\u00edas se describen a continuaci\u00f3n.<\/span><\/p><p><b>\u00bfQu\u00e9 tipos de cookies utiliza esta p\u00e1gina web?<\/b><span style=\"font-weight: 400;\">\u00a0<\/span><\/p><ul><li style=\"font-weight: 400;\"><span style=\"font-weight: 400;\">Cookies t\u00e9cnicas: Son aqu\u00e9llas que permiten al usuario la navegaci\u00f3n a trav\u00e9s de una p\u00e1gina web, plataforma o aplicaci\u00f3n y la utilizaci\u00f3n de las diferentes opciones o servicios que en ella existan como, por ejemplo, controlar el tr\u00e1fico y la comunicaci\u00f3n de datos, identificar la sesi\u00f3n, acceder a partes de acceso restringido, recordar los elementos que integran un pedido, realizar el proceso de compra de un pedido, realizar la solicitud de inscripci\u00f3n o participaci\u00f3n en un evento, utilizar elementos de seguridad durante la navegaci\u00f3n, almacenar contenidos para la difusi\u00f3n de videos o sonido o compartir contenidos a trav\u00e9s de redes sociales.\u00a0<\/span><\/li><li style=\"font-weight: 400;\"><span style=\"font-weight: 400;\">Cookies de personalizaci\u00f3n: Son aqu\u00e9llas que permiten al usuario acceder al servicio con algunas caracter\u00edsticas de car\u00e1cter general predefinidas en funci\u00f3n de una serie de criterios en el terminal del usuario como por ejemplo serian el idioma, el tipo de navegador a trav\u00e9s del cual accede al servicio, la configuraci\u00f3n regional desde donde accede al servicio, etc.\u00a0<\/span><\/li><li style=\"font-weight: 400;\"><span style=\"font-weight: 400;\">Cookies de an\u00e1lisis: Son aqu\u00e9llas que permiten al responsable de las mismas, el seguimiento y an\u00e1lisis del comportamiento de los usuarios de los sitios web a los que est\u00e1n vinculadas. La informaci\u00f3n recogida mediante este tipo de cookies se utiliza en la medici\u00f3n de la actividad de los sitios web, aplicaci\u00f3n o plataforma y para la elaboraci\u00f3n de perfiles de navegaci\u00f3n de los usuarios de dichos sitios, aplicaciones y plataformas, con el fin de introducir mejoras en funci\u00f3n del an\u00e1lisis de los datos de uso que hacen los usuarios del servicio.\u00a0<\/span><\/li><li style=\"font-weight: 400;\"><span style=\"font-weight: 400;\">Cookies publicitarias: Son aqu\u00e9llas que permiten la gesti\u00f3n, de la forma m\u00e1s eficaz posible, de los espacios publicitarios que, en su caso, el editor haya incluido en una p\u00e1gina web, aplicaci\u00f3n o plataforma desde la que presta el servicio solicitado en base a criterios como el contenido editado o la frecuencia en la que se muestran los anuncios.\u00a0<\/span><\/li><li style=\"font-weight: 400;\"><span style=\"font-weight: 400;\">Cookies de publicidad comportamental: Son aqu\u00e9llas que permiten la gesti\u00f3n, de la forma m\u00e1s eficaz posible, de los espacios publicitarios que, en su caso, el editor haya incluido en una p\u00e1gina web, aplicaci\u00f3n o plataforma desde la que presta el servicio solicitado. Estas cookies almacenan informaci\u00f3n del comportamiento de los usuarios obtenida a trav\u00e9s de la observaci\u00f3n continuada de sus h\u00e1bitos de navegaci\u00f3n, lo que permite desarrollar un perfil espec\u00edfico para mostrar publicidad en funci\u00f3n del mismo.<\/span><\/li><\/ul><p><b>\u00bfQu\u00e9 Cookies utilizamos en nuestros productos Web?<\/b><\/p><p><span style=\"font-weight: 400;\">A continuaci\u00f3n informamos y te pedimos permiso para ejecutar las siguientes cookies propias o de servicios que nos prestan complementos de terceros. La mayor\u00eda de navegadores generalmente te permitir\u00e1n cambiar las caracter\u00edsticas de tu navegador para que \u00e9ste no acepte estas \u201ccookies\u201d, pero si realizas esta acci\u00f3n, por favor ten en cuenta que el sitio web o algunas partes del sitio web no funcionar\u00e1n correctamente.<\/span><\/p><ol><li><span style=\"font-weight: 400;\">a) Cookies propias Funcionales y de Seguridad<\/span><\/li><li><span style=\"font-weight: 400;\">b) Cookies de Tercero<\/span><\/li><\/ol><p><span style=\"font-weight: 400;\">Son cookies servidas y administradas por prestadores de servicios publicitarios y\/o de an\u00e1lisis ajenos al responsable de este sitio web.<\/span><\/p><p><span style=\"font-weight: 400;\">Estas cookies permiten la gesti\u00f3n eficaz y adaptada a las preferencias del usuario de campa\u00f1as publicitarias e informativas. Pueden almacenar informaci\u00f3n del comportamiento de los usuarios de este sitio web para desarrollar un perfil espec\u00edfico para mostrar publicidad en funci\u00f3n de sus intereses.<\/span><\/p><p><span style=\"font-weight: 400;\">A continuaci\u00f3n se detallan tanto los terceros que pueden configurar y acceder a cookies de su equipo (no exentas de informaci\u00f3n y consentimiento), como enlaces a la pol\u00edtica de privacidad de estos proveedores:<\/span><\/p><ul><li style=\"font-weight: 400;\"><span style=\"font-weight: 400;\">Google: Para obtener m\u00e1s informaci\u00f3n, lea <\/span><a href=\"http:\/\/www.pgredir.es\/10.asp\"><span style=\"font-weight: 400;\">Tipos de cookies que utiliza Google<\/span><\/a><\/li><li style=\"font-weight: 400;\"><span style=\"font-weight: 400;\">Twitter: Para obtener m\u00e1s informaci\u00f3n, lea la <\/span><a href=\"http:\/\/www.pgredir.es\/11.asp\"><span style=\"font-weight: 400;\">pol\u00edtica de privacidad de Twitter<\/span><\/a><span style=\"font-weight: 400;\">.<\/span><\/li><li style=\"font-weight: 400;\"><span style=\"font-weight: 400;\">Youtube\/Google: Para obtener m\u00e1s informaci\u00f3n, lea <\/span><a href=\"http:\/\/www.pgredir.es\/10.asp\"><span style=\"font-weight: 400;\">Tipos de cookies que utiliza Google<\/span><\/a><\/li><li style=\"font-weight: 400;\"><span style=\"font-weight: 400;\">Facebook: Puede consultar <\/span><a href=\"http:\/\/www.pgredir.es\/12.asp\"><span style=\"font-weight: 400;\">informaci\u00f3n sobre c\u00f3mo emplea Facebook sus cookies<\/span><\/a><span style=\"font-weight: 400;\">.<\/span><\/li><\/ul><p><b>\u00bfC\u00f3mo gestionar las cookies?<\/b><\/p><p><span style=\"font-weight: 400;\">Puede gestionar las cookies de este sitio web mediante el <\/span><b>panel de configuraci\u00f3n de cookies<\/b><span style=\"font-weight: 400;\"> que se ha dispuesto para tal efecto.<\/span><\/p><p><span style=\"font-weight: 400;\">En algunos navegadores puede configurar reglas para administrar cookies por sitio, lo que le ofrece un control m\u00e1s preciso sobre su privacidad. Esto significa que puede inhabilitar cookies de todos los sitios salvo de aquellos en los que conf\u00ede. Por tanto, usted puede permitir, bloquear o eliminar las cookies instaladas en su equipo mediante la configuraci\u00f3n de las opciones del navegador instalado en su ordenador:<\/span><\/p><p><span style=\"font-weight: 400;\">Chrome, consulte: <\/span><a href=\"http:\/\/www.pgredir.es\/03.asp\"><span style=\"font-weight: 400;\">Administraci\u00f3n de cookies en Chrome<\/span><\/a><\/p><p><span style=\"font-weight: 400;\">Explorer, consulte: <\/span><a href=\"http:\/\/www.pgredir.es\/04.asp\"><span style=\"font-weight: 400;\">Administraci\u00f3n de cookies en Internet Explorer<\/span><\/a><\/p><p><span style=\"font-weight: 400;\">Firefox, consulte: <\/span><a href=\"http:\/\/www.pgredir.es\/05.asp\"><span style=\"font-weight: 400;\">Administraci\u00f3n de cookies en Firefox<\/span><\/a><\/p><p><span style=\"font-weight: 400;\">Safari, consulte: <\/span><a href=\"http:\/\/www.pgredir.es\/06.asp\"><span style=\"font-weight: 400;\">Administraci\u00f3n de cookies en Safari<\/span><\/a><\/p><p><span style=\"font-weight: 400;\">Opera, consulte: <\/span><a href=\"http:\/\/www.pgredir.es\/07.asp\"><span style=\"font-weight: 400;\">Administraci\u00f3n de cookies en Opera<\/span><\/a><\/p><p><span style=\"font-weight: 400;\">Safari (iOS), consulte: <\/span><a href=\"http:\/\/www.pgredir.es\/08.asp\"><span style=\"font-weight: 400;\">Administraci\u00f3n de cookies en Safari (iOS)<\/span><\/a><\/p><p><span style=\"font-weight: 400;\">Chrome (Android) consulte: <\/span><a href=\"http:\/\/www.pgredir.es\/09.asp\"><span style=\"font-weight: 400;\">Administraci\u00f3n de cookies en Chrome (Android)<\/span><\/a><\/p><p><span style=\"font-weight: 400;\">Recuerde que puede eliminar todas las cookies, incluyendo las cookies de terceros, borrando los datos de navegaci\u00f3n y cach\u00e9 de su navegador para ello consulte el siguiente <\/span><a href=\"https:\/\/www.google.es\/search?sxsrf=ACYBGNQo0ybg4LH1OeZ6ke1PoIbuOkoClg%3A1582020926067&amp;ei=PrlLXrbWA9-KjLsPj_mNqAw&amp;q=como+borrar+las+cookies&amp;oq=como+borrar+las+cookies&amp;gs_l=psy-ab.3..0i71l8.246913.248473..248973...0.3..0.0.0.......0....1..gws-wiz.HQvnqe5sE_c\"><span style=\"font-weight: 400;\">enlace<\/span><\/a><\/p><p><span style=\"font-weight: 400;\">Otra de las funciones de todos los navegadores es el modo inc\u00f3gnito o navegaci\u00f3n privada. Puede navegar en modo de inc\u00f3gnito cuando no quiera que sus visitas a sitios web o sus descargas se registren en los historiales de navegaci\u00f3n y descargas. Las cookies creadas en modo de inc\u00f3gnito se eliminan despu\u00e9s de cerrar todas las ventanas de inc\u00f3gnito.<\/span><\/p><\/div><\/div><\/div><\/div><\/div><\/div><\/div><\/div>\t\t\t\t\t\t\t\t<\/div>\n\t\t\t\t<\/div>\n\t\t\t\t\t<\/div>\n\t\t<\/div>\n\t\t\t\t\t<\/div>\n\t\t<\/section>\n\t\t\t\t<\/div>\n\t\t","protected":false},"excerpt":{"rendered":"<p>\u00bfQu\u00e9 son las cookies? Una cookie es un fichero que se descarga en el dispositivo con el que est\u00e1s navegando, cuando accedes a determinadas p\u00e1ginas web. Las cookies permiten a una p\u00e1gina web, entre otras cosas, almacenar y recuperar informaci\u00f3n sobre los h\u00e1bitos de navegaci\u00f3n de un usuario o de su equipo y, dependiendo de [&hellip;]<\/p>\n","protected":false},"author":1,"featured_media":0,"parent":0,"menu_order":0,"comment_status":"closed","ping_status":"closed","template":"","meta":{"site-sidebar-layout":"no-sidebar","site-content-layout":"page-builder","ast-site-content-layout":"","site-content-style":"default","site-sidebar-style":"default","ast-global-header-display":"","ast-banner-title-visibility":"","ast-main-header-display":"","ast-hfb-above-header-display":"","ast-hfb-below-header-display":"","ast-hfb-mobile-header-display":"","site-post-title":"disabled","ast-breadcrumbs-content":"","ast-featured-img":"disabled","footer-sml-layout":"","theme-transparent-header-meta":"","adv-header-id-meta":"","stick-header-meta":"","header-above-stick-meta":"","header-main-stick-meta":"","header-below-stick-meta":"","astra-migrate-meta-layouts":"default","ast-page-background-enabled":"default","ast-page-background-meta":{"desktop":{"background-color":"","background-image":"","background-repeat":"repeat","background-position":"center center","background-size":"auto","background-attachment":"scroll","background-type":"","background-media":"","overlay-type":"","overlay-color":"","overlay-gradient":""},"tablet":{"background-color":"","background-image":"","background-repeat":"repeat","background-position":"center center","background-size":"auto","background-attachment":"scroll","background-type":"","background-media":"","overlay-type":"","overlay-color":"","overlay-gradient":""},"mobile":{"background-color":"","background-image":"","background-repeat":"repeat","background-position":"center center","background-size":"auto","background-attachment":"scroll","background-type":"","background-media":"","overlay-type":"","overlay-color":"","overlay-gradient":""}},"ast-content-background-meta":{"desktop":{"background-color":"var(--ast-global-color-5)","background-image":"","background-repeat":"repeat","background-position":"center center","background-size":"auto","background-attachment":"scroll","background-type":"","background-media":"","overlay-type":"","overlay-color":"","overlay-gradient":""},"tablet":{"background-color":"var(--ast-global-color-5)","background-image":"","background-repeat":"repeat","background-position":"center center","background-size":"auto","background-attachment":"scroll","background-type":"","background-media":"","overlay-type":"","overlay-color":"","overlay-gradient":""},"mobile":{"background-color":"var(--ast-global-color-5)","background-image":"","background-repeat":"repeat","background-position":"center center","background-size":"auto","background-attachment":"scroll","background-type":"","background-media":"","overlay-type":"","overlay-color":"","overlay-gradient":""}},"_joinchat":[],"footnotes":""},"class_list":["post-1162","page","type-page","status-publish","hentry"],"yoast_head":"<!-- This site is optimized with the Yoast SEO plugin v24.8.1 - https:\/\/yoast.com\/wordpress\/plugins\/seo\/ -->\n<title>Pol\u00edtica de cookies | Business Centers Barcelona<\/title>\n<meta name=\"description\" content=\"Pol\u00edtica de cookies de la web de centros de negocios en Barcelona businesscenters.cat . Alquier de despacho, oficinas y coworking en el centro de Barcelona\" \/>\n<meta name=\"robots\" content=\"noindex, nofollow\" \/>\n<meta property=\"og:locale\" content=\"es_ES\" \/>\n<meta property=\"og:type\" content=\"article\" \/>\n<meta property=\"og:title\" content=\"Pol\u00edtica de cookies | Business Centers Barcelona\" \/>\n<meta property=\"og:description\" content=\"Pol\u00edtica de cookies de la web de centros de negocios en Barcelona businesscenters.cat . Alquier de despacho, oficinas y coworking en el centro de Barcelona\" \/>\n<meta property=\"og:url\" content=\"https:\/\/businesscenters.cat\/es\/politica-de-cookies\/\" \/>\n<meta property=\"og:site_name\" content=\"Business Centers Barcelona\" \/>\n<meta property=\"article:modified_time\" content=\"2020-11-13T09:17:58+00:00\" \/>\n<meta name=\"twitter:card\" content=\"summary_large_image\" \/>\n<meta name=\"twitter:label1\" content=\"Tiempo de lectura\" \/>\n\t<meta name=\"twitter:data1\" content=\"5 minutos\" \/>\n<script type=\"application\/ld+json\" class=\"yoast-schema-graph\">{\"@context\":\"https:\/\/schema.org\",\"@graph\":[{\"@type\":\"WebPage\",\"@id\":\"https:\/\/businesscenters.cat\/es\/politica-de-cookies\/\",\"url\":\"https:\/\/businesscenters.cat\/es\/politica-de-cookies\/\",\"name\":\"Pol\u00edtica de cookies | Business Centers Barcelona\",\"isPartOf\":{\"@id\":\"https:\/\/businesscenters.cat\/es\/#website\"},\"datePublished\":\"2018-09-18T13:18:07+00:00\",\"dateModified\":\"2020-11-13T09:17:58+00:00\",\"description\":\"Pol\u00edtica de cookies de la web de centros de negocios en Barcelona businesscenters.cat . Alquier de despacho, oficinas y coworking en el centro de Barcelona\",\"breadcrumb\":{\"@id\":\"https:\/\/businesscenters.cat\/es\/politica-de-cookies\/#breadcrumb\"},\"inLanguage\":\"es\",\"potentialAction\":[{\"@type\":\"ReadAction\",\"target\":[\"https:\/\/businesscenters.cat\/es\/politica-de-cookies\/\"]}]},{\"@type\":\"BreadcrumbList\",\"@id\":\"https:\/\/businesscenters.cat\/es\/politica-de-cookies\/#breadcrumb\",\"itemListElement\":[{\"@type\":\"ListItem\",\"position\":1,\"name\":\"Portada\",\"item\":\"https:\/\/businesscenters.cat\/es\/\"},{\"@type\":\"ListItem\",\"position\":2,\"name\":\"Pol\u00edtica de cookies\"}]},{\"@type\":\"WebSite\",\"@id\":\"https:\/\/businesscenters.cat\/es\/#website\",\"url\":\"https:\/\/businesscenters.cat\/es\/\",\"name\":\"Business Centers Barcelona\",\"description\":\"Alquiler de oficinas, despachos y coworking en el centro de Barcelona\",\"publisher\":{\"@id\":\"https:\/\/businesscenters.cat\/es\/#organization\"},\"potentialAction\":[{\"@type\":\"SearchAction\",\"target\":{\"@type\":\"EntryPoint\",\"urlTemplate\":\"https:\/\/businesscenters.cat\/es\/?s={search_term_string}\"},\"query-input\":{\"@type\":\"PropertyValueSpecification\",\"valueRequired\":true,\"valueName\":\"search_term_string\"}}],\"inLanguage\":\"es\"},{\"@type\":\"Organization\",\"@id\":\"https:\/\/businesscenters.cat\/es\/#organization\",\"name\":\"Business Centers Barcelona\",\"url\":\"https:\/\/businesscenters.cat\/es\/\",\"logo\":{\"@type\":\"ImageObject\",\"inLanguage\":\"es\",\"@id\":\"https:\/\/businesscenters.cat\/es\/#\/schema\/logo\/image\/\",\"url\":\"https:\/\/businesscenters.cat\/wp-content\/uploads\/2018\/09\/business-logo-w.png\",\"contentUrl\":\"https:\/\/businesscenters.cat\/wp-content\/uploads\/2018\/09\/business-logo-w.png\",\"width\":250,\"height\":105,\"caption\":\"Business Centers Barcelona\"},\"image\":{\"@id\":\"https:\/\/businesscenters.cat\/es\/#\/schema\/logo\/image\/\"}}]}<\/script>\n<!-- \/ Yoast SEO plugin. -->","yoast_head_json":{"title":"Pol\u00edtica de cookies | Business Centers Barcelona","description":"Pol\u00edtica de cookies de la web de centros de negocios en Barcelona businesscenters.cat . Alquier de despacho, oficinas y coworking en el centro de Barcelona","robots":{"index":"noindex","follow":"nofollow"},"og_locale":"es_ES","og_type":"article","og_title":"Pol\u00edtica de cookies | Business Centers Barcelona","og_description":"Pol\u00edtica de cookies de la web de centros de negocios en Barcelona businesscenters.cat . Alquier de despacho, oficinas y coworking en el centro de Barcelona","og_url":"https:\/\/businesscenters.cat\/es\/politica-de-cookies\/","og_site_name":"Business Centers Barcelona","article_modified_time":"2020-11-13T09:17:58+00:00","twitter_card":"summary_large_image","twitter_misc":{"Tiempo de lectura":"5 minutos"},"schema":{"@context":"https:\/\/schema.org","@graph":[{"@type":"WebPage","@id":"https:\/\/businesscenters.cat\/es\/politica-de-cookies\/","url":"https:\/\/businesscenters.cat\/es\/politica-de-cookies\/","name":"Pol\u00edtica de cookies | Business Centers Barcelona","isPartOf":{"@id":"https:\/\/businesscenters.cat\/es\/#website"},"datePublished":"2018-09-18T13:18:07+00:00","dateModified":"2020-11-13T09:17:58+00:00","description":"Pol\u00edtica de cookies de la web de centros de negocios en Barcelona businesscenters.cat . Alquier de despacho, oficinas y coworking en el centro de Barcelona","breadcrumb":{"@id":"https:\/\/businesscenters.cat\/es\/politica-de-cookies\/#breadcrumb"},"inLanguage":"es","potentialAction":[{"@type":"ReadAction","target":["https:\/\/businesscenters.cat\/es\/politica-de-cookies\/"]}]},{"@type":"BreadcrumbList","@id":"https:\/\/businesscenters.cat\/es\/politica-de-cookies\/#breadcrumb","itemListElement":[{"@type":"ListItem","position":1,"name":"Portada","item":"https:\/\/businesscenters.cat\/es\/"},{"@type":"ListItem","position":2,"name":"Pol\u00edtica de cookies"}]},{"@type":"WebSite","@id":"https:\/\/businesscenters.cat\/es\/#website","url":"https:\/\/businesscenters.cat\/es\/","name":"Business Centers Barcelona","description":"Alquiler de oficinas, despachos y coworking en el centro de Barcelona","publisher":{"@id":"https:\/\/businesscenters.cat\/es\/#organization"},"potentialAction":[{"@type":"SearchAction","target":{"@type":"EntryPoint","urlTemplate":"https:\/\/businesscenters.cat\/es\/?s={search_term_string}"},"query-input":{"@type":"PropertyValueSpecification","valueRequired":true,"valueName":"search_term_string"}}],"inLanguage":"es"},{"@type":"Organization","@id":"https:\/\/businesscenters.cat\/es\/#organization","name":"Business Centers Barcelona","url":"https:\/\/businesscenters.cat\/es\/","logo":{"@type":"ImageObject","inLanguage":"es","@id":"https:\/\/businesscenters.cat\/es\/#\/schema\/logo\/image\/","url":"https:\/\/businesscenters.cat\/wp-content\/uploads\/2018\/09\/business-logo-w.png","contentUrl":"https:\/\/businesscenters.cat\/wp-content\/uploads\/2018\/09\/business-logo-w.png","width":250,"height":105,"caption":"Business Centers Barcelona"},"image":{"@id":"https:\/\/businesscenters.cat\/es\/#\/schema\/logo\/image\/"}}]}},"_links":{"self":[{"href":"https:\/\/businesscenters.cat\/es\/wp-json\/wp\/v2\/pages\/1162","targetHints":{"allow":["GET"]}}],"collection":[{"href":"https:\/\/businesscenters.cat\/es\/wp-json\/wp\/v2\/pages"}],"about":[{"href":"https:\/\/businesscenters.cat\/es\/wp-json\/wp\/v2\/types\/page"}],"author":[{"embeddable":true,"href":"https:\/\/businesscenters.cat\/es\/wp-json\/wp\/v2\/users\/1"}],"replies":[{"embeddable":true,"href":"https:\/\/businesscenters.cat\/es\/wp-json\/wp\/v2\/comments?post=1162"}],"version-history":[{"count":0,"href":"https:\/\/businesscenters.cat\/es\/wp-json\/wp\/v2\/pages\/1162\/revisions"}],"wp:attachment":[{"href":"https:\/\/businesscenters.cat\/es\/wp-json\/wp\/v2\/media?parent=1162"}],"curies":[{"name":"wp","href":"https:\/\/api.w.org\/{rel}","templated":true}]}}