{"id":16,"date":"2018-09-05T14:38:51","date_gmt":"2018-09-05T14:38:51","guid":{"rendered":"https:\/\/businesscerters.cat\/?page_id=16"},"modified":"2023-07-26T14:53:12","modified_gmt":"2023-07-26T12:53:12","slug":"salas-reuniones-barcelona","status":"publish","type":"page","link":"https:\/\/businesscenters.cat\/es\/servicios\/salas-reuniones-barcelona\/","title":{"rendered":"Salas de Reuniones en Barcelona"},"content":{"rendered":"\t\t<div data-elementor-type=\"wp-post\" data-elementor-id=\"16\" class=\"elementor elementor-16\" data-elementor-post-type=\"page\">\n\t\t\t\t\t\t<section class=\"elementor-section elementor-top-section elementor-element elementor-element-2c22484f head_page elementor-section-boxed elementor-section-height-default elementor-section-height-default\" data-id=\"2c22484f\" data-element_type=\"section\" data-settings=\"{&quot;background_background&quot;:&quot;classic&quot;}\">\n\t\t\t\t\t\t\t<div class=\"elementor-background-overlay\"><\/div>\n\t\t\t\t\t\t\t<div class=\"elementor-container elementor-column-gap-default\">\n\t\t\t\t\t<div class=\"elementor-column elementor-col-100 elementor-top-column elementor-element elementor-element-144506fb\" data-id=\"144506fb\" data-element_type=\"column\">\n\t\t\t<div class=\"elementor-widget-wrap elementor-element-populated\">\n\t\t\t\t\t\t<div class=\"elementor-element elementor-element-3753aef elementor-widget elementor-widget-heading\" data-id=\"3753aef\" data-element_type=\"widget\" data-widget_type=\"heading.default\">\n\t\t\t\t<div class=\"elementor-widget-container\">\n\t\t\t\t\t<h1 class=\"elementor-heading-title elementor-size-default\">Salas de reuniones en Barcelona<\/h1>\t\t\t\t<\/div>\n\t\t\t\t<\/div>\n\t\t\t\t\t<\/div>\n\t\t<\/div>\n\t\t\t\t\t<\/div>\n\t\t<\/section>\n\t\t\t\t<section class=\"elementor-section elementor-top-section elementor-element elementor-element-1aa49aa7 elementor-section-boxed elementor-section-height-default elementor-section-height-default\" data-id=\"1aa49aa7\" data-element_type=\"section\">\n\t\t\t\t\t\t<div class=\"elementor-container elementor-column-gap-default\">\n\t\t\t\t\t<div class=\"elementor-column elementor-col-33 elementor-top-column elementor-element elementor-element-5fd68fac\" data-id=\"5fd68fac\" data-element_type=\"column\" data-settings=\"{&quot;background_background&quot;:&quot;classic&quot;}\">\n\t\t\t<div class=\"elementor-widget-wrap elementor-element-populated\">\n\t\t\t\t\t\t<div class=\"elementor-element elementor-element-8f03516 elementor-widget elementor-widget-text-editor\" data-id=\"8f03516\" data-element_type=\"widget\" data-widget_type=\"text-editor.default\">\n\t\t\t\t<div class=\"elementor-widget-container\">\n\t\t\t\t\t\t\t\t\t<p>Tiene la posibilidad de llevar a cabo sus <strong>reuniones de trabajo<\/strong> de forma profesional,en nuestras salas de reuniones que tienen capacidad para acoger entre 4 y 14 personas.<\/p><p>La ubicaci\u00f3n de nuestro centro, as\u00ed como el equipamiento de la sala, le permitir\u00e1 llevar a cabo sus reuniones o presentaciones con total garant\u00eda de \u00e9xito.<\/p>\t\t\t\t\t\t\t\t<\/div>\n\t\t\t\t<\/div>\n\t\t\t\t<div class=\"elementor-element elementor-element-4ee58041 elementor-widget elementor-widget-heading\" data-id=\"4ee58041\" data-element_type=\"widget\" data-widget_type=\"heading.default\">\n\t\t\t\t<div class=\"elementor-widget-container\">\n\t\t\t\t\t<h3 class=\"elementor-heading-title elementor-size-default\">Sala de reuniones en P. Gr\u00e0cia<\/h3>\t\t\t\t<\/div>\n\t\t\t\t<\/div>\n\t\t\t\t<div class=\"elementor-element elementor-element-1cbef60c gallery-spacing-custom elementor-widget elementor-widget-image-gallery\" data-id=\"1cbef60c\" data-element_type=\"widget\" data-widget_type=\"image-gallery.default\">\n\t\t\t\t<div class=\"elementor-widget-container\">\n\t\t\t\t\t\t\t<div class=\"elementor-image-gallery\">\n\t\t\t<div id='gallery-1' class='gallery galleryid-16 gallery-columns-4 gallery-size-thumbnail'><figure class='gallery-item'>\n\t\t\t<div class='gallery-icon landscape'>\n\t\t\t\t<a data-elementor-open-lightbox=\"yes\" data-elementor-lightbox-slideshow=\"1cbef60c\" data-elementor-lightbox-title=\"salas-de-reuniones-paseo-gracia-2\" data-e-action-hash=\"#elementor-action%3Aaction%3Dlightbox%26settings%3DeyJpZCI6MTc1LCJ1cmwiOiJodHRwczpcL1wvYnVzaW5lc3NjZW50ZXJzLmNhdFwvd3AtY29udGVudFwvdXBsb2Fkc1wvMjAxOFwvMDlcL3NhbGFzLWRlLXJldW5pb25lcy1wYXNlby1ncmFjaWEtMi1lMTU2MDUxMjAwNjg2OC5qcGciLCJzbGlkZXNob3ciOiIxY2JlZjYwYyJ9\" href='https:\/\/businesscenters.cat\/wp-content\/uploads\/2018\/09\/salas-de-reuniones-paseo-gracia-2-e1560512006868.jpg'><img decoding=\"async\" width=\"150\" height=\"150\" src=\"https:\/\/businesscenters.cat\/wp-content\/uploads\/2018\/09\/salas-de-reuniones-paseo-gracia-2-150x150.jpg\" class=\"attachment-thumbnail size-thumbnail\" alt=\"\" \/><\/a>\n\t\t\t<\/div><\/figure><figure class='gallery-item'>\n\t\t\t<div class='gallery-icon landscape'>\n\t\t\t\t<a data-elementor-open-lightbox=\"yes\" data-elementor-lightbox-slideshow=\"1cbef60c\" data-elementor-lightbox-title=\"PG-6\" data-e-action-hash=\"#elementor-action%3Aaction%3Dlightbox%26settings%3DeyJpZCI6NjIwOSwidXJsIjoiaHR0cHM6XC9cL2J1c2luZXNzY2VudGVycy5jYXRcL3dwLWNvbnRlbnRcL3VwbG9hZHNcLzIwMjJcLzA5XC9QRy02LTEuanBnIiwic2xpZGVzaG93IjoiMWNiZWY2MGMifQ%3D%3D\" href='https:\/\/businesscenters.cat\/wp-content\/uploads\/2022\/09\/PG-6-1.jpg'><img decoding=\"async\" width=\"150\" height=\"150\" src=\"https:\/\/businesscenters.cat\/wp-content\/uploads\/2022\/09\/PG-6-1-150x150.jpg\" class=\"attachment-thumbnail size-thumbnail\" alt=\"\" \/><\/a>\n\t\t\t<\/div><\/figure><figure class='gallery-item'>\n\t\t\t<div class='gallery-icon landscape'>\n\t\t\t\t<a data-elementor-open-lightbox=\"yes\" data-elementor-lightbox-slideshow=\"1cbef60c\" data-elementor-lightbox-title=\"PG-7\" data-e-action-hash=\"#elementor-action%3Aaction%3Dlightbox%26settings%3DeyJpZCI6NjIxMiwidXJsIjoiaHR0cHM6XC9cL2J1c2luZXNzY2VudGVycy5jYXRcL3dwLWNvbnRlbnRcL3VwbG9hZHNcLzIwMjJcLzA5XC9QRy03LTQuanBnIiwic2xpZGVzaG93IjoiMWNiZWY2MGMifQ%3D%3D\" href='https:\/\/businesscenters.cat\/wp-content\/uploads\/2022\/09\/PG-7-4.jpg'><img decoding=\"async\" width=\"150\" height=\"150\" src=\"https:\/\/businesscenters.cat\/wp-content\/uploads\/2022\/09\/PG-7-4-150x150.jpg\" class=\"attachment-thumbnail size-thumbnail\" alt=\"\" \/><\/a>\n\t\t\t<\/div><\/figure><figure class='gallery-item'>\n\t\t\t<div class='gallery-icon landscape'>\n\t\t\t\t<a data-elementor-open-lightbox=\"yes\" data-elementor-lightbox-slideshow=\"1cbef60c\" data-elementor-lightbox-title=\"PG-8\" data-e-action-hash=\"#elementor-action%3Aaction%3Dlightbox%26settings%3DeyJpZCI6NjIxNSwidXJsIjoiaHR0cHM6XC9cL2J1c2luZXNzY2VudGVycy5jYXRcL3dwLWNvbnRlbnRcL3VwbG9hZHNcLzIwMjJcLzA5XC9QRy04LTEuanBnIiwic2xpZGVzaG93IjoiMWNiZWY2MGMifQ%3D%3D\" href='https:\/\/businesscenters.cat\/wp-content\/uploads\/2022\/09\/PG-8-1.jpg'><img loading=\"lazy\" decoding=\"async\" width=\"150\" height=\"150\" src=\"https:\/\/businesscenters.cat\/wp-content\/uploads\/2022\/09\/PG-8-1-150x150.jpg\" class=\"attachment-thumbnail size-thumbnail\" alt=\"\" \/><\/a>\n\t\t\t<\/div><\/figure><figure class='gallery-item'>\n\t\t\t<div class='gallery-icon landscape'>\n\t\t\t\t<a data-elementor-open-lightbox=\"yes\" data-elementor-lightbox-slideshow=\"1cbef60c\" data-elementor-lightbox-title=\"PG-25\" data-e-action-hash=\"#elementor-action%3Aaction%3Dlightbox%26settings%3DeyJpZCI6NjI2NiwidXJsIjoiaHR0cHM6XC9cL2J1c2luZXNzY2VudGVycy5jYXRcL3dwLWNvbnRlbnRcL3VwbG9hZHNcLzIwMjJcLzA5XC9QRy0yNS0xLmpwZyIsInNsaWRlc2hvdyI6IjFjYmVmNjBjIn0%3D\" href='https:\/\/businesscenters.cat\/wp-content\/uploads\/2022\/09\/PG-25-1.jpg'><img loading=\"lazy\" decoding=\"async\" width=\"150\" height=\"150\" src=\"https:\/\/businesscenters.cat\/wp-content\/uploads\/2022\/09\/PG-25-1-150x150.jpg\" class=\"attachment-thumbnail size-thumbnail\" alt=\"\" \/><\/a>\n\t\t\t<\/div><\/figure><figure class='gallery-item'>\n\t\t\t<div class='gallery-icon landscape'>\n\t\t\t\t<a data-elementor-open-lightbox=\"yes\" data-elementor-lightbox-slideshow=\"1cbef60c\" data-elementor-lightbox-title=\"PG-24\" data-e-action-hash=\"#elementor-action%3Aaction%3Dlightbox%26settings%3DeyJpZCI6NjI2MywidXJsIjoiaHR0cHM6XC9cL2J1c2luZXNzY2VudGVycy5jYXRcL3dwLWNvbnRlbnRcL3VwbG9hZHNcLzIwMjJcLzA5XC9QRy0yNC0xLmpwZyIsInNsaWRlc2hvdyI6IjFjYmVmNjBjIn0%3D\" href='https:\/\/businesscenters.cat\/wp-content\/uploads\/2022\/09\/PG-24-1.jpg'><img loading=\"lazy\" decoding=\"async\" width=\"150\" height=\"150\" src=\"https:\/\/businesscenters.cat\/wp-content\/uploads\/2022\/09\/PG-24-1-150x150.jpg\" class=\"attachment-thumbnail size-thumbnail\" alt=\"\" \/><\/a>\n\t\t\t<\/div><\/figure><figure class='gallery-item'>\n\t\t\t<div class='gallery-icon landscape'>\n\t\t\t\t<a data-elementor-open-lightbox=\"yes\" data-elementor-lightbox-slideshow=\"1cbef60c\" data-elementor-lightbox-title=\"PG-26\" data-e-action-hash=\"#elementor-action%3Aaction%3Dlightbox%26settings%3DeyJpZCI6NjI2OSwidXJsIjoiaHR0cHM6XC9cL2J1c2luZXNzY2VudGVycy5jYXRcL3dwLWNvbnRlbnRcL3VwbG9hZHNcLzIwMjJcLzA5XC9QRy0yNi0xLmpwZyIsInNsaWRlc2hvdyI6IjFjYmVmNjBjIn0%3D\" href='https:\/\/businesscenters.cat\/wp-content\/uploads\/2022\/09\/PG-26-1.jpg'><img loading=\"lazy\" decoding=\"async\" width=\"150\" height=\"150\" src=\"https:\/\/businesscenters.cat\/wp-content\/uploads\/2022\/09\/PG-26-1-150x150.jpg\" class=\"attachment-thumbnail size-thumbnail\" alt=\"\" \/><\/a>\n\t\t\t<\/div><\/figure>\n\t\t<\/div>\n\t\t<\/div>\n\t\t\t\t\t\t<\/div>\n\t\t\t\t<\/div>\n\t\t\t\t\t<\/div>\n\t\t<\/div>\n\t\t\t\t<div class=\"elementor-column elementor-col-66 elementor-top-column elementor-element elementor-element-3e696d00\" data-id=\"3e696d00\" data-element_type=\"column\">\n\t\t\t<div class=\"elementor-widget-wrap elementor-element-populated\">\n\t\t\t\t\t\t<div class=\"elementor-element elementor-element-6bbb740d eael-pricing-content-align-left eael-pricing-button-align-left elementor-widget elementor-widget-eael-pricing-table\" data-id=\"6bbb740d\" data-element_type=\"widget\" data-widget_type=\"eael-pricing-table.default\">\n\t\t\t\t<div class=\"elementor-widget-container\">\n\t\t\t\t\t                    <div class=\"eael-pricing style-1\" >\n                <div class=\"eael-pricing-item \">\n                    <div class=\"header\">\n                        <h2 class=\"title\">Sala de Reuniones<\/h2>\n                    <\/div>\n                    <div class=\"eael-pricing-tag\">\n                        <span class=\"price-tag\"><del class=\"original-price\">\n                    <span class=\"price-currency\"><\/span><\/del>\n                <span class=\"sale-price\">\n                    <span class=\"price-currency\"><\/span>En ellas dispondr\u00e1 de:<\/span><\/span><span class=\"price-period\"><\/span>                    <\/div>\n                    <div class=\"body\">\n                                <ul>\n                            <li class=\"elementor-repeater-item-6264f0c\">\n                    \n                                <span class=\"li-icon\">\n                <i class=\"fa fa-check\"><\/i>            <\/span>\n\n        \n                    <span >Equipos de TV, Video y DVD<\/span>\n                    \n                     \n                <\/li>\n                            <li class=\"elementor-repeater-item-329ca46\">\n                    \n                                <span class=\"li-icon\">\n                <i class=\"fa fa-check\"><\/i>            <\/span>\n\n        \n                    <span >Papel Flip Chart \/ Vileda<\/span>\n                    \n                     \n                <\/li>\n                            <li class=\"elementor-repeater-item-c1a1d5f\">\n                    \n                                <span class=\"li-icon\">\n                <i class=\"fa fa-check\"><\/i>            <\/span>\n\n        \n                    <span >Videoproyector y Proyector transparencias<\/span>\n                    \n                     \n                <\/li>\n                            <li class=\"elementor-repeater-item-a0ced2b\">\n                    \n                                <span class=\"li-icon\">\n                <i class=\"fa fa-check\"><\/i>            <\/span>\n\n        \n                    <span >Conexi\u00f3n a internet cable\/wifi<\/span>\n                    \n                     \n                <\/li>\n                            <li class=\"elementor-repeater-item-041bbe4\">\n                    \n                                <span class=\"li-icon\">\n                <i class=\"fa fa-check\"><\/i>            <\/span>\n\n        \n                    <span >Tel\u00e9fono con manos libres<\/span>\n                    \n                     \n                <\/li>\n                            <li class=\"elementor-repeater-item-1606e70\">\n                    \n                                <span class=\"li-icon\">\n                <i class=\"fa fa-check\"><\/i>            <\/span>\n\n        \n                    <span >Servicio de Bar<\/span>\n                    \n                     \n                <\/li>\n                    <\/ul>\n                        <\/div>\n\t                                    <div class=\"footer\">\n                        <a class=\"eael-pricing-button\" href=\"\/es\/business-center-barcelona-informacion\/\" >\n                                                                                            m\u00e1s informaci\u00f3n                                                    <\/a>\n                    <\/div>\n                                    <\/div>\n            <\/div>\n                    \t\t\t\t<\/div>\n\t\t\t\t<\/div>\n\t\t\t\t\t<\/div>\n\t\t<\/div>\n\t\t\t\t\t<\/div>\n\t\t<\/section>\n\t\t\t\t<\/div>\n\t\t","protected":false},"excerpt":{"rendered":"<p>Salas de reuniones en Barcelona Tiene la posibilidad de llevar a cabo sus reuniones de trabajo de forma profesional,en nuestras salas de reuniones que tienen capacidad para acoger entre 4 y 14 personas. La ubicaci\u00f3n de nuestro centro, as\u00ed como el equipamiento de la sala, le permitir\u00e1 llevar a cabo sus reuniones o presentaciones con [&hellip;]<\/p>\n","protected":false},"author":1,"featured_media":0,"parent":12,"menu_order":0,"comment_status":"closed","ping_status":"closed","template":"","meta":{"site-sidebar-layout":"no-sidebar","site-content-layout":"page-builder","ast-site-content-layout":"","site-content-style":"default","site-sidebar-style":"default","ast-global-header-display":"","ast-banner-title-visibility":"","ast-main-header-display":"","ast-hfb-above-header-display":"","ast-hfb-below-header-display":"","ast-hfb-mobile-header-display":"","site-post-title":"disabled","ast-breadcrumbs-content":"","ast-featured-img":"disabled","footer-sml-layout":"","theme-transparent-header-meta":"","adv-header-id-meta":"","stick-header-meta":"","header-above-stick-meta":"","header-main-stick-meta":"","header-below-stick-meta":"","astra-migrate-meta-layouts":"default","ast-page-background-enabled":"default","ast-page-background-meta":{"desktop":{"background-color":"","background-image":"","background-repeat":"repeat","background-position":"center center","background-size":"auto","background-attachment":"scroll","background-type":"","background-media":"","overlay-type":"","overlay-color":"","overlay-gradient":""},"tablet":{"background-color":"","background-image":"","background-repeat":"repeat","background-position":"center center","background-size":"auto","background-attachment":"scroll","background-type":"","background-media":"","overlay-type":"","overlay-color":"","overlay-gradient":""},"mobile":{"background-color":"","background-image":"","background-repeat":"repeat","background-position":"center center","background-size":"auto","background-attachment":"scroll","background-type":"","background-media":"","overlay-type":"","overlay-color":"","overlay-gradient":""}},"ast-content-background-meta":{"desktop":{"background-color":"var(--ast-global-color-5)","background-image":"","background-repeat":"repeat","background-position":"center center","background-size":"auto","background-attachment":"scroll","background-type":"","background-media":"","overlay-type":"","overlay-color":"","overlay-gradient":""},"tablet":{"background-color":"var(--ast-global-color-5)","background-image":"","background-repeat":"repeat","background-position":"center center","background-size":"auto","background-attachment":"scroll","background-type":"","background-media":"","overlay-type":"","overlay-color":"","overlay-gradient":""},"mobile":{"background-color":"var(--ast-global-color-5)","background-image":"","background-repeat":"repeat","background-position":"center center","background-size":"auto","background-attachment":"scroll","background-type":"","background-media":"","overlay-type":"","overlay-color":"","overlay-gradient":""}},"_joinchat":[],"footnotes":""},"class_list":["post-16","page","type-page","status-publish","hentry"],"yoast_head":"<!-- This site is optimized with the Yoast SEO plugin v24.8.1 - https:\/\/yoast.com\/wordpress\/plugins\/seo\/ -->\n<title>Salas de Reuniones en Barcelona | Business Centers Barcelona<\/title>\n<meta name=\"description\" content=\"Reciba a sus clientes en salas de reuniones totalmente equipadas en el centro de Barcelona, con todo el equipamiento necesario | Business Centers Barcelona\" \/>\n<meta name=\"robots\" content=\"index, follow, max-snippet:-1, max-image-preview:large, max-video-preview:-1\" \/>\n<link rel=\"canonical\" href=\"https:\/\/businesscenters.cat\/es\/servicios\/salas-reuniones-barcelona\/\" \/>\n<meta property=\"og:locale\" content=\"es_ES\" \/>\n<meta property=\"og:type\" content=\"article\" \/>\n<meta property=\"og:title\" content=\"Salas de Reuniones en Barcelona | Business Centers Barcelona\" \/>\n<meta property=\"og:description\" content=\"Reciba a sus clientes en salas de reuniones totalmente equipadas en el centro de Barcelona, con todo el equipamiento necesario | Business Centers Barcelona\" \/>\n<meta property=\"og:url\" content=\"https:\/\/businesscenters.cat\/es\/servicios\/salas-reuniones-barcelona\/\" \/>\n<meta property=\"og:site_name\" content=\"Business Centers Barcelona\" \/>\n<meta property=\"article:modified_time\" content=\"2023-07-26T12:53:12+00:00\" \/>\n<meta property=\"og:image\" content=\"https:\/\/businesscenters.cat\/wp-content\/uploads\/2018\/09\/salas-de-reuniones-paseo-gracia-2-150x150.jpg\" \/>\n<meta name=\"twitter:card\" content=\"summary_large_image\" \/>\n<meta name=\"twitter:label1\" content=\"Tiempo de lectura\" \/>\n\t<meta name=\"twitter:data1\" content=\"2 minutos\" \/>\n<script type=\"application\/ld+json\" class=\"yoast-schema-graph\">{\"@context\":\"https:\/\/schema.org\",\"@graph\":[{\"@type\":\"WebPage\",\"@id\":\"https:\/\/businesscenters.cat\/es\/servicios\/salas-reuniones-barcelona\/\",\"url\":\"https:\/\/businesscenters.cat\/es\/servicios\/salas-reuniones-barcelona\/\",\"name\":\"Salas de Reuniones en Barcelona | Business Centers Barcelona\",\"isPartOf\":{\"@id\":\"https:\/\/businesscenters.cat\/es\/#website\"},\"primaryImageOfPage\":{\"@id\":\"https:\/\/businesscenters.cat\/es\/servicios\/salas-reuniones-barcelona\/#primaryimage\"},\"image\":{\"@id\":\"https:\/\/businesscenters.cat\/es\/servicios\/salas-reuniones-barcelona\/#primaryimage\"},\"thumbnailUrl\":\"https:\/\/businesscenters.cat\/wp-content\/uploads\/2018\/09\/salas-de-reuniones-paseo-gracia-2-150x150.jpg\",\"datePublished\":\"2018-09-05T14:38:51+00:00\",\"dateModified\":\"2023-07-26T12:53:12+00:00\",\"description\":\"Reciba a sus clientes en salas de reuniones totalmente equipadas en el centro de Barcelona, con todo el equipamiento necesario | Business Centers Barcelona\",\"breadcrumb\":{\"@id\":\"https:\/\/businesscenters.cat\/es\/servicios\/salas-reuniones-barcelona\/#breadcrumb\"},\"inLanguage\":\"es\",\"potentialAction\":[{\"@type\":\"ReadAction\",\"target\":[\"https:\/\/businesscenters.cat\/es\/servicios\/salas-reuniones-barcelona\/\"]}]},{\"@type\":\"ImageObject\",\"inLanguage\":\"es\",\"@id\":\"https:\/\/businesscenters.cat\/es\/servicios\/salas-reuniones-barcelona\/#primaryimage\",\"url\":\"https:\/\/businesscenters.cat\/wp-content\/uploads\/2018\/09\/salas-de-reuniones-paseo-gracia-2-150x150.jpg\",\"contentUrl\":\"https:\/\/businesscenters.cat\/wp-content\/uploads\/2018\/09\/salas-de-reuniones-paseo-gracia-2-150x150.jpg\"},{\"@type\":\"BreadcrumbList\",\"@id\":\"https:\/\/businesscenters.cat\/es\/servicios\/salas-reuniones-barcelona\/#breadcrumb\",\"itemListElement\":[{\"@type\":\"ListItem\",\"position\":1,\"name\":\"Portada\",\"item\":\"https:\/\/businesscenters.cat\/es\/\"},{\"@type\":\"ListItem\",\"position\":2,\"name\":\"Servicios\",\"item\":\"https:\/\/businesscenters.cat\/es\/servicios\/\"},{\"@type\":\"ListItem\",\"position\":3,\"name\":\"Salas de Reuniones en Barcelona\"}]},{\"@type\":\"WebSite\",\"@id\":\"https:\/\/businesscenters.cat\/es\/#website\",\"url\":\"https:\/\/businesscenters.cat\/es\/\",\"name\":\"Business Centers Barcelona\",\"description\":\"Alquiler de oficinas, despachos y coworking en el centro de Barcelona\",\"publisher\":{\"@id\":\"https:\/\/businesscenters.cat\/es\/#organization\"},\"potentialAction\":[{\"@type\":\"SearchAction\",\"target\":{\"@type\":\"EntryPoint\",\"urlTemplate\":\"https:\/\/businesscenters.cat\/es\/?s={search_term_string}\"},\"query-input\":{\"@type\":\"PropertyValueSpecification\",\"valueRequired\":true,\"valueName\":\"search_term_string\"}}],\"inLanguage\":\"es\"},{\"@type\":\"Organization\",\"@id\":\"https:\/\/businesscenters.cat\/es\/#organization\",\"name\":\"Business Centers Barcelona\",\"url\":\"https:\/\/businesscenters.cat\/es\/\",\"logo\":{\"@type\":\"ImageObject\",\"inLanguage\":\"es\",\"@id\":\"https:\/\/businesscenters.cat\/es\/#\/schema\/logo\/image\/\",\"url\":\"https:\/\/businesscenters.cat\/wp-content\/uploads\/2018\/09\/business-logo-w.png\",\"contentUrl\":\"https:\/\/businesscenters.cat\/wp-content\/uploads\/2018\/09\/business-logo-w.png\",\"width\":250,\"height\":105,\"caption\":\"Business Centers Barcelona\"},\"image\":{\"@id\":\"https:\/\/businesscenters.cat\/es\/#\/schema\/logo\/image\/\"}}]}<\/script>\n<!-- \/ Yoast SEO plugin. -->","yoast_head_json":{"title":"Salas de Reuniones en Barcelona | Business Centers Barcelona","description":"Reciba a sus clientes en salas de reuniones totalmente equipadas en el centro de Barcelona, con todo el equipamiento necesario | Business Centers Barcelona","robots":{"index":"index","follow":"follow","max-snippet":"max-snippet:-1","max-image-preview":"max-image-preview:large","max-video-preview":"max-video-preview:-1"},"canonical":"https:\/\/businesscenters.cat\/es\/servicios\/salas-reuniones-barcelona\/","og_locale":"es_ES","og_type":"article","og_title":"Salas de Reuniones en Barcelona | Business Centers Barcelona","og_description":"Reciba a sus clientes en salas de reuniones totalmente equipadas en el centro de Barcelona, con todo el equipamiento necesario | Business Centers Barcelona","og_url":"https:\/\/businesscenters.cat\/es\/servicios\/salas-reuniones-barcelona\/","og_site_name":"Business Centers Barcelona","article_modified_time":"2023-07-26T12:53:12+00:00","og_image":[{"url":"https:\/\/businesscenters.cat\/wp-content\/uploads\/2018\/09\/salas-de-reuniones-paseo-gracia-2-150x150.jpg","type":"","width":"","height":""}],"twitter_card":"summary_large_image","twitter_misc":{"Tiempo de lectura":"2 minutos"},"schema":{"@context":"https:\/\/schema.org","@graph":[{"@type":"WebPage","@id":"https:\/\/businesscenters.cat\/es\/servicios\/salas-reuniones-barcelona\/","url":"https:\/\/businesscenters.cat\/es\/servicios\/salas-reuniones-barcelona\/","name":"Salas de Reuniones en Barcelona | Business Centers Barcelona","isPartOf":{"@id":"https:\/\/businesscenters.cat\/es\/#website"},"primaryImageOfPage":{"@id":"https:\/\/businesscenters.cat\/es\/servicios\/salas-reuniones-barcelona\/#primaryimage"},"image":{"@id":"https:\/\/businesscenters.cat\/es\/servicios\/salas-reuniones-barcelona\/#primaryimage"},"thumbnailUrl":"https:\/\/businesscenters.cat\/wp-content\/uploads\/2018\/09\/salas-de-reuniones-paseo-gracia-2-150x150.jpg","datePublished":"2018-09-05T14:38:51+00:00","dateModified":"2023-07-26T12:53:12+00:00","description":"Reciba a sus clientes en salas de reuniones totalmente equipadas en el centro de Barcelona, con todo el equipamiento necesario | Business Centers Barcelona","breadcrumb":{"@id":"https:\/\/businesscenters.cat\/es\/servicios\/salas-reuniones-barcelona\/#breadcrumb"},"inLanguage":"es","potentialAction":[{"@type":"ReadAction","target":["https:\/\/businesscenters.cat\/es\/servicios\/salas-reuniones-barcelona\/"]}]},{"@type":"ImageObject","inLanguage":"es","@id":"https:\/\/businesscenters.cat\/es\/servicios\/salas-reuniones-barcelona\/#primaryimage","url":"https:\/\/businesscenters.cat\/wp-content\/uploads\/2018\/09\/salas-de-reuniones-paseo-gracia-2-150x150.jpg","contentUrl":"https:\/\/businesscenters.cat\/wp-content\/uploads\/2018\/09\/salas-de-reuniones-paseo-gracia-2-150x150.jpg"},{"@type":"BreadcrumbList","@id":"https:\/\/businesscenters.cat\/es\/servicios\/salas-reuniones-barcelona\/#breadcrumb","itemListElement":[{"@type":"ListItem","position":1,"name":"Portada","item":"https:\/\/businesscenters.cat\/es\/"},{"@type":"ListItem","position":2,"name":"Servicios","item":"https:\/\/businesscenters.cat\/es\/servicios\/"},{"@type":"ListItem","position":3,"name":"Salas de Reuniones en Barcelona"}]},{"@type":"WebSite","@id":"https:\/\/businesscenters.cat\/es\/#website","url":"https:\/\/businesscenters.cat\/es\/","name":"Business Centers Barcelona","description":"Alquiler de oficinas, despachos y coworking en el centro de Barcelona","publisher":{"@id":"https:\/\/businesscenters.cat\/es\/#organization"},"potentialAction":[{"@type":"SearchAction","target":{"@type":"EntryPoint","urlTemplate":"https:\/\/businesscenters.cat\/es\/?s={search_term_string}"},"query-input":{"@type":"PropertyValueSpecification","valueRequired":true,"valueName":"search_term_string"}}],"inLanguage":"es"},{"@type":"Organization","@id":"https:\/\/businesscenters.cat\/es\/#organization","name":"Business Centers Barcelona","url":"https:\/\/businesscenters.cat\/es\/","logo":{"@type":"ImageObject","inLanguage":"es","@id":"https:\/\/businesscenters.cat\/es\/#\/schema\/logo\/image\/","url":"https:\/\/businesscenters.cat\/wp-content\/uploads\/2018\/09\/business-logo-w.png","contentUrl":"https:\/\/businesscenters.cat\/wp-content\/uploads\/2018\/09\/business-logo-w.png","width":250,"height":105,"caption":"Business Centers Barcelona"},"image":{"@id":"https:\/\/businesscenters.cat\/es\/#\/schema\/logo\/image\/"}}]}},"_links":{"self":[{"href":"https:\/\/businesscenters.cat\/es\/wp-json\/wp\/v2\/pages\/16","targetHints":{"allow":["GET"]}}],"collection":[{"href":"https:\/\/businesscenters.cat\/es\/wp-json\/wp\/v2\/pages"}],"about":[{"href":"https:\/\/businesscenters.cat\/es\/wp-json\/wp\/v2\/types\/page"}],"author":[{"embeddable":true,"href":"https:\/\/businesscenters.cat\/es\/wp-json\/wp\/v2\/users\/1"}],"replies":[{"embeddable":true,"href":"https:\/\/businesscenters.cat\/es\/wp-json\/wp\/v2\/comments?post=16"}],"version-history":[{"count":0,"href":"https:\/\/businesscenters.cat\/es\/wp-json\/wp\/v2\/pages\/16\/revisions"}],"up":[{"embeddable":true,"href":"https:\/\/businesscenters.cat\/es\/wp-json\/wp\/v2\/pages\/12"}],"wp:attachment":[{"href":"https:\/\/businesscenters.cat\/es\/wp-json\/wp\/v2\/media?parent=16"}],"curies":[{"name":"wp","href":"https:\/\/api.w.org\/{rel}","templated":true}]}}