{"id":20,"date":"2018-09-05T14:39:46","date_gmt":"2018-09-05T14:39:46","guid":{"rendered":"https:\/\/businesscerters.cat\/?page_id=20"},"modified":"2025-01-13T10:59:17","modified_gmt":"2025-01-13T09:59:17","slug":"videoconferencias-barcelona","status":"publish","type":"page","link":"https:\/\/businesscenters.cat\/es\/servicios\/videoconferencias-barcelona\/","title":{"rendered":"Alquiler de sala para videoconferencias"},"content":{"rendered":"\t\t<div data-elementor-type=\"wp-post\" data-elementor-id=\"20\" class=\"elementor elementor-20\" data-elementor-post-type=\"page\">\n\t\t\t\t\t\t<section class=\"elementor-section elementor-top-section elementor-element elementor-element-53dc4db head_page elementor-section-boxed elementor-section-height-default elementor-section-height-default\" data-id=\"53dc4db\" data-element_type=\"section\" data-settings=\"{&quot;background_background&quot;:&quot;classic&quot;}\">\n\t\t\t\t\t\t\t<div class=\"elementor-background-overlay\"><\/div>\n\t\t\t\t\t\t\t<div class=\"elementor-container elementor-column-gap-default\">\n\t\t\t\t\t<div class=\"elementor-column elementor-col-100 elementor-top-column elementor-element elementor-element-65e7995\" data-id=\"65e7995\" data-element_type=\"column\">\n\t\t\t<div class=\"elementor-widget-wrap elementor-element-populated\">\n\t\t\t\t\t\t<div class=\"elementor-element elementor-element-22e5e81f elementor-widget elementor-widget-heading\" data-id=\"22e5e81f\" data-element_type=\"widget\" data-widget_type=\"heading.default\">\n\t\t\t\t<div class=\"elementor-widget-container\">\n\t\t\t\t\t<h1 class=\"elementor-heading-title elementor-size-default\">Realice sus Videoconferencias en Barcelona<\/h1>\t\t\t\t<\/div>\n\t\t\t\t<\/div>\n\t\t\t\t\t<\/div>\n\t\t<\/div>\n\t\t\t\t\t<\/div>\n\t\t<\/section>\n\t\t\t\t<section class=\"elementor-section elementor-top-section elementor-element elementor-element-57faebc1 elementor-section-boxed elementor-section-height-default elementor-section-height-default\" data-id=\"57faebc1\" data-element_type=\"section\">\n\t\t\t\t\t\t<div class=\"elementor-container elementor-column-gap-default\">\n\t\t\t\t\t<div class=\"elementor-column elementor-col-50 elementor-top-column elementor-element elementor-element-4743d0cb\" data-id=\"4743d0cb\" data-element_type=\"column\" data-settings=\"{&quot;background_background&quot;:&quot;classic&quot;}\">\n\t\t\t<div class=\"elementor-widget-wrap elementor-element-populated\">\n\t\t\t\t\t\t<div class=\"elementor-element elementor-element-35ded30e elementor-widget elementor-widget-text-editor\" data-id=\"35ded30e\" data-element_type=\"widget\" data-widget_type=\"text-editor.default\">\n\t\t\t\t<div class=\"elementor-widget-container\">\n\t\t\t\t\t\t\t\t\t<p><span style=\"font-size: 15px; font-style: normal; font-weight: 400; color: var( --e-global-color-text ); font-family: var( --e-global-typography-text-font-family ), Sans-serif;\">Les presentamos nuestro nuevo <\/span><span style=\"font-size: 15px; font-style: normal; color: var( --e-global-color-text ); font-family: var( --e-global-typography-text-font-family ), Sans-serif;\"><b>sistema de Videoconferencias<\/b><\/span><span style=\"font-size: 15px; font-style: normal; font-weight: 400; color: var( --e-global-color-text ); font-family: var( --e-global-typography-text-font-family ), Sans-serif;\">,<\/span>\u00a0que le permite mantener reuniones entre personas que se encuentren en lugares distantes. Con el consiguiente ahorro de costes que representa no desplazar personas a otras ciudades.<\/p><p>Usted solo deber\u00e1 convocar a los asistentes a la reuni\u00f3n, mediante la plataforma que m\u00e1s le convenga, para que ellos puedan conectarse, de forma remota, el d\u00eda y la hora se\u00f1alados.<\/p><p style=\"font-size: 15px; font-style: normal; font-weight: 400;\">Nuestro servicio cuenta con todas<span style=\"font-weight: bold;\">\u00a0las herramientas necesarias<\/span>\u00a0para transmitir tanto imagen como sonido a tiempo real y en ambos sentidos.<\/p><p style=\"font-size: 15px; font-style: normal; font-weight: 400;\">Para ello ponemos a su disposici\u00f3n:<\/p><ul style=\"font-size: 15px; font-style: normal; font-weight: 400;\"><li style=\"font-size: 15px;\">Un ordenador conectado a internet con las soluciones de software para videoconferencias m\u00e1s conocidas (Zoom, Skype, Microsoft Team&#8230;).<\/li><li style=\"font-size: 15px;\">Un equipo de audio profesional de micro central.<\/li><li style=\"font-size: 15px;\">Una pantalla de TV de 48\u00b4\u00b4.<\/li><li style=\"font-size: 15px;\">Una c\u00e1mara que permite mostrar a todos los participantes de forma panor\u00e1mica.\u00a0<\/li><\/ul><p><span style=\"font-size: 11.5pt; padding: 0cm; font-family: Roboto; border: 1pt none windowtext;\">Precio cliente despacho o domiciliado<\/span><span style=\"font-size: 11.5pt; font-family: Roboto;\">: 25\u20ac una hora (horas adicionales 15\u20ac).<\/span><\/p><p><span style=\"font-size: 15px; color: var( --e-global-color-text ); font-family: var( --e-global-typography-text-font-family ), Sans-serif; text-indent: -18pt;\"><span style=\"font-size: 11.5pt; padding: 0cm; font-family: Roboto; border: 1pt none windowtext;\">Precio cliente externo<\/span><\/span><span style=\"color: var( --e-global-color-text ); font-size: 11.5pt; text-indent: -18pt; font-family: Roboto;\">: 40\u20ac una hora (horas adicionales 25\u20ac).<\/span><\/p>\t\t\t\t\t\t\t\t<\/div>\n\t\t\t\t<\/div>\n\t\t\t\t<div class=\"elementor-element elementor-element-6c8c69e elementor-widget elementor-widget-button\" data-id=\"6c8c69e\" data-element_type=\"widget\" data-widget_type=\"button.default\">\n\t\t\t\t<div class=\"elementor-widget-container\">\n\t\t\t\t\t\t\t\t\t<div class=\"elementor-button-wrapper\">\n\t\t\t\t\t<a class=\"elementor-button elementor-button-link elementor-size-md\" href=\"https:\/\/businesscerters.cat\/es\/business-center-barcelona-informacion\/\">\n\t\t\t\t\t\t<span class=\"elementor-button-content-wrapper\">\n\t\t\t\t\t\t\t\t\t<span class=\"elementor-button-text\">M\u00e1s informaci\u00f3n<\/span>\n\t\t\t\t\t<\/span>\n\t\t\t\t\t<\/a>\n\t\t\t\t<\/div>\n\t\t\t\t\t\t\t\t<\/div>\n\t\t\t\t<\/div>\n\t\t\t\t\t<\/div>\n\t\t<\/div>\n\t\t\t\t<div class=\"elementor-column elementor-col-50 elementor-top-column elementor-element elementor-element-73dbff49\" data-id=\"73dbff49\" data-element_type=\"column\">\n\t\t\t<div class=\"elementor-widget-wrap elementor-element-populated\">\n\t\t\t\t\t\t<div class=\"elementor-element elementor-element-4303bb5 elementor-widget elementor-widget-image\" data-id=\"4303bb5\" data-element_type=\"widget\" data-widget_type=\"image.default\">\n\t\t\t\t<div class=\"elementor-widget-container\">\n\t\t\t\t\t\t\t\t\t\t\t\t\t\t\t<img fetchpriority=\"high\" decoding=\"async\" width=\"1000\" height=\"667\" src=\"https:\/\/businesscenters.cat\/wp-content\/uploads\/2020\/11\/business-executives-doing-video-conference.jpg\" class=\"attachment-large size-large wp-image-4479\" alt=\"\" srcset=\"https:\/\/businesscenters.cat\/wp-content\/uploads\/2020\/11\/business-executives-doing-video-conference.jpg 1000w, https:\/\/businesscenters.cat\/wp-content\/uploads\/2020\/11\/business-executives-doing-video-conference-300x200.jpg 300w, https:\/\/businesscenters.cat\/wp-content\/uploads\/2020\/11\/business-executives-doing-video-conference-768x512.jpg 768w\" sizes=\"(max-width: 1000px) 100vw, 1000px\" \/>\t\t\t\t\t\t\t\t\t\t\t\t\t\t\t<\/div>\n\t\t\t\t<\/div>\n\t\t\t\t<div class=\"elementor-element elementor-element-f0b3f91 elementor-widget elementor-widget-image\" data-id=\"f0b3f91\" data-element_type=\"widget\" data-widget_type=\"image.default\">\n\t\t\t\t<div class=\"elementor-widget-container\">\n\t\t\t\t\t\t\t\t\t\t\t\t\t\t\t<img decoding=\"async\" width=\"1024\" height=\"724\" src=\"https:\/\/businesscenters.cat\/wp-content\/uploads\/2021\/05\/team-meeting-online-conference-call_11-1024x724.jpg\" class=\"attachment-large size-large wp-image-5618\" alt=\"Videoconferencias en salas y despachos en Barcelona.\" srcset=\"https:\/\/businesscenters.cat\/wp-content\/uploads\/2021\/05\/team-meeting-online-conference-call_11-1024x724.jpg 1024w, https:\/\/businesscenters.cat\/wp-content\/uploads\/2021\/05\/team-meeting-online-conference-call_11-300x212.jpg 300w, https:\/\/businesscenters.cat\/wp-content\/uploads\/2021\/05\/team-meeting-online-conference-call_11-768x543.jpg 768w, https:\/\/businesscenters.cat\/wp-content\/uploads\/2021\/05\/team-meeting-online-conference-call_11-1536x1086.jpg 1536w, https:\/\/businesscenters.cat\/wp-content\/uploads\/2021\/05\/team-meeting-online-conference-call_11-scaled.jpg 2048w\" sizes=\"(max-width: 1024px) 100vw, 1024px\" \/>\t\t\t\t\t\t\t\t\t\t\t\t\t\t\t<\/div>\n\t\t\t\t<\/div>\n\t\t\t\t\t<\/div>\n\t\t<\/div>\n\t\t\t\t\t<\/div>\n\t\t<\/section>\n\t\t\t\t<\/div>\n\t\t","protected":false},"excerpt":{"rendered":"<p>Realice sus Videoconferencias en Barcelona Les presentamos nuestro nuevo sistema de Videoconferencias,\u00a0que le permite mantener reuniones entre personas que se encuentren en lugares distantes. Con el consiguiente ahorro de costes que representa no desplazar personas a otras ciudades. Usted solo deber\u00e1 convocar a los asistentes a la reuni\u00f3n, mediante la plataforma que m\u00e1s le convenga, [&hellip;]<\/p>\n","protected":false},"author":1,"featured_media":0,"parent":12,"menu_order":0,"comment_status":"closed","ping_status":"closed","template":"","meta":{"site-sidebar-layout":"no-sidebar","site-content-layout":"page-builder","ast-site-content-layout":"","site-content-style":"default","site-sidebar-style":"default","ast-global-header-display":"","ast-banner-title-visibility":"","ast-main-header-display":"","ast-hfb-above-header-display":"","ast-hfb-below-header-display":"","ast-hfb-mobile-header-display":"","site-post-title":"disabled","ast-breadcrumbs-content":"","ast-featured-img":"disabled","footer-sml-layout":"","theme-transparent-header-meta":"default","adv-header-id-meta":"","stick-header-meta":"","header-above-stick-meta":"","header-main-stick-meta":"","header-below-stick-meta":"","astra-migrate-meta-layouts":"default","ast-page-background-enabled":"default","ast-page-background-meta":{"desktop":{"background-color":"","background-image":"","background-repeat":"repeat","background-position":"center center","background-size":"auto","background-attachment":"scroll","background-type":"","background-media":"","overlay-type":"","overlay-color":"","overlay-gradient":""},"tablet":{"background-color":"","background-image":"","background-repeat":"repeat","background-position":"center center","background-size":"auto","background-attachment":"scroll","background-type":"","background-media":"","overlay-type":"","overlay-color":"","overlay-gradient":""},"mobile":{"background-color":"","background-image":"","background-repeat":"repeat","background-position":"center center","background-size":"auto","background-attachment":"scroll","background-type":"","background-media":"","overlay-type":"","overlay-color":"","overlay-gradient":""}},"ast-content-background-meta":{"desktop":{"background-color":"var(--ast-global-color-5)","background-image":"","background-repeat":"repeat","background-position":"center center","background-size":"auto","background-attachment":"scroll","background-type":"","background-media":"","overlay-type":"","overlay-color":"","overlay-gradient":""},"tablet":{"background-color":"var(--ast-global-color-5)","background-image":"","background-repeat":"repeat","background-position":"center center","background-size":"auto","background-attachment":"scroll","background-type":"","background-media":"","overlay-type":"","overlay-color":"","overlay-gradient":""},"mobile":{"background-color":"var(--ast-global-color-5)","background-image":"","background-repeat":"repeat","background-position":"center center","background-size":"auto","background-attachment":"scroll","background-type":"","background-media":"","overlay-type":"","overlay-color":"","overlay-gradient":""}},"_joinchat":[],"footnotes":""},"class_list":["post-20","page","type-page","status-publish","hentry"],"yoast_head":"<!-- This site is optimized with the Yoast SEO plugin v24.8.1 - https:\/\/yoast.com\/wordpress\/plugins\/seo\/ -->\n<title>Alquiler de sala para videoconferencias | Business Centers Barcelona<\/title>\n<meta name=\"description\" content=\"Disponemos de alquiler de salas para videoconferencias. Conexi\u00f3n wifi de alta velocidad y decorados profesionales para una conference de \u00e9xito\" \/>\n<meta name=\"robots\" content=\"index, follow, max-snippet:-1, max-image-preview:large, max-video-preview:-1\" \/>\n<link rel=\"canonical\" href=\"https:\/\/businesscenters.cat\/es\/servicios\/videoconferencias-barcelona\/\" \/>\n<meta property=\"og:locale\" content=\"es_ES\" \/>\n<meta property=\"og:type\" content=\"article\" \/>\n<meta property=\"og:title\" content=\"Alquiler de sala para videoconferencias | Business Centers Barcelona\" \/>\n<meta property=\"og:description\" content=\"Disponemos de alquiler de salas para videoconferencias. Conexi\u00f3n wifi de alta velocidad y decorados profesionales para una conference de \u00e9xito\" \/>\n<meta property=\"og:url\" content=\"https:\/\/businesscenters.cat\/es\/servicios\/videoconferencias-barcelona\/\" \/>\n<meta property=\"og:site_name\" content=\"Business Centers Barcelona\" \/>\n<meta property=\"article:modified_time\" content=\"2025-01-13T09:59:17+00:00\" \/>\n<meta property=\"og:image\" content=\"https:\/\/businesscenters.cat\/wp-content\/uploads\/2020\/11\/business-executives-doing-video-conference.jpg\" \/>\n<meta name=\"twitter:card\" content=\"summary_large_image\" \/>\n<meta name=\"twitter:label1\" content=\"Tiempo de lectura\" \/>\n\t<meta name=\"twitter:data1\" content=\"1 minuto\" \/>\n<script type=\"application\/ld+json\" class=\"yoast-schema-graph\">{\"@context\":\"https:\/\/schema.org\",\"@graph\":[{\"@type\":\"WebPage\",\"@id\":\"https:\/\/businesscenters.cat\/es\/servicios\/videoconferencias-barcelona\/\",\"url\":\"https:\/\/businesscenters.cat\/es\/servicios\/videoconferencias-barcelona\/\",\"name\":\"Alquiler de sala para videoconferencias | Business Centers Barcelona\",\"isPartOf\":{\"@id\":\"https:\/\/businesscenters.cat\/es\/#website\"},\"primaryImageOfPage\":{\"@id\":\"https:\/\/businesscenters.cat\/es\/servicios\/videoconferencias-barcelona\/#primaryimage\"},\"image\":{\"@id\":\"https:\/\/businesscenters.cat\/es\/servicios\/videoconferencias-barcelona\/#primaryimage\"},\"thumbnailUrl\":\"https:\/\/businesscenters.cat\/wp-content\/uploads\/2020\/11\/business-executives-doing-video-conference.jpg\",\"datePublished\":\"2018-09-05T14:39:46+00:00\",\"dateModified\":\"2025-01-13T09:59:17+00:00\",\"description\":\"Disponemos de alquiler de salas para videoconferencias. Conexi\u00f3n wifi de alta velocidad y decorados profesionales para una conference de \u00e9xito\",\"breadcrumb\":{\"@id\":\"https:\/\/businesscenters.cat\/es\/servicios\/videoconferencias-barcelona\/#breadcrumb\"},\"inLanguage\":\"es\",\"potentialAction\":[{\"@type\":\"ReadAction\",\"target\":[\"https:\/\/businesscenters.cat\/es\/servicios\/videoconferencias-barcelona\/\"]}]},{\"@type\":\"ImageObject\",\"inLanguage\":\"es\",\"@id\":\"https:\/\/businesscenters.cat\/es\/servicios\/videoconferencias-barcelona\/#primaryimage\",\"url\":\"https:\/\/businesscenters.cat\/wp-content\/uploads\/2020\/11\/business-executives-doing-video-conference.jpg\",\"contentUrl\":\"https:\/\/businesscenters.cat\/wp-content\/uploads\/2020\/11\/business-executives-doing-video-conference.jpg\"},{\"@type\":\"BreadcrumbList\",\"@id\":\"https:\/\/businesscenters.cat\/es\/servicios\/videoconferencias-barcelona\/#breadcrumb\",\"itemListElement\":[{\"@type\":\"ListItem\",\"position\":1,\"name\":\"Portada\",\"item\":\"https:\/\/businesscenters.cat\/es\/\"},{\"@type\":\"ListItem\",\"position\":2,\"name\":\"Servicios\",\"item\":\"https:\/\/businesscenters.cat\/es\/servicios\/\"},{\"@type\":\"ListItem\",\"position\":3,\"name\":\"Alquiler de sala para videoconferencias\"}]},{\"@type\":\"WebSite\",\"@id\":\"https:\/\/businesscenters.cat\/es\/#website\",\"url\":\"https:\/\/businesscenters.cat\/es\/\",\"name\":\"Business Centers Barcelona\",\"description\":\"Alquiler de oficinas, despachos y coworking en el centro de Barcelona\",\"publisher\":{\"@id\":\"https:\/\/businesscenters.cat\/es\/#organization\"},\"potentialAction\":[{\"@type\":\"SearchAction\",\"target\":{\"@type\":\"EntryPoint\",\"urlTemplate\":\"https:\/\/businesscenters.cat\/es\/?s={search_term_string}\"},\"query-input\":{\"@type\":\"PropertyValueSpecification\",\"valueRequired\":true,\"valueName\":\"search_term_string\"}}],\"inLanguage\":\"es\"},{\"@type\":\"Organization\",\"@id\":\"https:\/\/businesscenters.cat\/es\/#organization\",\"name\":\"Business Centers Barcelona\",\"url\":\"https:\/\/businesscenters.cat\/es\/\",\"logo\":{\"@type\":\"ImageObject\",\"inLanguage\":\"es\",\"@id\":\"https:\/\/businesscenters.cat\/es\/#\/schema\/logo\/image\/\",\"url\":\"https:\/\/businesscenters.cat\/wp-content\/uploads\/2018\/09\/business-logo-w.png\",\"contentUrl\":\"https:\/\/businesscenters.cat\/wp-content\/uploads\/2018\/09\/business-logo-w.png\",\"width\":250,\"height\":105,\"caption\":\"Business Centers Barcelona\"},\"image\":{\"@id\":\"https:\/\/businesscenters.cat\/es\/#\/schema\/logo\/image\/\"}}]}<\/script>\n<!-- \/ Yoast SEO plugin. -->","yoast_head_json":{"title":"Alquiler de sala para videoconferencias | Business Centers Barcelona","description":"Disponemos de alquiler de salas para videoconferencias. Conexi\u00f3n wifi de alta velocidad y decorados profesionales para una conference de \u00e9xito","robots":{"index":"index","follow":"follow","max-snippet":"max-snippet:-1","max-image-preview":"max-image-preview:large","max-video-preview":"max-video-preview:-1"},"canonical":"https:\/\/businesscenters.cat\/es\/servicios\/videoconferencias-barcelona\/","og_locale":"es_ES","og_type":"article","og_title":"Alquiler de sala para videoconferencias | Business Centers Barcelona","og_description":"Disponemos de alquiler de salas para videoconferencias. Conexi\u00f3n wifi de alta velocidad y decorados profesionales para una conference de \u00e9xito","og_url":"https:\/\/businesscenters.cat\/es\/servicios\/videoconferencias-barcelona\/","og_site_name":"Business Centers Barcelona","article_modified_time":"2025-01-13T09:59:17+00:00","og_image":[{"url":"https:\/\/businesscenters.cat\/wp-content\/uploads\/2020\/11\/business-executives-doing-video-conference.jpg","type":"","width":"","height":""}],"twitter_card":"summary_large_image","twitter_misc":{"Tiempo de lectura":"1 minuto"},"schema":{"@context":"https:\/\/schema.org","@graph":[{"@type":"WebPage","@id":"https:\/\/businesscenters.cat\/es\/servicios\/videoconferencias-barcelona\/","url":"https:\/\/businesscenters.cat\/es\/servicios\/videoconferencias-barcelona\/","name":"Alquiler de sala para videoconferencias | Business Centers Barcelona","isPartOf":{"@id":"https:\/\/businesscenters.cat\/es\/#website"},"primaryImageOfPage":{"@id":"https:\/\/businesscenters.cat\/es\/servicios\/videoconferencias-barcelona\/#primaryimage"},"image":{"@id":"https:\/\/businesscenters.cat\/es\/servicios\/videoconferencias-barcelona\/#primaryimage"},"thumbnailUrl":"https:\/\/businesscenters.cat\/wp-content\/uploads\/2020\/11\/business-executives-doing-video-conference.jpg","datePublished":"2018-09-05T14:39:46+00:00","dateModified":"2025-01-13T09:59:17+00:00","description":"Disponemos de alquiler de salas para videoconferencias. Conexi\u00f3n wifi de alta velocidad y decorados profesionales para una conference de \u00e9xito","breadcrumb":{"@id":"https:\/\/businesscenters.cat\/es\/servicios\/videoconferencias-barcelona\/#breadcrumb"},"inLanguage":"es","potentialAction":[{"@type":"ReadAction","target":["https:\/\/businesscenters.cat\/es\/servicios\/videoconferencias-barcelona\/"]}]},{"@type":"ImageObject","inLanguage":"es","@id":"https:\/\/businesscenters.cat\/es\/servicios\/videoconferencias-barcelona\/#primaryimage","url":"https:\/\/businesscenters.cat\/wp-content\/uploads\/2020\/11\/business-executives-doing-video-conference.jpg","contentUrl":"https:\/\/businesscenters.cat\/wp-content\/uploads\/2020\/11\/business-executives-doing-video-conference.jpg"},{"@type":"BreadcrumbList","@id":"https:\/\/businesscenters.cat\/es\/servicios\/videoconferencias-barcelona\/#breadcrumb","itemListElement":[{"@type":"ListItem","position":1,"name":"Portada","item":"https:\/\/businesscenters.cat\/es\/"},{"@type":"ListItem","position":2,"name":"Servicios","item":"https:\/\/businesscenters.cat\/es\/servicios\/"},{"@type":"ListItem","position":3,"name":"Alquiler de sala para videoconferencias"}]},{"@type":"WebSite","@id":"https:\/\/businesscenters.cat\/es\/#website","url":"https:\/\/businesscenters.cat\/es\/","name":"Business Centers Barcelona","description":"Alquiler de oficinas, despachos y coworking en el centro de Barcelona","publisher":{"@id":"https:\/\/businesscenters.cat\/es\/#organization"},"potentialAction":[{"@type":"SearchAction","target":{"@type":"EntryPoint","urlTemplate":"https:\/\/businesscenters.cat\/es\/?s={search_term_string}"},"query-input":{"@type":"PropertyValueSpecification","valueRequired":true,"valueName":"search_term_string"}}],"inLanguage":"es"},{"@type":"Organization","@id":"https:\/\/businesscenters.cat\/es\/#organization","name":"Business Centers Barcelona","url":"https:\/\/businesscenters.cat\/es\/","logo":{"@type":"ImageObject","inLanguage":"es","@id":"https:\/\/businesscenters.cat\/es\/#\/schema\/logo\/image\/","url":"https:\/\/businesscenters.cat\/wp-content\/uploads\/2018\/09\/business-logo-w.png","contentUrl":"https:\/\/businesscenters.cat\/wp-content\/uploads\/2018\/09\/business-logo-w.png","width":250,"height":105,"caption":"Business Centers Barcelona"},"image":{"@id":"https:\/\/businesscenters.cat\/es\/#\/schema\/logo\/image\/"}}]}},"_links":{"self":[{"href":"https:\/\/businesscenters.cat\/es\/wp-json\/wp\/v2\/pages\/20","targetHints":{"allow":["GET"]}}],"collection":[{"href":"https:\/\/businesscenters.cat\/es\/wp-json\/wp\/v2\/pages"}],"about":[{"href":"https:\/\/businesscenters.cat\/es\/wp-json\/wp\/v2\/types\/page"}],"author":[{"embeddable":true,"href":"https:\/\/businesscenters.cat\/es\/wp-json\/wp\/v2\/users\/1"}],"replies":[{"embeddable":true,"href":"https:\/\/businesscenters.cat\/es\/wp-json\/wp\/v2\/comments?post=20"}],"version-history":[{"count":0,"href":"https:\/\/businesscenters.cat\/es\/wp-json\/wp\/v2\/pages\/20\/revisions"}],"up":[{"embeddable":true,"href":"https:\/\/businesscenters.cat\/es\/wp-json\/wp\/v2\/pages\/12"}],"wp:attachment":[{"href":"https:\/\/businesscenters.cat\/es\/wp-json\/wp\/v2\/media?parent=20"}],"curies":[{"name":"wp","href":"https:\/\/api.w.org\/{rel}","templated":true}]}}