{"id":26,"date":"2018-09-05T14:40:56","date_gmt":"2018-09-05T14:40:56","guid":{"rendered":"https:\/\/businesscerters.cat\/?page_id=26"},"modified":"2020-11-25T11:47:17","modified_gmt":"2020-11-25T10:47:17","slug":"business-center-barcelona","status":"publish","type":"page","link":"https:\/\/businesscenters.cat\/es\/servicios\/business-center-barcelona\/","title":{"rendered":"Servicios Adicionales"},"content":{"rendered":"\t\t<div data-elementor-type=\"wp-post\" data-elementor-id=\"26\" class=\"elementor elementor-26\" data-elementor-post-type=\"page\">\n\t\t\t\t\t\t<section class=\"elementor-section elementor-top-section elementor-element elementor-element-22ab9f66 head_page elementor-section-boxed elementor-section-height-default elementor-section-height-default\" data-id=\"22ab9f66\" data-element_type=\"section\" data-settings=\"{&quot;background_background&quot;:&quot;classic&quot;}\">\n\t\t\t\t\t\t\t<div class=\"elementor-background-overlay\"><\/div>\n\t\t\t\t\t\t\t<div class=\"elementor-container elementor-column-gap-default\">\n\t\t\t\t\t<div class=\"elementor-column elementor-col-100 elementor-top-column elementor-element elementor-element-e905488\" data-id=\"e905488\" data-element_type=\"column\">\n\t\t\t<div class=\"elementor-widget-wrap elementor-element-populated\">\n\t\t\t\t\t\t<div class=\"elementor-element elementor-element-72f89b2e elementor-widget elementor-widget-heading\" data-id=\"72f89b2e\" data-element_type=\"widget\" data-widget_type=\"heading.default\">\n\t\t\t\t<div class=\"elementor-widget-container\">\n\t\t\t\t\t<h1 class=\"elementor-heading-title elementor-size-default\">Servicios adicionales de nuestro Centro de Negocios en Barcelona<\/h1>\t\t\t\t<\/div>\n\t\t\t\t<\/div>\n\t\t\t\t\t<\/div>\n\t\t<\/div>\n\t\t\t\t\t<\/div>\n\t\t<\/section>\n\t\t\t\t<section class=\"elementor-section elementor-top-section elementor-element elementor-element-23c1edb4 elementor-section-boxed elementor-section-height-default elementor-section-height-default\" data-id=\"23c1edb4\" data-element_type=\"section\">\n\t\t\t\t\t\t<div class=\"elementor-container elementor-column-gap-default\">\n\t\t\t\t\t<div class=\"elementor-column elementor-col-100 elementor-top-column elementor-element elementor-element-1e3f6fab\" data-id=\"1e3f6fab\" data-element_type=\"column\">\n\t\t\t<div class=\"elementor-widget-wrap elementor-element-populated\">\n\t\t\t\t\t\t<div class=\"elementor-element elementor-element-ed6466f eael-pricing-content-align-left eael-pricing-button-align-left elementor-widget elementor-widget-eael-pricing-table\" data-id=\"ed6466f\" data-element_type=\"widget\" data-widget_type=\"eael-pricing-table.default\">\n\t\t\t\t<div class=\"elementor-widget-container\">\n\t\t\t\t\t                    <div class=\"eael-pricing style-1\" >\n                <div class=\"eael-pricing-item \">\n                    <div class=\"header\">\n                        <h2 class=\"title\">Otros servicios<\/h2>\n                    <\/div>\n                    <div class=\"eael-pricing-tag\">\n                        <span class=\"price-tag\"><del class=\"original-price\">\n                    <span class=\"price-currency\"><\/span><\/del>\n                <span class=\"sale-price\">\n                    <span class=\"price-currency\"><\/span>Cons\u00faltenos sin compromiso<\/span><\/span><span class=\"price-period\"><\/span>                    <\/div>\n                    <div class=\"body\">\n                                <ul>\n                            <li class=\"elementor-repeater-item-6264f0c\">\n                    \n                                <span class=\"li-icon\">\n                <i class=\"fa fa-check\"><\/i>            <\/span>\n\n        \n                    <span >Constituci\u00f3n de Sociedades<\/span>\n                    \n                     \n                <\/li>\n                            <li class=\"elementor-repeater-item-329ca46\">\n                    \n                                <span class=\"li-icon\">\n                <i class=\"fa fa-check\"><\/i>            <\/span>\n\n        \n                    <span >Asesor\u00eda contable, fiscal y laboral<\/span>\n                    \n                     \n                <\/li>\n                            <li class=\"elementor-repeater-item-c1a1d5f\">\n                    \n                                <span class=\"li-icon\">\n                <i class=\"fa fa-check\"><\/i>            <\/span>\n\n        \n                    <span >Fax, fotocopiadora, encuadernaci\u00f3n...<\/span>\n                    \n                     \n                <\/li>\n                            <li class=\"elementor-repeater-item-a0ced2b\">\n                    \n                                <span class=\"li-icon\">\n                <i class=\"fa fa-check\"><\/i>            <\/span>\n\n        \n                    <span >Mensajer\u00eda<\/span>\n                    \n                     \n                <\/li>\n                            <li class=\"elementor-repeater-item-041bbe4\">\n                    \n                                <span class=\"li-icon\">\n                <i class=\"fa fa-check\"><\/i>            <\/span>\n\n        \n                    <span >Servicio de bar y c\u00e1tering<\/span>\n                    \n                     \n                <\/li>\n                            <li class=\"elementor-repeater-item-1606e70\">\n                    \n                                <span class=\"li-icon\">\n                <i class=\"fa fa-check\"><\/i>            <\/span>\n\n        \n                    <span >Papeler\u00eda, imprenta, dise\u00f1o...<\/span>\n                    \n                     \n                <\/li>\n                            <li class=\"elementor-repeater-item-fea350a\">\n                    \n                                <span class=\"li-icon\">\n                <i class=\"fa fa-check\"><\/i>            <\/span>\n\n        \n                    <span >Servicio inform\u00e1tico: hardware, software, dominios, p\u00e1ginas web...<\/span>\n                    \n                     \n                <\/li>\n                            <li class=\"elementor-repeater-item-fe04943\">\n                    \n                                <span class=\"li-icon\">\n                <i class=\"fa fa-check\"><\/i>            <\/span>\n\n        \n                    <span >Servicio de traducciones<\/span>\n                    \n                     \n                <\/li>\n                    <\/ul>\n                        <\/div>\n\t                                    <div class=\"footer\">\n                        <a class=\"eael-pricing-button\" href=\"\/es\/business-center-barcelona-informacion\/\" >\n                                                                                            m\u00e1s informaci\u00f3n                                                    <\/a>\n                    <\/div>\n                                    <\/div>\n            <\/div>\n                    \t\t\t\t<\/div>\n\t\t\t\t<\/div>\n\t\t\t\t\t<\/div>\n\t\t<\/div>\n\t\t\t\t\t<\/div>\n\t\t<\/section>\n\t\t\t\t<\/div>\n\t\t","protected":false},"excerpt":{"rendered":"<p>Servicios adicionales de nuestro Centro de Negocios en Barcelona Otros servicios Cons\u00faltenos sin compromiso Constituci\u00f3n de Sociedades Asesor\u00eda contable, fiscal y laboral Fax, fotocopiadora, encuadernaci\u00f3n&#8230; Mensajer\u00eda Servicio de bar y c\u00e1tering Papeler\u00eda, imprenta, dise\u00f1o&#8230; Servicio inform\u00e1tico: hardware, software, dominios, p\u00e1ginas web&#8230; Servicio de traducciones m\u00e1s informaci\u00f3n<\/p>\n","protected":false},"author":1,"featured_media":0,"parent":12,"menu_order":0,"comment_status":"closed","ping_status":"closed","template":"","meta":{"site-sidebar-layout":"no-sidebar","site-content-layout":"page-builder","ast-site-content-layout":"","site-content-style":"default","site-sidebar-style":"default","ast-global-header-display":"","ast-banner-title-visibility":"","ast-main-header-display":"","ast-hfb-above-header-display":"","ast-hfb-below-header-display":"","ast-hfb-mobile-header-display":"","site-post-title":"disabled","ast-breadcrumbs-content":"","ast-featured-img":"disabled","footer-sml-layout":"","theme-transparent-header-meta":"","adv-header-id-meta":"","stick-header-meta":"","header-above-stick-meta":"","header-main-stick-meta":"","header-below-stick-meta":"","astra-migrate-meta-layouts":"default","ast-page-background-enabled":"default","ast-page-background-meta":{"desktop":{"background-color":"","background-image":"","background-repeat":"repeat","background-position":"center center","background-size":"auto","background-attachment":"scroll","background-type":"","background-media":"","overlay-type":"","overlay-color":"","overlay-gradient":""},"tablet":{"background-color":"","background-image":"","background-repeat":"repeat","background-position":"center center","background-size":"auto","background-attachment":"scroll","background-type":"","background-media":"","overlay-type":"","overlay-color":"","overlay-gradient":""},"mobile":{"background-color":"","background-image":"","background-repeat":"repeat","background-position":"center center","background-size":"auto","background-attachment":"scroll","background-type":"","background-media":"","overlay-type":"","overlay-color":"","overlay-gradient":""}},"ast-content-background-meta":{"desktop":{"background-color":"var(--ast-global-color-5)","background-image":"","background-repeat":"repeat","background-position":"center center","background-size":"auto","background-attachment":"scroll","background-type":"","background-media":"","overlay-type":"","overlay-color":"","overlay-gradient":""},"tablet":{"background-color":"var(--ast-global-color-5)","background-image":"","background-repeat":"repeat","background-position":"center center","background-size":"auto","background-attachment":"scroll","background-type":"","background-media":"","overlay-type":"","overlay-color":"","overlay-gradient":""},"mobile":{"background-color":"var(--ast-global-color-5)","background-image":"","background-repeat":"repeat","background-position":"center center","background-size":"auto","background-attachment":"scroll","background-type":"","background-media":"","overlay-type":"","overlay-color":"","overlay-gradient":""}},"_joinchat":[],"footnotes":""},"class_list":["post-26","page","type-page","status-publish","hentry"],"yoast_head":"<!-- This site is optimized with the Yoast SEO plugin v24.8.1 - https:\/\/yoast.com\/wordpress\/plugins\/seo\/ -->\n<title>Servicios Adicionales | Business Centers Barcelona<\/title>\n<meta name=\"description\" content=\"Los clientes que tienen alquiler de un despacho, oficina o coworking en Business Centers Barcelona disponen de servicio de traducci\u00f3n, secretar\u00eda o catering\" \/>\n<meta name=\"robots\" content=\"index, follow, max-snippet:-1, max-image-preview:large, max-video-preview:-1\" \/>\n<link rel=\"canonical\" href=\"https:\/\/businesscenters.cat\/es\/servicios\/business-center-barcelona\/\" \/>\n<meta property=\"og:locale\" content=\"es_ES\" \/>\n<meta property=\"og:type\" content=\"article\" \/>\n<meta property=\"og:title\" content=\"Servicios Adicionales | Business Centers Barcelona\" \/>\n<meta property=\"og:description\" content=\"Los clientes que tienen alquiler de un despacho, oficina o coworking en Business Centers Barcelona disponen de servicio de traducci\u00f3n, secretar\u00eda o catering\" \/>\n<meta property=\"og:url\" content=\"https:\/\/businesscenters.cat\/es\/servicios\/business-center-barcelona\/\" \/>\n<meta property=\"og:site_name\" content=\"Business Centers Barcelona\" \/>\n<meta property=\"article:modified_time\" content=\"2020-11-25T10:47:17+00:00\" \/>\n<meta name=\"twitter:card\" content=\"summary_large_image\" \/>\n<script type=\"application\/ld+json\" class=\"yoast-schema-graph\">{\"@context\":\"https:\/\/schema.org\",\"@graph\":[{\"@type\":\"WebPage\",\"@id\":\"https:\/\/businesscenters.cat\/es\/servicios\/business-center-barcelona\/\",\"url\":\"https:\/\/businesscenters.cat\/es\/servicios\/business-center-barcelona\/\",\"name\":\"Servicios Adicionales | Business Centers Barcelona\",\"isPartOf\":{\"@id\":\"https:\/\/businesscenters.cat\/es\/#website\"},\"datePublished\":\"2018-09-05T14:40:56+00:00\",\"dateModified\":\"2020-11-25T10:47:17+00:00\",\"description\":\"Los clientes que tienen alquiler de un despacho, oficina o coworking en Business Centers Barcelona disponen de servicio de traducci\u00f3n, secretar\u00eda o catering\",\"breadcrumb\":{\"@id\":\"https:\/\/businesscenters.cat\/es\/servicios\/business-center-barcelona\/#breadcrumb\"},\"inLanguage\":\"es\",\"potentialAction\":[{\"@type\":\"ReadAction\",\"target\":[\"https:\/\/businesscenters.cat\/es\/servicios\/business-center-barcelona\/\"]}]},{\"@type\":\"BreadcrumbList\",\"@id\":\"https:\/\/businesscenters.cat\/es\/servicios\/business-center-barcelona\/#breadcrumb\",\"itemListElement\":[{\"@type\":\"ListItem\",\"position\":1,\"name\":\"Portada\",\"item\":\"https:\/\/businesscenters.cat\/es\/\"},{\"@type\":\"ListItem\",\"position\":2,\"name\":\"Servicios\",\"item\":\"https:\/\/businesscenters.cat\/es\/servicios\/\"},{\"@type\":\"ListItem\",\"position\":3,\"name\":\"Servicios Adicionales\"}]},{\"@type\":\"WebSite\",\"@id\":\"https:\/\/businesscenters.cat\/es\/#website\",\"url\":\"https:\/\/businesscenters.cat\/es\/\",\"name\":\"Business Centers Barcelona\",\"description\":\"Alquiler de oficinas, despachos y coworking en el centro de Barcelona\",\"publisher\":{\"@id\":\"https:\/\/businesscenters.cat\/es\/#organization\"},\"potentialAction\":[{\"@type\":\"SearchAction\",\"target\":{\"@type\":\"EntryPoint\",\"urlTemplate\":\"https:\/\/businesscenters.cat\/es\/?s={search_term_string}\"},\"query-input\":{\"@type\":\"PropertyValueSpecification\",\"valueRequired\":true,\"valueName\":\"search_term_string\"}}],\"inLanguage\":\"es\"},{\"@type\":\"Organization\",\"@id\":\"https:\/\/businesscenters.cat\/es\/#organization\",\"name\":\"Business Centers Barcelona\",\"url\":\"https:\/\/businesscenters.cat\/es\/\",\"logo\":{\"@type\":\"ImageObject\",\"inLanguage\":\"es\",\"@id\":\"https:\/\/businesscenters.cat\/es\/#\/schema\/logo\/image\/\",\"url\":\"https:\/\/businesscenters.cat\/wp-content\/uploads\/2018\/09\/business-logo-w.png\",\"contentUrl\":\"https:\/\/businesscenters.cat\/wp-content\/uploads\/2018\/09\/business-logo-w.png\",\"width\":250,\"height\":105,\"caption\":\"Business Centers Barcelona\"},\"image\":{\"@id\":\"https:\/\/businesscenters.cat\/es\/#\/schema\/logo\/image\/\"}}]}<\/script>\n<!-- \/ Yoast SEO plugin. -->","yoast_head_json":{"title":"Servicios Adicionales | Business Centers Barcelona","description":"Los clientes que tienen alquiler de un despacho, oficina o coworking en Business Centers Barcelona disponen de servicio de traducci\u00f3n, secretar\u00eda o catering","robots":{"index":"index","follow":"follow","max-snippet":"max-snippet:-1","max-image-preview":"max-image-preview:large","max-video-preview":"max-video-preview:-1"},"canonical":"https:\/\/businesscenters.cat\/es\/servicios\/business-center-barcelona\/","og_locale":"es_ES","og_type":"article","og_title":"Servicios Adicionales | Business Centers Barcelona","og_description":"Los clientes que tienen alquiler de un despacho, oficina o coworking en Business Centers Barcelona disponen de servicio de traducci\u00f3n, secretar\u00eda o catering","og_url":"https:\/\/businesscenters.cat\/es\/servicios\/business-center-barcelona\/","og_site_name":"Business Centers Barcelona","article_modified_time":"2020-11-25T10:47:17+00:00","twitter_card":"summary_large_image","schema":{"@context":"https:\/\/schema.org","@graph":[{"@type":"WebPage","@id":"https:\/\/businesscenters.cat\/es\/servicios\/business-center-barcelona\/","url":"https:\/\/businesscenters.cat\/es\/servicios\/business-center-barcelona\/","name":"Servicios Adicionales | Business Centers Barcelona","isPartOf":{"@id":"https:\/\/businesscenters.cat\/es\/#website"},"datePublished":"2018-09-05T14:40:56+00:00","dateModified":"2020-11-25T10:47:17+00:00","description":"Los clientes que tienen alquiler de un despacho, oficina o coworking en Business Centers Barcelona disponen de servicio de traducci\u00f3n, secretar\u00eda o catering","breadcrumb":{"@id":"https:\/\/businesscenters.cat\/es\/servicios\/business-center-barcelona\/#breadcrumb"},"inLanguage":"es","potentialAction":[{"@type":"ReadAction","target":["https:\/\/businesscenters.cat\/es\/servicios\/business-center-barcelona\/"]}]},{"@type":"BreadcrumbList","@id":"https:\/\/businesscenters.cat\/es\/servicios\/business-center-barcelona\/#breadcrumb","itemListElement":[{"@type":"ListItem","position":1,"name":"Portada","item":"https:\/\/businesscenters.cat\/es\/"},{"@type":"ListItem","position":2,"name":"Servicios","item":"https:\/\/businesscenters.cat\/es\/servicios\/"},{"@type":"ListItem","position":3,"name":"Servicios Adicionales"}]},{"@type":"WebSite","@id":"https:\/\/businesscenters.cat\/es\/#website","url":"https:\/\/businesscenters.cat\/es\/","name":"Business Centers Barcelona","description":"Alquiler de oficinas, despachos y coworking en el centro de Barcelona","publisher":{"@id":"https:\/\/businesscenters.cat\/es\/#organization"},"potentialAction":[{"@type":"SearchAction","target":{"@type":"EntryPoint","urlTemplate":"https:\/\/businesscenters.cat\/es\/?s={search_term_string}"},"query-input":{"@type":"PropertyValueSpecification","valueRequired":true,"valueName":"search_term_string"}}],"inLanguage":"es"},{"@type":"Organization","@id":"https:\/\/businesscenters.cat\/es\/#organization","name":"Business Centers Barcelona","url":"https:\/\/businesscenters.cat\/es\/","logo":{"@type":"ImageObject","inLanguage":"es","@id":"https:\/\/businesscenters.cat\/es\/#\/schema\/logo\/image\/","url":"https:\/\/businesscenters.cat\/wp-content\/uploads\/2018\/09\/business-logo-w.png","contentUrl":"https:\/\/businesscenters.cat\/wp-content\/uploads\/2018\/09\/business-logo-w.png","width":250,"height":105,"caption":"Business Centers Barcelona"},"image":{"@id":"https:\/\/businesscenters.cat\/es\/#\/schema\/logo\/image\/"}}]}},"_links":{"self":[{"href":"https:\/\/businesscenters.cat\/es\/wp-json\/wp\/v2\/pages\/26","targetHints":{"allow":["GET"]}}],"collection":[{"href":"https:\/\/businesscenters.cat\/es\/wp-json\/wp\/v2\/pages"}],"about":[{"href":"https:\/\/businesscenters.cat\/es\/wp-json\/wp\/v2\/types\/page"}],"author":[{"embeddable":true,"href":"https:\/\/businesscenters.cat\/es\/wp-json\/wp\/v2\/users\/1"}],"replies":[{"embeddable":true,"href":"https:\/\/businesscenters.cat\/es\/wp-json\/wp\/v2\/comments?post=26"}],"version-history":[{"count":0,"href":"https:\/\/businesscenters.cat\/es\/wp-json\/wp\/v2\/pages\/26\/revisions"}],"up":[{"embeddable":true,"href":"https:\/\/businesscenters.cat\/es\/wp-json\/wp\/v2\/pages\/12"}],"wp:attachment":[{"href":"https:\/\/businesscenters.cat\/es\/wp-json\/wp\/v2\/media?parent=26"}],"curies":[{"name":"wp","href":"https:\/\/api.w.org\/{rel}","templated":true}]}}