{"id":28,"date":"2018-09-05T14:41:51","date_gmt":"2018-09-05T14:41:51","guid":{"rendered":"https:\/\/businesscerters.cat\/?page_id=28"},"modified":"2024-05-02T16:26:42","modified_gmt":"2024-05-02T14:26:42","slug":"business-center-barcelona-informacion","status":"publish","type":"page","link":"https:\/\/businesscenters.cat\/es\/business-center-barcelona-informacion\/","title":{"rendered":"Contacto"},"content":{"rendered":"\t\t<div data-elementor-type=\"wp-post\" data-elementor-id=\"28\" class=\"elementor elementor-28\" data-elementor-post-type=\"page\">\n\t\t\t\t\t\t<section class=\"elementor-section elementor-top-section elementor-element elementor-element-ecd8e3b elementor-section-boxed elementor-section-height-default elementor-section-height-default\" data-id=\"ecd8e3b\" data-element_type=\"section\" data-settings=\"{&quot;background_background&quot;:&quot;classic&quot;}\">\n\t\t\t\t\t\t\t<div class=\"elementor-background-overlay\"><\/div>\n\t\t\t\t\t\t\t<div class=\"elementor-container elementor-column-gap-default\">\n\t\t\t\t\t<div class=\"elementor-column elementor-col-100 elementor-top-column elementor-element elementor-element-5fab453\" data-id=\"5fab453\" data-element_type=\"column\">\n\t\t\t<div class=\"elementor-widget-wrap elementor-element-populated\">\n\t\t\t\t\t\t<div class=\"elementor-element elementor-element-ca943ef elementor-widget elementor-widget-heading\" data-id=\"ca943ef\" data-element_type=\"widget\" data-widget_type=\"heading.default\">\n\t\t\t\t<div class=\"elementor-widget-container\">\n\t\t\t\t\t<h1 class=\"elementor-heading-title elementor-size-default\">Contacta con nosotros<\/h1>\t\t\t\t<\/div>\n\t\t\t\t<\/div>\n\t\t\t\t\t<\/div>\n\t\t<\/div>\n\t\t\t\t\t<\/div>\n\t\t<\/section>\n\t\t\t\t<section class=\"elementor-section elementor-top-section elementor-element elementor-element-8d74ced elementor-section-boxed elementor-section-height-default elementor-section-height-default\" data-id=\"8d74ced\" data-element_type=\"section\">\n\t\t\t\t\t\t<div class=\"elementor-container elementor-column-gap-wider\">\n\t\t\t\t\t<div class=\"elementor-column elementor-col-50 elementor-top-column elementor-element elementor-element-b37e4aa\" data-id=\"b37e4aa\" data-element_type=\"column\">\n\t\t\t<div class=\"elementor-widget-wrap elementor-element-populated\">\n\t\t\t\t\t\t<div class=\"elementor-element elementor-element-2d50f57 elementor-widget elementor-widget-google_maps\" data-id=\"2d50f57\" data-element_type=\"widget\" data-widget_type=\"google_maps.default\">\n\t\t\t\t<div class=\"elementor-widget-container\">\n\t\t\t\t\t\t\t<div class=\"elementor-custom-embed\">\n\t\t\t<iframe loading=\"lazy\"\n\t\t\t\t\tsrc=\"https:\/\/maps.google.com\/maps?q=Business%20Centers%20Paseo%20de%20Gracia%2012&#038;t=m&#038;z=15&#038;output=embed&#038;iwloc=near\"\n\t\t\t\t\ttitle=\"Business Centers Paseo de Gracia 12\"\n\t\t\t\t\taria-label=\"Business Centers Paseo de Gracia 12\"\n\t\t\t><\/iframe>\n\t\t<\/div>\n\t\t\t\t\t\t<\/div>\n\t\t\t\t<\/div>\n\t\t\t\t\t<\/div>\n\t\t<\/div>\n\t\t\t\t<div class=\"elementor-column elementor-col-50 elementor-top-column elementor-element elementor-element-671339e\" data-id=\"671339e\" data-element_type=\"column\" data-settings=\"{&quot;background_background&quot;:&quot;classic&quot;}\">\n\t\t\t<div class=\"elementor-widget-wrap elementor-element-populated\">\n\t\t\t\t\t\t<div class=\"elementor-element elementor-element-1f3275a elementor-widget elementor-widget-heading\" data-id=\"1f3275a\" data-element_type=\"widget\" data-widget_type=\"heading.default\">\n\t\t\t\t<div class=\"elementor-widget-container\">\n\t\t\t\t\t<h3 class=\"elementor-heading-title elementor-size-default\">Env\u00edanos un mensaje y nos pondremos en contacto contigo<\/h3>\t\t\t\t<\/div>\n\t\t\t\t<\/div>\n\t\t\t\t<div class=\"elementor-element elementor-element-80ac778 eael-contact-form-7-button-full-width elementor-widget elementor-widget-eael-contact-form-7\" data-id=\"80ac778\" data-element_type=\"widget\" data-widget_type=\"eael-contact-form-7.default\">\n\t\t\t\t<div class=\"elementor-widget-container\">\n\t\t\t\t\t<div class=\"eael-contact-form-7-wrapper\">\n                <div class=\"eael-contact-form eael-contact-form-7 eael-contact-form-80ac778 placeholder-show eael-contact-form-align-default\">\n<div class=\"wpcf7 no-js\" id=\"wpcf7-f7815-o1\" lang=\"es-ES\" dir=\"ltr\" data-wpcf7-id=\"7815\">\n<div class=\"screen-reader-response\"><p role=\"status\" aria-live=\"polite\" aria-atomic=\"true\"><\/p> <ul><\/ul><\/div>\n<form action=\"\/es\/wp-json\/wp\/v2\/pages\/28#wpcf7-f7815-o1\" method=\"post\" class=\"wpcf7-form init\" aria-label=\"Formulario de contacto\" novalidate=\"novalidate\" data-status=\"init\">\n<div style=\"display: none;\">\n<input type=\"hidden\" name=\"_wpcf7\" value=\"7815\" \/>\n<input type=\"hidden\" name=\"_wpcf7_version\" value=\"6.0.5\" \/>\n<input type=\"hidden\" name=\"_wpcf7_locale\" value=\"es_ES\" \/>\n<input type=\"hidden\" name=\"_wpcf7_unit_tag\" value=\"wpcf7-f7815-o1\" \/>\n<input type=\"hidden\" name=\"_wpcf7_container_post\" value=\"0\" \/>\n<input type=\"hidden\" name=\"_wpcf7_posted_data_hash\" value=\"\" \/>\n<input type=\"hidden\" name=\"_wpcf7_recaptcha_response\" value=\"\" \/>\n<\/div>\n<div class=\"form-row\">\n\t<div class=\"form-50\">\n\t\t<p><label> Nombre y apellidos* <span class=\"wpcf7-form-control-wrap\" data-name=\"nombre-apellidos\"><input size=\"40\" maxlength=\"400\" class=\"wpcf7-form-control wpcf7-text wpcf7-validates-as-required\" aria-required=\"true\" aria-invalid=\"false\" value=\"\" type=\"text\" name=\"nombre-apellidos\" \/><\/span><\/label><br \/>\n<label> Tu correo electr\u00f3nico* <span class=\"wpcf7-form-control-wrap\" data-name=\"your-email\"><input size=\"40\" maxlength=\"400\" class=\"wpcf7-form-control wpcf7-email wpcf7-validates-as-required wpcf7-text wpcf7-validates-as-email\" aria-required=\"true\" aria-invalid=\"false\" value=\"\" type=\"email\" name=\"your-email\" \/><\/span> <\/label><br \/>\n<label> Tel\u00e9fono* <span class=\"wpcf7-form-control-wrap\" data-name=\"tel-752\"><input size=\"40\" maxlength=\"400\" class=\"wpcf7-form-control wpcf7-tel wpcf7-validates-as-required wpcf7-text wpcf7-validates-as-tel\" aria-required=\"true\" aria-invalid=\"false\" value=\"\" type=\"tel\" name=\"tel-752\" \/><\/span><\/label>\n\t\t<\/p>\n\t<\/div>\n\t<div class=\"form-50\">\n\t\t<p><label> Tu mensaje <span class=\"wpcf7-form-control-wrap\" data-name=\"your-message\"><textarea cols=\"40\" rows=\"10\" maxlength=\"2000\" class=\"wpcf7-form-control wpcf7-textarea\" aria-invalid=\"false\" name=\"your-message\"><\/textarea><\/span> <\/label>\n\t\t<\/p>\n\t<\/div>\n<\/div>\n<div class=\"form-row\">\n\t<div class=\"form-100\">\n\t\t<p style=\"font-size:12px;\"><b>INFORMACI\u00d3N B\u00c1SICA SOBRE PROTECCI\u00d3N DE DATOS<\/b><br \/>\n<b>Responsable:<\/b> C\u00d3RCEGA BUSINESS CENTER, S.L.<br \/>\n<b>Finalidades:<\/b> Responder a las consultas planteadas a trav\u00e9s del formulario Web.<br \/>\n<b>Derechos:<\/b> Acceder, rectificar y suprimir los datos, as\u00ed como otros derechos, como se explica en la informaci\u00f3n adicional.<br \/>\n<span class=\"wpcf7-form-control-wrap\" data-name=\"acceptance-859\"><span class=\"wpcf7-form-control wpcf7-acceptance\"><span class=\"wpcf7-list-item\"><label><input type=\"checkbox\" name=\"acceptance-859\" value=\"1\" aria-invalid=\"false\" \/><span class=\"wpcf7-list-item-label\">He le\u00eddo y acepto la <a target=\"_blank\" href=\"\/es\/politica-de-privacidad\/\">pol\u00edtica de privacidad y protecci\u00f3n de datos<\/a><\/span><\/label><\/span><\/span><\/span>\n\t\t<\/p>\n\t<\/div>\n<\/div>\n<p><input class=\"wpcf7-form-control wpcf7-submit has-spinner\" type=\"submit\" value=\"Enviar\" \/>\n<\/p><p style=\"display: none !important;\" class=\"akismet-fields-container\" data-prefix=\"_wpcf7_ak_\"><label>&#916;<textarea name=\"_wpcf7_ak_hp_textarea\" cols=\"45\" rows=\"8\" maxlength=\"100\"><\/textarea><\/label><input type=\"hidden\" id=\"ak_js_1\" name=\"_wpcf7_ak_js\" value=\"115\"\/><script>document.getElementById( \"ak_js_1\" ).setAttribute( \"value\", ( new Date() ).getTime() );<\/script><\/p><div class=\"wpcf7-response-output\" aria-hidden=\"true\"><\/div>\n<\/form>\n<\/div>\n<\/div>\n            <\/div>\t\t\t\t<\/div>\n\t\t\t\t<\/div>\n\t\t\t\t<div class=\"elementor-element elementor-element-59a78ce elementor-widget elementor-widget-heading\" data-id=\"59a78ce\" data-element_type=\"widget\" data-widget_type=\"heading.default\">\n\t\t\t\t<div class=\"elementor-widget-container\">\n\t\t\t\t\t<h3 class=\"elementor-heading-title elementor-size-default\">Nuestro horario<\/h3>\t\t\t\t<\/div>\n\t\t\t\t<\/div>\n\t\t\t\t<section class=\"elementor-section elementor-inner-section elementor-element elementor-element-2f72de6 elementor-section-content-middle elementor-section-boxed elementor-section-height-default elementor-section-height-default\" data-id=\"2f72de6\" data-element_type=\"section\">\n\t\t\t\t\t\t<div class=\"elementor-container elementor-column-gap-narrow\">\n\t\t\t\t\t<div class=\"elementor-column elementor-col-33 elementor-inner-column elementor-element elementor-element-0ee7932\" data-id=\"0ee7932\" data-element_type=\"column\">\n\t\t\t<div class=\"elementor-widget-wrap elementor-element-populated\">\n\t\t\t\t\t\t<div class=\"elementor-element elementor-element-dee28ef elementor-widget elementor-widget-heading\" data-id=\"dee28ef\" data-element_type=\"widget\" data-widget_type=\"heading.default\">\n\t\t\t\t<div class=\"elementor-widget-container\">\n\t\t\t\t\t<h6 class=\"elementor-heading-title elementor-size-default\">Lunes a jueves<\/h6>\t\t\t\t<\/div>\n\t\t\t\t<\/div>\n\t\t\t\t<div class=\"elementor-element elementor-element-b17efd4 elementor-widget__width-inherit elementor-widget elementor-widget-text-editor\" data-id=\"b17efd4\" data-element_type=\"widget\" data-widget_type=\"text-editor.default\">\n\t\t\t\t<div class=\"elementor-widget-container\">\n\t\t\t\t\t\t\t\t\t<strong>9:00 &#8211; 14:00\n<br>\n16:00 &#8211; 19:00<\/strong>\t\t\t\t\t\t\t\t<\/div>\n\t\t\t\t<\/div>\n\t\t\t\t\t<\/div>\n\t\t<\/div>\n\t\t\t\t<div class=\"elementor-column elementor-col-33 elementor-inner-column elementor-element elementor-element-fb6ee52\" data-id=\"fb6ee52\" data-element_type=\"column\">\n\t\t\t<div class=\"elementor-widget-wrap elementor-element-populated\">\n\t\t\t\t\t\t<div class=\"elementor-element elementor-element-bdc553e elementor-widget elementor-widget-heading\" data-id=\"bdc553e\" data-element_type=\"widget\" data-widget_type=\"heading.default\">\n\t\t\t\t<div class=\"elementor-widget-container\">\n\t\t\t\t\t<h6 class=\"elementor-heading-title elementor-size-default\">Viernes<\/h6>\t\t\t\t<\/div>\n\t\t\t\t<\/div>\n\t\t\t\t<div class=\"elementor-element elementor-element-137ef23 elementor-widget__width-inherit elementor-widget elementor-widget-text-editor\" data-id=\"137ef23\" data-element_type=\"widget\" data-widget_type=\"text-editor.default\">\n\t\t\t\t<div class=\"elementor-widget-container\">\n\t\t\t\t\t\t\t\t\t<strong>9:00 &#8211; 17:00<\/strong>\t\t\t\t\t\t\t\t<\/div>\n\t\t\t\t<\/div>\n\t\t\t\t\t<\/div>\n\t\t<\/div>\n\t\t\t\t<div class=\"elementor-column elementor-col-33 elementor-inner-column elementor-element elementor-element-8e47879\" data-id=\"8e47879\" data-element_type=\"column\">\n\t\t\t<div class=\"elementor-widget-wrap elementor-element-populated\">\n\t\t\t\t\t\t<div class=\"elementor-element elementor-element-860ac86 elementor-widget elementor-widget-heading\" data-id=\"860ac86\" data-element_type=\"widget\" data-widget_type=\"heading.default\">\n\t\t\t\t<div class=\"elementor-widget-container\">\n\t\t\t\t\t<h6 class=\"elementor-heading-title elementor-size-default\">S\u00e1bado y domingo<\/h6>\t\t\t\t<\/div>\n\t\t\t\t<\/div>\n\t\t\t\t<div class=\"elementor-element elementor-element-915756d elementor-widget__width-inherit elementor-widget elementor-widget-text-editor\" data-id=\"915756d\" data-element_type=\"widget\" data-widget_type=\"text-editor.default\">\n\t\t\t\t<div class=\"elementor-widget-container\">\n\t\t\t\t\t\t\t\t\t<b>Cerrado<\/b>\t\t\t\t\t\t\t\t<\/div>\n\t\t\t\t<\/div>\n\t\t\t\t\t<\/div>\n\t\t<\/div>\n\t\t\t\t\t<\/div>\n\t\t<\/section>\n\t\t\t\t\t<\/div>\n\t\t<\/div>\n\t\t\t\t\t<\/div>\n\t\t<\/section>\n\t\t\t\t<\/div>\n\t\t","protected":false},"excerpt":{"rendered":"<p>Contacta con nosotros Env\u00edanos un mensaje y nos pondremos en contacto contigo Nombre y apellidos* Tu correo electr\u00f3nico* Tel\u00e9fono* Tu mensaje INFORMACION B\u00c1SICA SOBRE PROTECCION DE DATOS Responsable: CORCEGA BUSINESS CENTER, S.L. Finalidades: Responder a las consultas planteadas a trav\u00e9s del formulario Web. Derechos: Acceder, rectificar y suprimir los datos, as\u00ed como otros derechos, como [&hellip;]<\/p>\n","protected":false},"author":1,"featured_media":0,"parent":0,"menu_order":0,"comment_status":"closed","ping_status":"closed","template":"","meta":{"site-sidebar-layout":"no-sidebar","site-content-layout":"page-builder","ast-site-content-layout":"","site-content-style":"default","site-sidebar-style":"default","ast-global-header-display":"","ast-banner-title-visibility":"","ast-main-header-display":"","ast-hfb-above-header-display":"","ast-hfb-below-header-display":"","ast-hfb-mobile-header-display":"","site-post-title":"disabled","ast-breadcrumbs-content":"","ast-featured-img":"disabled","footer-sml-layout":"","theme-transparent-header-meta":"default","adv-header-id-meta":"","stick-header-meta":"","header-above-stick-meta":"","header-main-stick-meta":"","header-below-stick-meta":"","astra-migrate-meta-layouts":"default","ast-page-background-enabled":"default","ast-page-background-meta":{"desktop":{"background-color":"","background-image":"","background-repeat":"repeat","background-position":"center center","background-size":"auto","background-attachment":"scroll","background-type":"","background-media":"","overlay-type":"","overlay-color":"","overlay-gradient":""},"tablet":{"background-color":"","background-image":"","background-repeat":"repeat","background-position":"center center","background-size":"auto","background-attachment":"scroll","background-type":"","background-media":"","overlay-type":"","overlay-color":"","overlay-gradient":""},"mobile":{"background-color":"","background-image":"","background-repeat":"repeat","background-position":"center center","background-size":"auto","background-attachment":"scroll","background-type":"","background-media":"","overlay-type":"","overlay-color":"","overlay-gradient":""}},"ast-content-background-meta":{"desktop":{"background-color":"var(--ast-global-color-5)","background-image":"","background-repeat":"repeat","background-position":"center center","background-size":"auto","background-attachment":"scroll","background-type":"","background-media":"","overlay-type":"","overlay-color":"","overlay-gradient":""},"tablet":{"background-color":"var(--ast-global-color-5)","background-image":"","background-repeat":"repeat","background-position":"center center","background-size":"auto","background-attachment":"scroll","background-type":"","background-media":"","overlay-type":"","overlay-color":"","overlay-gradient":""},"mobile":{"background-color":"var(--ast-global-color-5)","background-image":"","background-repeat":"repeat","background-position":"center center","background-size":"auto","background-attachment":"scroll","background-type":"","background-media":"","overlay-type":"","overlay-color":"","overlay-gradient":""}},"_joinchat":[],"footnotes":""},"class_list":["post-28","page","type-page","status-publish","hentry"],"yoast_head":"<!-- This site is optimized with the Yoast SEO plugin v24.8.1 - https:\/\/yoast.com\/wordpress\/plugins\/seo\/ -->\n<title>Solicitud de informaci\u00f3n , datos de contacto<\/title>\n<meta name=\"description\" content=\"Ponte en contacto con nosotros para informarte de todos los servicios que te podemos ofrecer. Rellena el formulario o llama por tel\u00e9fono.\" \/>\n<meta name=\"robots\" content=\"index, follow, max-snippet:-1, max-image-preview:large, max-video-preview:-1\" \/>\n<link rel=\"canonical\" href=\"https:\/\/businesscenters.cat\/es\/business-center-barcelona-informacion\/\" \/>\n<meta property=\"og:locale\" content=\"es_ES\" \/>\n<meta property=\"og:type\" content=\"article\" \/>\n<meta property=\"og:title\" content=\"Solicitud de informaci\u00f3n , datos de contacto\" \/>\n<meta property=\"og:description\" content=\"Ponte en contacto con nosotros para informarte de todos los servicios que te podemos ofrecer. Rellena el formulario o llama por tel\u00e9fono.\" \/>\n<meta property=\"og:url\" content=\"https:\/\/businesscenters.cat\/es\/business-center-barcelona-informacion\/\" \/>\n<meta property=\"og:site_name\" content=\"Business Centers Barcelona\" \/>\n<meta property=\"article:modified_time\" content=\"2024-05-02T14:26:42+00:00\" \/>\n<meta name=\"twitter:card\" content=\"summary_large_image\" \/>\n<meta name=\"twitter:label1\" content=\"Tiempo de lectura\" \/>\n\t<meta name=\"twitter:data1\" content=\"1 minuto\" \/>\n<script type=\"application\/ld+json\" class=\"yoast-schema-graph\">{\"@context\":\"https:\/\/schema.org\",\"@graph\":[{\"@type\":\"WebPage\",\"@id\":\"https:\/\/businesscenters.cat\/es\/business-center-barcelona-informacion\/\",\"url\":\"https:\/\/businesscenters.cat\/es\/business-center-barcelona-informacion\/\",\"name\":\"Solicitud de informaci\u00f3n , datos de contacto\",\"isPartOf\":{\"@id\":\"https:\/\/businesscenters.cat\/es\/#website\"},\"datePublished\":\"2018-09-05T14:41:51+00:00\",\"dateModified\":\"2024-05-02T14:26:42+00:00\",\"description\":\"Ponte en contacto con nosotros para informarte de todos los servicios que te podemos ofrecer. Rellena el formulario o llama por tel\u00e9fono.\",\"breadcrumb\":{\"@id\":\"https:\/\/businesscenters.cat\/es\/business-center-barcelona-informacion\/#breadcrumb\"},\"inLanguage\":\"es\",\"potentialAction\":[{\"@type\":\"ReadAction\",\"target\":[\"https:\/\/businesscenters.cat\/es\/business-center-barcelona-informacion\/\"]}]},{\"@type\":\"BreadcrumbList\",\"@id\":\"https:\/\/businesscenters.cat\/es\/business-center-barcelona-informacion\/#breadcrumb\",\"itemListElement\":[{\"@type\":\"ListItem\",\"position\":1,\"name\":\"Portada\",\"item\":\"https:\/\/businesscenters.cat\/es\/\"},{\"@type\":\"ListItem\",\"position\":2,\"name\":\"Contacto\"}]},{\"@type\":\"WebSite\",\"@id\":\"https:\/\/businesscenters.cat\/es\/#website\",\"url\":\"https:\/\/businesscenters.cat\/es\/\",\"name\":\"Business Centers Barcelona\",\"description\":\"Alquiler de oficinas, despachos y coworking en el centro de Barcelona\",\"publisher\":{\"@id\":\"https:\/\/businesscenters.cat\/es\/#organization\"},\"potentialAction\":[{\"@type\":\"SearchAction\",\"target\":{\"@type\":\"EntryPoint\",\"urlTemplate\":\"https:\/\/businesscenters.cat\/es\/?s={search_term_string}\"},\"query-input\":{\"@type\":\"PropertyValueSpecification\",\"valueRequired\":true,\"valueName\":\"search_term_string\"}}],\"inLanguage\":\"es\"},{\"@type\":\"Organization\",\"@id\":\"https:\/\/businesscenters.cat\/es\/#organization\",\"name\":\"Business Centers Barcelona\",\"url\":\"https:\/\/businesscenters.cat\/es\/\",\"logo\":{\"@type\":\"ImageObject\",\"inLanguage\":\"es\",\"@id\":\"https:\/\/businesscenters.cat\/es\/#\/schema\/logo\/image\/\",\"url\":\"https:\/\/businesscenters.cat\/wp-content\/uploads\/2018\/09\/business-logo-w.png\",\"contentUrl\":\"https:\/\/businesscenters.cat\/wp-content\/uploads\/2018\/09\/business-logo-w.png\",\"width\":250,\"height\":105,\"caption\":\"Business Centers Barcelona\"},\"image\":{\"@id\":\"https:\/\/businesscenters.cat\/es\/#\/schema\/logo\/image\/\"}}]}<\/script>\n<!-- \/ Yoast SEO plugin. -->","yoast_head_json":{"title":"Solicitud de informaci\u00f3n , datos de contacto","description":"Ponte en contacto con nosotros para informarte de todos los servicios que te podemos ofrecer. Rellena el formulario o llama por tel\u00e9fono.","robots":{"index":"index","follow":"follow","max-snippet":"max-snippet:-1","max-image-preview":"max-image-preview:large","max-video-preview":"max-video-preview:-1"},"canonical":"https:\/\/businesscenters.cat\/es\/business-center-barcelona-informacion\/","og_locale":"es_ES","og_type":"article","og_title":"Solicitud de informaci\u00f3n , datos de contacto","og_description":"Ponte en contacto con nosotros para informarte de todos los servicios que te podemos ofrecer. Rellena el formulario o llama por tel\u00e9fono.","og_url":"https:\/\/businesscenters.cat\/es\/business-center-barcelona-informacion\/","og_site_name":"Business Centers Barcelona","article_modified_time":"2024-05-02T14:26:42+00:00","twitter_card":"summary_large_image","twitter_misc":{"Tiempo de lectura":"1 minuto"},"schema":{"@context":"https:\/\/schema.org","@graph":[{"@type":"WebPage","@id":"https:\/\/businesscenters.cat\/es\/business-center-barcelona-informacion\/","url":"https:\/\/businesscenters.cat\/es\/business-center-barcelona-informacion\/","name":"Solicitud de informaci\u00f3n , datos de contacto","isPartOf":{"@id":"https:\/\/businesscenters.cat\/es\/#website"},"datePublished":"2018-09-05T14:41:51+00:00","dateModified":"2024-05-02T14:26:42+00:00","description":"Ponte en contacto con nosotros para informarte de todos los servicios que te podemos ofrecer. Rellena el formulario o llama por tel\u00e9fono.","breadcrumb":{"@id":"https:\/\/businesscenters.cat\/es\/business-center-barcelona-informacion\/#breadcrumb"},"inLanguage":"es","potentialAction":[{"@type":"ReadAction","target":["https:\/\/businesscenters.cat\/es\/business-center-barcelona-informacion\/"]}]},{"@type":"BreadcrumbList","@id":"https:\/\/businesscenters.cat\/es\/business-center-barcelona-informacion\/#breadcrumb","itemListElement":[{"@type":"ListItem","position":1,"name":"Portada","item":"https:\/\/businesscenters.cat\/es\/"},{"@type":"ListItem","position":2,"name":"Contacto"}]},{"@type":"WebSite","@id":"https:\/\/businesscenters.cat\/es\/#website","url":"https:\/\/businesscenters.cat\/es\/","name":"Business Centers Barcelona","description":"Alquiler de oficinas, despachos y coworking en el centro de Barcelona","publisher":{"@id":"https:\/\/businesscenters.cat\/es\/#organization"},"potentialAction":[{"@type":"SearchAction","target":{"@type":"EntryPoint","urlTemplate":"https:\/\/businesscenters.cat\/es\/?s={search_term_string}"},"query-input":{"@type":"PropertyValueSpecification","valueRequired":true,"valueName":"search_term_string"}}],"inLanguage":"es"},{"@type":"Organization","@id":"https:\/\/businesscenters.cat\/es\/#organization","name":"Business Centers Barcelona","url":"https:\/\/businesscenters.cat\/es\/","logo":{"@type":"ImageObject","inLanguage":"es","@id":"https:\/\/businesscenters.cat\/es\/#\/schema\/logo\/image\/","url":"https:\/\/businesscenters.cat\/wp-content\/uploads\/2018\/09\/business-logo-w.png","contentUrl":"https:\/\/businesscenters.cat\/wp-content\/uploads\/2018\/09\/business-logo-w.png","width":250,"height":105,"caption":"Business Centers Barcelona"},"image":{"@id":"https:\/\/businesscenters.cat\/es\/#\/schema\/logo\/image\/"}}]}},"_links":{"self":[{"href":"https:\/\/businesscenters.cat\/es\/wp-json\/wp\/v2\/pages\/28","targetHints":{"allow":["GET"]}}],"collection":[{"href":"https:\/\/businesscenters.cat\/es\/wp-json\/wp\/v2\/pages"}],"about":[{"href":"https:\/\/businesscenters.cat\/es\/wp-json\/wp\/v2\/types\/page"}],"author":[{"embeddable":true,"href":"https:\/\/businesscenters.cat\/es\/wp-json\/wp\/v2\/users\/1"}],"replies":[{"embeddable":true,"href":"https:\/\/businesscenters.cat\/es\/wp-json\/wp\/v2\/comments?post=28"}],"version-history":[{"count":0,"href":"https:\/\/businesscenters.cat\/es\/wp-json\/wp\/v2\/pages\/28\/revisions"}],"wp:attachment":[{"href":"https:\/\/businesscenters.cat\/es\/wp-json\/wp\/v2\/media?parent=28"}],"curies":[{"name":"wp","href":"https:\/\/api.w.org\/{rel}","templated":true}]}}