{"id":3,"date":"2018-09-05T11:00:41","date_gmt":"2018-09-05T11:00:41","guid":{"rendered":"https:\/\/businesscerters.cat\/?page_id=3"},"modified":"2025-10-22T16:04:56","modified_gmt":"2025-10-22T14:04:56","slug":"politica-de-privacidad","status":"publish","type":"page","link":"https:\/\/businesscenters.cat\/es\/politica-de-privacidad\/","title":{"rendered":"Pol\u00edtica de Privacidad"},"content":{"rendered":"\t\t<div data-elementor-type=\"wp-post\" data-elementor-id=\"3\" class=\"elementor elementor-3\" data-elementor-post-type=\"page\">\n\t\t\t\t\t\t<section class=\"elementor-section elementor-top-section elementor-element elementor-element-6c7994c elementor-section-boxed elementor-section-height-default elementor-section-height-default\" data-id=\"6c7994c\" data-element_type=\"section\" data-settings=\"{&quot;background_background&quot;:&quot;classic&quot;}\">\n\t\t\t\t\t\t<div class=\"elementor-container elementor-column-gap-default\">\n\t\t\t\t\t<div class=\"elementor-column elementor-col-100 elementor-top-column elementor-element elementor-element-7ac3b0a\" data-id=\"7ac3b0a\" data-element_type=\"column\">\n\t\t\t<div class=\"elementor-widget-wrap elementor-element-populated\">\n\t\t\t\t\t\t<div class=\"elementor-element elementor-element-46af8ea elementor-widget elementor-widget-heading\" data-id=\"46af8ea\" data-element_type=\"widget\" data-widget_type=\"heading.default\">\n\t\t\t\t<div class=\"elementor-widget-container\">\n\t\t\t\t\t<h1 class=\"elementor-heading-title elementor-size-default\">Pol\u00edtica de Privacidad<\/h1>\t\t\t\t<\/div>\n\t\t\t\t<\/div>\n\t\t\t\t\t<\/div>\n\t\t<\/div>\n\t\t\t\t\t<\/div>\n\t\t<\/section>\n\t\t\t\t<section class=\"elementor-section elementor-top-section elementor-element elementor-element-41a72c9d elementor-section-boxed elementor-section-height-default elementor-section-height-default\" data-id=\"41a72c9d\" data-element_type=\"section\">\n\t\t\t\t\t\t<div class=\"elementor-container elementor-column-gap-default\">\n\t\t\t\t\t<div class=\"elementor-column elementor-col-100 elementor-top-column elementor-element elementor-element-31573478\" data-id=\"31573478\" data-element_type=\"column\">\n\t\t\t<div class=\"elementor-widget-wrap elementor-element-populated\">\n\t\t\t\t\t\t<div class=\"elementor-element elementor-element-6c73824a elementor-widget elementor-widget-text-editor\" data-id=\"6c73824a\" data-element_type=\"widget\" data-widget_type=\"text-editor.default\">\n\t\t\t\t<div class=\"elementor-widget-container\">\n\t\t\t\t\t\t\t\t\t<h3><strong>Pol\u00edtica de Privacidad Web<\/strong><\/h3><p>CORCEGA BUSINESS CENTER, S.L. como titular de la web recopila, trata y almacena informaci\u00f3n personal a trav\u00e9s de la web de su propiedad <a href=\"http:\/\/www.paginaTIPOweb.es\">https:\/\/businesscenters.cat\/es<\/a><\/p><p>Esta informaci\u00f3n ser\u00e1 relativa a los usuarios de la web. La informaci\u00f3n se recopilar\u00e1, tratar\u00e1 y almacenar\u00e1 conforme a la presente Pol\u00edtica de Privacidad, actualizada en <strong>Octubre del 2025<\/strong><\/p><p><strong>Legislaci\u00f3n Aplicable<\/strong><\/p><ul><li>RGPD (Reglamento (UE) 2016\/679 del Parlamento Europeo y del Consejo de 27 de abril de 2016 relativo a la protecci\u00f3n de las personas f\u00edsicas)<\/li><li>Ley Org\u00e1nica 3\/2018, de 5 de diciembre, de Protecci\u00f3n de Datos Personales y garant\u00eda de los derechos digitales.<\/li><li>LSSI (Ley 34\/2002, de 11 de julio, de Servicios de la Sociedad de la Informaci\u00f3n y Comercio Electr\u00f3nico)<\/li><\/ul><p><strong>RESPONSABLE DEL TRATAMIENTO<\/strong><\/p><ul><li>Raz\u00f3n social: CORCEGA BUSINESS CENTER, S.L.<\/li><li>Identificador fiscal:\u00a0 B62028899<\/li><li>Domicilio: PASSEIG DE GRACIA N\u00ba 12 &#8211; 1\u00ba, 08.007 BARCELONA<\/li><li>E-mail de contacto: info@businesscenters.cat<\/li><\/ul><p><strong>Datos Recopilados<\/strong><\/p><p>\u00danicamente se recopilar\u00e1n los datos estrictamente necesarios para llevar a cabo la normal actividad del servicio. Ajust\u00e1ndose al principio de minimizaci\u00f3n de datos.<\/p><p>Los datos recopilados ser\u00e1n en todo caso de mayores de 16 a\u00f1os (Art. 8.1 RGPD). CORCEGA BUSINESS CENTER, S.L. se reserva el derecho a tomar las medidas oportunas para comprobar la veracidad de la edad del usuario.<\/p><p>En todo caso estos datos ser\u00e1n de car\u00e1cter personal identificativos y no sensibles:<\/p><ul><li>Correo electr\u00f3nico<\/li><li>Tel\u00e9fono<\/li><li>Nombre y apellidos<\/li><\/ul><p><strong>Elaboraci\u00f3n de Perfiles:<\/strong><\/p><p>No se realizan elaboraci\u00f3n de perfiles.<\/p><p><strong>M\u00e9todos de Recopilaci\u00f3n<\/strong><\/p><p>Los datos personales se recopilar\u00e1n a trav\u00e9s de la web <a href=\"http:\/\/www.paginaTIPOweb.es\">https:\/\/businesscenters.cat\/es<\/a>, cuando el usuario introduzca informaci\u00f3n en alguno de los campos destinados a tal efecto en la web. Estos campos est\u00e1n debidamente se\u00f1alizados y no recopilar\u00e1n ning\u00fan dato hasta que no aceptes expresamente la gesti\u00f3n conforme a esta pol\u00edtica de privacidad.<\/p><p><strong>Objetivo de la Recopilaci\u00f3n y Uso de los Datos<\/strong><\/p><p>La recopilaci\u00f3n y uso de datos se realiza con las siguientes finalidades:<\/p><ul><li>Que el usuario pueda solicitar informaci\u00f3n o ponerte en contacto con nuestra organizaci\u00f3n. <br \/><br \/><\/li><li>Que el usuario pueda comprar nuestros productos y\/o contratar nuestros servicios.<br \/><br \/><\/li><li>Que el usuario pueda recibir informaci\u00f3n sobre productos y servicios relacionados con los contratados con nosotros<\/li><\/ul><p><strong>Legitimaci\u00f3n para el Tratamiento de Datos Recopilados<\/strong><\/p><ul><li>La base legal para el tratamiento de tus datos personales es la aceptaci\u00f3n expl\u00edcita del tratamiento, gesti\u00f3n y almacenamiento de los mismos cuando se contacta a trav\u00e9s de la web para solicitar informaci\u00f3n sobre los servicios y\/o productos.<br \/><br \/><\/li><li>La base legal para el tratamiento de los datos personales es la ejecuci\u00f3n de un contrato cuando a trav\u00e9s de la web se realizan compras de nuestros productos y\/o se contratan los ofertados en la web.<br \/><br \/><\/li><li>La base legal para las acciones promocionales y de comunicaci\u00f3n relativas a otros productos y servicios ser\u00e1 el consentimiento del interesado que previamente habr\u00e1 otorgado en los formularios Web habilitados.<\/li><\/ul><p><strong>Destinatario de los Datos<\/strong><\/p><p>Los datos recopilados ser\u00e1n comunicados a:<\/p><ul><li>Administraci\u00f3n Tributaria para el cumplimiento de las obligaciones legales<\/li><li>Gestor\u00edas para la gesti\u00f3n empresarial.<\/li><li>Empresas Soporte Inform\u00e1ticos para el mantenimiento de los sistemas inform\u00e1ticos.<\/li><li>Entidades Financieras para la gesti\u00f3n del pago.<\/li><li>Terceros colaboradores que sean necesarios para la prestaci\u00f3n del servicio final.<\/li><\/ul><p><strong>Transferencia Internacional de Datos: <\/strong><\/p><p>No se realizan transferencias internacionales de datos a pa\u00edses fuera del espacio econ\u00f3mico europeo<\/p><p><strong>Plazo de Conservaci\u00f3n de los Datos<\/strong><\/p><p>Los datos se conservar\u00e1n hasta que se cumpla el objetivo por el cual se recopilaron estos datos, como m\u00e1ximo durante 6 a\u00f1os como establecen las normativas de comercio y tributaria o hasta que se ejerza el derecho a la supresi\u00f3n o modificaci\u00f3n de los mismos. Siempre y cuando esto no entre en conflicto con la necesidad por motivos legales o fiscales de almacenar los mismos.<\/p><p><strong>\u00bfC\u00f3mo Protegemos sus Datos?<\/strong><\/p><p>Los datos se transfieren y almacenan de forma segura ya que la web y los servidores en los que se almacena la informaci\u00f3n disponen de:<\/p><p>Medidas de Seguridad T\u00e9cnicas:<\/p><ul><li>Cifrado con protocolo SSL.<\/li><li>Firewall a nivel de servidor.<\/li><li>Protocolos de seguridad para prevenir accesos no autorizados.<\/li><li>Control de accesos.<\/li><li>Almacenamiento encriptado.<\/li><\/ul><p>Medidas de Seguridad F\u00edsicas:<\/p><ul><li>Nuestros sistemas inform\u00e1ticos est\u00e1n ubicados en \u00e1reas restringidas. Solo permitimos que el personal autorizado acceda a los datos personales.<\/li><\/ul><p>Medidas de Seguridad Administrativas:<\/p><ul><li>Tanto el personal laboral, como los proveedores de servicios firman un acuerdo de confidencialidad<\/li><\/ul><p>Adem\u00e1s, CORCEGA BUSINESS CENTER, S.L. se compromete a mantener la confidencialidad de los datos y no comunicar\u00e1 ni permitir\u00e1 el acceso a terceros no autorizados.<\/p><p><strong>Tus Derechos en cuanto a Protecci\u00f3n de Datos<\/strong><\/p><p>La legislaci\u00f3n reconoce, como usuario que ha cedido sus datos personales, el derecho al acceso a los datos personales, a la rectificaci\u00f3n o supresi\u00f3n, a oponerse al tratamiento a la portabilidad de los datos y a la limitaci\u00f3n de su tratamiento. En el caso de que quieras ejercer alguno de estos derechos puedes hacerlo mediante un correo electr\u00f3nico dirigido a info@businesscenters.cat o mediante carta dirigida a CORCEGA BUSINESS CENTER, S.L. a su direcci\u00f3n postal PASSEIG DE GRACIA N\u00ba 12 &#8211; 1\u00ba, 08.007 BARCELONA indicando los derechos que quieres ejercer.<\/p><p>Nos comprometemos a responder a la solicitud en un plazo m\u00e1ximo de 30 d\u00edas h\u00e1biles.<\/p><p><strong>Autoridad de Protecci\u00f3n de Datos en Espa\u00f1a<\/strong><\/p><p>Si el usuario quiere hacer valer sus derechos en cuanto a protecci\u00f3n de datos y considere que no los estamos respetando puedes dirigirse a la Autoridad de control en materia de protecci\u00f3n de datos (<a href=\"https:\/\/www.aepd.es\/es\">https:\/\/www.aepd.es\/es<\/a>).<\/p><p><strong>Consecuencias de no Aceptar la Pol\u00edtica de Privacidad<\/strong><\/p><p>En el caso de que no aceptar la gesti\u00f3n de los datos seg\u00fan la presente pol\u00edtica de privacidad, no se proceder\u00e1 a la recopilaci\u00f3n de los mismos, lo que puede suponer que no se pueda llevar a cabo el servicio prestado por CORCEGA BUSINESS CENTER, S.L.<\/p><p><strong>Cambios en la Pol\u00edtica de Privacidad<\/strong><\/p><p>CORCEGA BUSINESS CENTER, S.L. se reserva el derecho a modificar la presente Pol\u00edtica de Privacidad, estas modificaciones se har\u00e1n conforme a la legislaci\u00f3n y la jurisprudencia y quedar\u00e1n reflejadas en la presente Pol\u00edtica de Privacidad.<\/p>\t\t\t\t\t\t\t\t<\/div>\n\t\t\t\t<\/div>\n\t\t\t\t\t<\/div>\n\t\t<\/div>\n\t\t\t\t\t<\/div>\n\t\t<\/section>\n\t\t\t\t<\/div>\n\t\t","protected":false},"excerpt":{"rendered":"<p>Pol\u00edtica de Privacidad Web CORCEGA BUSINESS CENTER, S.L. como titular de la web recopila, trata y almacena informaci\u00f3n personal a trav\u00e9s de la web de su propiedad https:\/\/businesscenters.cat\/es Esta informaci\u00f3n ser\u00e1 relativa a los usuarios de la web. La informaci\u00f3n se recopilar\u00e1, tratar\u00e1 y almacenar\u00e1 conforme a la presente Pol\u00edtica de Privacidad, actualizada en Octubre [&hellip;]<\/p>\n","protected":false},"author":1,"featured_media":0,"parent":0,"menu_order":0,"comment_status":"closed","ping_status":"open","template":"","meta":{"site-sidebar-layout":"no-sidebar","site-content-layout":"page-builder","ast-site-content-layout":"","site-content-style":"default","site-sidebar-style":"default","ast-global-header-display":"","ast-banner-title-visibility":"","ast-main-header-display":"","ast-hfb-above-header-display":"","ast-hfb-below-header-display":"","ast-hfb-mobile-header-display":"","site-post-title":"disabled","ast-breadcrumbs-content":"","ast-featured-img":"disabled","footer-sml-layout":"","theme-transparent-header-meta":"default","adv-header-id-meta":"","stick-header-meta":"","header-above-stick-meta":"","header-main-stick-meta":"","header-below-stick-meta":"","astra-migrate-meta-layouts":"default","ast-page-background-enabled":"default","ast-page-background-meta":{"desktop":{"background-color":"","background-image":"","background-repeat":"repeat","background-position":"center center","background-size":"auto","background-attachment":"scroll","background-type":"","background-media":"","overlay-type":"","overlay-color":"","overlay-gradient":""},"tablet":{"background-color":"","background-image":"","background-repeat":"repeat","background-position":"center center","background-size":"auto","background-attachment":"scroll","background-type":"","background-media":"","overlay-type":"","overlay-color":"","overlay-gradient":""},"mobile":{"background-color":"","background-image":"","background-repeat":"repeat","background-position":"center center","background-size":"auto","background-attachment":"scroll","background-type":"","background-media":"","overlay-type":"","overlay-color":"","overlay-gradient":""}},"ast-content-background-meta":{"desktop":{"background-color":"var(--ast-global-color-5)","background-image":"","background-repeat":"repeat","background-position":"center center","background-size":"auto","background-attachment":"scroll","background-type":"","background-media":"","overlay-type":"","overlay-color":"","overlay-gradient":""},"tablet":{"background-color":"var(--ast-global-color-5)","background-image":"","background-repeat":"repeat","background-position":"center center","background-size":"auto","background-attachment":"scroll","background-type":"","background-media":"","overlay-type":"","overlay-color":"","overlay-gradient":""},"mobile":{"background-color":"var(--ast-global-color-5)","background-image":"","background-repeat":"repeat","background-position":"center center","background-size":"auto","background-attachment":"scroll","background-type":"","background-media":"","overlay-type":"","overlay-color":"","overlay-gradient":""}},"_joinchat":[],"footnotes":""},"class_list":["post-3","page","type-page","status-publish","hentry"],"yoast_head":"<!-- This site is optimized with the Yoast SEO plugin v24.8.1 - https:\/\/yoast.com\/wordpress\/plugins\/seo\/ -->\n<title>Pol\u00edtica de Privacidad | Business Centers Barcelona<\/title>\n<meta name=\"description\" content=\"En esta p\u00e1gina encontrar\u00e1s la pol\u00edtica de privacidad que utilizamos en la web businesscenters.cat , centro de negocios en Barcelona.\" \/>\n<meta name=\"robots\" content=\"noindex, nofollow\" \/>\n<meta property=\"og:locale\" content=\"es_ES\" \/>\n<meta property=\"og:type\" content=\"article\" \/>\n<meta property=\"og:title\" content=\"Pol\u00edtica de Privacidad | Business Centers Barcelona\" \/>\n<meta property=\"og:description\" content=\"En esta p\u00e1gina encontrar\u00e1s la pol\u00edtica de privacidad que utilizamos en la web businesscenters.cat , centro de negocios en Barcelona.\" \/>\n<meta property=\"og:url\" content=\"https:\/\/businesscenters.cat\/es\/politica-de-privacidad\/\" \/>\n<meta property=\"og:site_name\" content=\"Business Centers Barcelona\" \/>\n<meta property=\"article:modified_time\" content=\"2025-10-22T14:04:56+00:00\" \/>\n<meta name=\"twitter:card\" content=\"summary_large_image\" \/>\n<meta name=\"twitter:label1\" content=\"Tiempo de lectura\" \/>\n\t<meta name=\"twitter:data1\" content=\"5 minutos\" \/>\n<script type=\"application\/ld+json\" class=\"yoast-schema-graph\">{\"@context\":\"https:\/\/schema.org\",\"@graph\":[{\"@type\":\"WebPage\",\"@id\":\"https:\/\/businesscenters.cat\/es\/politica-de-privacidad\/\",\"url\":\"https:\/\/businesscenters.cat\/es\/politica-de-privacidad\/\",\"name\":\"Pol\u00edtica de Privacidad | Business Centers Barcelona\",\"isPartOf\":{\"@id\":\"https:\/\/businesscenters.cat\/es\/#website\"},\"datePublished\":\"2018-09-05T11:00:41+00:00\",\"dateModified\":\"2025-10-22T14:04:56+00:00\",\"description\":\"En esta p\u00e1gina encontrar\u00e1s la pol\u00edtica de privacidad que utilizamos en la web businesscenters.cat , centro de negocios en Barcelona.\",\"breadcrumb\":{\"@id\":\"https:\/\/businesscenters.cat\/es\/politica-de-privacidad\/#breadcrumb\"},\"inLanguage\":\"es\",\"potentialAction\":[{\"@type\":\"ReadAction\",\"target\":[\"https:\/\/businesscenters.cat\/es\/politica-de-privacidad\/\"]}]},{\"@type\":\"BreadcrumbList\",\"@id\":\"https:\/\/businesscenters.cat\/es\/politica-de-privacidad\/#breadcrumb\",\"itemListElement\":[{\"@type\":\"ListItem\",\"position\":1,\"name\":\"Portada\",\"item\":\"https:\/\/businesscenters.cat\/es\/\"},{\"@type\":\"ListItem\",\"position\":2,\"name\":\"Pol\u00edtica de Privacidad\"}]},{\"@type\":\"WebSite\",\"@id\":\"https:\/\/businesscenters.cat\/es\/#website\",\"url\":\"https:\/\/businesscenters.cat\/es\/\",\"name\":\"Business Centers Barcelona\",\"description\":\"Alquiler de oficinas, despachos y coworking en el centro de Barcelona\",\"publisher\":{\"@id\":\"https:\/\/businesscenters.cat\/es\/#organization\"},\"potentialAction\":[{\"@type\":\"SearchAction\",\"target\":{\"@type\":\"EntryPoint\",\"urlTemplate\":\"https:\/\/businesscenters.cat\/es\/?s={search_term_string}\"},\"query-input\":{\"@type\":\"PropertyValueSpecification\",\"valueRequired\":true,\"valueName\":\"search_term_string\"}}],\"inLanguage\":\"es\"},{\"@type\":\"Organization\",\"@id\":\"https:\/\/businesscenters.cat\/es\/#organization\",\"name\":\"Business Centers Barcelona\",\"url\":\"https:\/\/businesscenters.cat\/es\/\",\"logo\":{\"@type\":\"ImageObject\",\"inLanguage\":\"es\",\"@id\":\"https:\/\/businesscenters.cat\/es\/#\/schema\/logo\/image\/\",\"url\":\"https:\/\/businesscenters.cat\/wp-content\/uploads\/2018\/09\/business-logo-w.png\",\"contentUrl\":\"https:\/\/businesscenters.cat\/wp-content\/uploads\/2018\/09\/business-logo-w.png\",\"width\":250,\"height\":105,\"caption\":\"Business Centers Barcelona\"},\"image\":{\"@id\":\"https:\/\/businesscenters.cat\/es\/#\/schema\/logo\/image\/\"}}]}<\/script>\n<!-- \/ Yoast SEO plugin. -->","yoast_head_json":{"title":"Pol\u00edtica de Privacidad | Business Centers Barcelona","description":"En esta p\u00e1gina encontrar\u00e1s la pol\u00edtica de privacidad que utilizamos en la web businesscenters.cat , centro de negocios en Barcelona.","robots":{"index":"noindex","follow":"nofollow"},"og_locale":"es_ES","og_type":"article","og_title":"Pol\u00edtica de Privacidad | Business Centers Barcelona","og_description":"En esta p\u00e1gina encontrar\u00e1s la pol\u00edtica de privacidad que utilizamos en la web businesscenters.cat , centro de negocios en Barcelona.","og_url":"https:\/\/businesscenters.cat\/es\/politica-de-privacidad\/","og_site_name":"Business Centers Barcelona","article_modified_time":"2025-10-22T14:04:56+00:00","twitter_card":"summary_large_image","twitter_misc":{"Tiempo de lectura":"5 minutos"},"schema":{"@context":"https:\/\/schema.org","@graph":[{"@type":"WebPage","@id":"https:\/\/businesscenters.cat\/es\/politica-de-privacidad\/","url":"https:\/\/businesscenters.cat\/es\/politica-de-privacidad\/","name":"Pol\u00edtica de Privacidad | Business Centers Barcelona","isPartOf":{"@id":"https:\/\/businesscenters.cat\/es\/#website"},"datePublished":"2018-09-05T11:00:41+00:00","dateModified":"2025-10-22T14:04:56+00:00","description":"En esta p\u00e1gina encontrar\u00e1s la pol\u00edtica de privacidad que utilizamos en la web businesscenters.cat , centro de negocios en Barcelona.","breadcrumb":{"@id":"https:\/\/businesscenters.cat\/es\/politica-de-privacidad\/#breadcrumb"},"inLanguage":"es","potentialAction":[{"@type":"ReadAction","target":["https:\/\/businesscenters.cat\/es\/politica-de-privacidad\/"]}]},{"@type":"BreadcrumbList","@id":"https:\/\/businesscenters.cat\/es\/politica-de-privacidad\/#breadcrumb","itemListElement":[{"@type":"ListItem","position":1,"name":"Portada","item":"https:\/\/businesscenters.cat\/es\/"},{"@type":"ListItem","position":2,"name":"Pol\u00edtica de Privacidad"}]},{"@type":"WebSite","@id":"https:\/\/businesscenters.cat\/es\/#website","url":"https:\/\/businesscenters.cat\/es\/","name":"Business Centers Barcelona","description":"Alquiler de oficinas, despachos y coworking en el centro de Barcelona","publisher":{"@id":"https:\/\/businesscenters.cat\/es\/#organization"},"potentialAction":[{"@type":"SearchAction","target":{"@type":"EntryPoint","urlTemplate":"https:\/\/businesscenters.cat\/es\/?s={search_term_string}"},"query-input":{"@type":"PropertyValueSpecification","valueRequired":true,"valueName":"search_term_string"}}],"inLanguage":"es"},{"@type":"Organization","@id":"https:\/\/businesscenters.cat\/es\/#organization","name":"Business Centers Barcelona","url":"https:\/\/businesscenters.cat\/es\/","logo":{"@type":"ImageObject","inLanguage":"es","@id":"https:\/\/businesscenters.cat\/es\/#\/schema\/logo\/image\/","url":"https:\/\/businesscenters.cat\/wp-content\/uploads\/2018\/09\/business-logo-w.png","contentUrl":"https:\/\/businesscenters.cat\/wp-content\/uploads\/2018\/09\/business-logo-w.png","width":250,"height":105,"caption":"Business Centers Barcelona"},"image":{"@id":"https:\/\/businesscenters.cat\/es\/#\/schema\/logo\/image\/"}}]}},"_links":{"self":[{"href":"https:\/\/businesscenters.cat\/es\/wp-json\/wp\/v2\/pages\/3","targetHints":{"allow":["GET"]}}],"collection":[{"href":"https:\/\/businesscenters.cat\/es\/wp-json\/wp\/v2\/pages"}],"about":[{"href":"https:\/\/businesscenters.cat\/es\/wp-json\/wp\/v2\/types\/page"}],"author":[{"embeddable":true,"href":"https:\/\/businesscenters.cat\/es\/wp-json\/wp\/v2\/users\/1"}],"replies":[{"embeddable":true,"href":"https:\/\/businesscenters.cat\/es\/wp-json\/wp\/v2\/comments?post=3"}],"version-history":[{"count":0,"href":"https:\/\/businesscenters.cat\/es\/wp-json\/wp\/v2\/pages\/3\/revisions"}],"wp:attachment":[{"href":"https:\/\/businesscenters.cat\/es\/wp-json\/wp\/v2\/media?parent=3"}],"curies":[{"name":"wp","href":"https:\/\/api.w.org\/{rel}","templated":true}]}}