{"id":6,"date":"2018-09-05T14:34:21","date_gmt":"2018-09-05T14:34:21","guid":{"rendered":"https:\/\/businesscerters.cat\/?page_id=6"},"modified":"2019-07-19T10:15:26","modified_gmt":"2019-07-19T10:15:26","slug":"ubicacion","status":"publish","type":"page","link":"https:\/\/businesscenters.cat\/es\/ubicacion\/","title":{"rendered":"Ubicaci\u00f3n"},"content":{"rendered":"","protected":false},"excerpt":{"rendered":"","protected":false},"author":1,"featured_media":0,"parent":0,"menu_order":0,"comment_status":"closed","ping_status":"closed","template":"","meta":{"site-sidebar-layout":"default","site-content-layout":"default","ast-site-content-layout":"","site-content-style":"default","site-sidebar-style":"default","ast-global-header-display":"","ast-banner-title-visibility":"","ast-main-header-display":"","ast-hfb-above-header-display":"","ast-hfb-below-header-display":"","ast-hfb-mobile-header-display":"","site-post-title":"","ast-breadcrumbs-content":"","ast-featured-img":"","footer-sml-layout":"","theme-transparent-header-meta":"","adv-header-id-meta":"","stick-header-meta":"","header-above-stick-meta":"","header-main-stick-meta":"","header-below-stick-meta":"","astra-migrate-meta-layouts":"default","ast-page-background-enabled":"default","ast-page-background-meta":{"desktop":{"background-color":"","background-image":"","background-repeat":"repeat","background-position":"center center","background-size":"auto","background-attachment":"scroll","background-type":"","background-media":"","overlay-type":"","overlay-color":"","overlay-gradient":""},"tablet":{"background-color":"","background-image":"","background-repeat":"repeat","background-position":"center center","background-size":"auto","background-attachment":"scroll","background-type":"","background-media":"","overlay-type":"","overlay-color":"","overlay-gradient":""},"mobile":{"background-color":"","background-image":"","background-repeat":"repeat","background-position":"center center","background-size":"auto","background-attachment":"scroll","background-type":"","background-media":"","overlay-type":"","overlay-color":"","overlay-gradient":""}},"ast-content-background-meta":{"desktop":{"background-color":"var(--ast-global-color-5)","background-image":"","background-repeat":"repeat","background-position":"center center","background-size":"auto","background-attachment":"scroll","background-type":"","background-media":"","overlay-type":"","overlay-color":"","overlay-gradient":""},"tablet":{"background-color":"var(--ast-global-color-5)","background-image":"","background-repeat":"repeat","background-position":"center center","background-size":"auto","background-attachment":"scroll","background-type":"","background-media":"","overlay-type":"","overlay-color":"","overlay-gradient":""},"mobile":{"background-color":"var(--ast-global-color-5)","background-image":"","background-repeat":"repeat","background-position":"center center","background-size":"auto","background-attachment":"scroll","background-type":"","background-media":"","overlay-type":"","overlay-color":"","overlay-gradient":""}},"_joinchat":[],"footnotes":""},"class_list":["post-6","page","type-page","status-publish","hentry"],"yoast_head":"<!-- This site is optimized with the Yoast SEO plugin v24.8.1 - https:\/\/yoast.com\/wordpress\/plugins\/seo\/ -->\n<title>Alquiler de oficina en Ubicaci\u00f3n c\u00e9ntrica | Business Centers Barcelona<\/title>\n<meta name=\"description\" content=\"Nuestros business centers est\u00e1n en zonas c\u00e9ntricas de Barcelona, en Gracia, Ramblas y C\u00f3rsega. Con paradas de metro y transporte p\u00fablico.\" \/>\n<meta name=\"robots\" content=\"index, follow, max-snippet:-1, max-image-preview:large, max-video-preview:-1\" \/>\n<link rel=\"canonical\" href=\"https:\/\/businesscenters.cat\/es\/ubicacion\/\" \/>\n<meta property=\"og:locale\" content=\"es_ES\" \/>\n<meta property=\"og:type\" content=\"article\" \/>\n<meta property=\"og:title\" content=\"Alquiler de oficina en Ubicaci\u00f3n c\u00e9ntrica | Business Centers Barcelona\" \/>\n<meta property=\"og:description\" content=\"Nuestros business centers est\u00e1n en zonas c\u00e9ntricas de Barcelona, en Gracia, Ramblas y C\u00f3rsega. Con paradas de metro y transporte p\u00fablico.\" \/>\n<meta property=\"og:url\" content=\"https:\/\/businesscenters.cat\/es\/ubicacion\/\" \/>\n<meta property=\"og:site_name\" content=\"Business Centers Barcelona\" \/>\n<meta property=\"article:modified_time\" content=\"2019-07-19T10:15:26+00:00\" \/>\n<meta name=\"twitter:card\" content=\"summary_large_image\" \/>\n<script type=\"application\/ld+json\" class=\"yoast-schema-graph\">{\"@context\":\"https:\/\/schema.org\",\"@graph\":[{\"@type\":\"WebPage\",\"@id\":\"https:\/\/businesscenters.cat\/es\/ubicacion\/\",\"url\":\"https:\/\/businesscenters.cat\/es\/ubicacion\/\",\"name\":\"Alquiler de oficina en Ubicaci\u00f3n c\u00e9ntrica | Business Centers Barcelona\",\"isPartOf\":{\"@id\":\"https:\/\/businesscenters.cat\/es\/#website\"},\"datePublished\":\"2018-09-05T14:34:21+00:00\",\"dateModified\":\"2019-07-19T10:15:26+00:00\",\"description\":\"Nuestros business centers est\u00e1n en zonas c\u00e9ntricas de Barcelona, en Gracia, Ramblas y C\u00f3rsega. Con paradas de metro y transporte p\u00fablico.\",\"breadcrumb\":{\"@id\":\"https:\/\/businesscenters.cat\/es\/ubicacion\/#breadcrumb\"},\"inLanguage\":\"es\",\"potentialAction\":[{\"@type\":\"ReadAction\",\"target\":[\"https:\/\/businesscenters.cat\/es\/ubicacion\/\"]}]},{\"@type\":\"BreadcrumbList\",\"@id\":\"https:\/\/businesscenters.cat\/es\/ubicacion\/#breadcrumb\",\"itemListElement\":[{\"@type\":\"ListItem\",\"position\":1,\"name\":\"Portada\",\"item\":\"https:\/\/businesscenters.cat\/es\/\"},{\"@type\":\"ListItem\",\"position\":2,\"name\":\"Ubicaci\u00f3n\"}]},{\"@type\":\"WebSite\",\"@id\":\"https:\/\/businesscenters.cat\/es\/#website\",\"url\":\"https:\/\/businesscenters.cat\/es\/\",\"name\":\"Business Centers Barcelona\",\"description\":\"Alquiler de oficinas, despachos y coworking en el centro de Barcelona\",\"publisher\":{\"@id\":\"https:\/\/businesscenters.cat\/es\/#organization\"},\"potentialAction\":[{\"@type\":\"SearchAction\",\"target\":{\"@type\":\"EntryPoint\",\"urlTemplate\":\"https:\/\/businesscenters.cat\/es\/?s={search_term_string}\"},\"query-input\":{\"@type\":\"PropertyValueSpecification\",\"valueRequired\":true,\"valueName\":\"search_term_string\"}}],\"inLanguage\":\"es\"},{\"@type\":\"Organization\",\"@id\":\"https:\/\/businesscenters.cat\/es\/#organization\",\"name\":\"Business Centers Barcelona\",\"url\":\"https:\/\/businesscenters.cat\/es\/\",\"logo\":{\"@type\":\"ImageObject\",\"inLanguage\":\"es\",\"@id\":\"https:\/\/businesscenters.cat\/es\/#\/schema\/logo\/image\/\",\"url\":\"https:\/\/businesscenters.cat\/wp-content\/uploads\/2018\/09\/business-logo-w.png\",\"contentUrl\":\"https:\/\/businesscenters.cat\/wp-content\/uploads\/2018\/09\/business-logo-w.png\",\"width\":250,\"height\":105,\"caption\":\"Business Centers Barcelona\"},\"image\":{\"@id\":\"https:\/\/businesscenters.cat\/es\/#\/schema\/logo\/image\/\"}}]}<\/script>\n<!-- \/ Yoast SEO plugin. -->","yoast_head_json":{"title":"Alquiler de oficina en Ubicaci\u00f3n c\u00e9ntrica | Business Centers Barcelona","description":"Nuestros business centers est\u00e1n en zonas c\u00e9ntricas de Barcelona, en Gracia, Ramblas y C\u00f3rsega. Con paradas de metro y transporte p\u00fablico.","robots":{"index":"index","follow":"follow","max-snippet":"max-snippet:-1","max-image-preview":"max-image-preview:large","max-video-preview":"max-video-preview:-1"},"canonical":"https:\/\/businesscenters.cat\/es\/ubicacion\/","og_locale":"es_ES","og_type":"article","og_title":"Alquiler de oficina en Ubicaci\u00f3n c\u00e9ntrica | Business Centers Barcelona","og_description":"Nuestros business centers est\u00e1n en zonas c\u00e9ntricas de Barcelona, en Gracia, Ramblas y C\u00f3rsega. Con paradas de metro y transporte p\u00fablico.","og_url":"https:\/\/businesscenters.cat\/es\/ubicacion\/","og_site_name":"Business Centers Barcelona","article_modified_time":"2019-07-19T10:15:26+00:00","twitter_card":"summary_large_image","schema":{"@context":"https:\/\/schema.org","@graph":[{"@type":"WebPage","@id":"https:\/\/businesscenters.cat\/es\/ubicacion\/","url":"https:\/\/businesscenters.cat\/es\/ubicacion\/","name":"Alquiler de oficina en Ubicaci\u00f3n c\u00e9ntrica | Business Centers Barcelona","isPartOf":{"@id":"https:\/\/businesscenters.cat\/es\/#website"},"datePublished":"2018-09-05T14:34:21+00:00","dateModified":"2019-07-19T10:15:26+00:00","description":"Nuestros business centers est\u00e1n en zonas c\u00e9ntricas de Barcelona, en Gracia, Ramblas y C\u00f3rsega. Con paradas de metro y transporte p\u00fablico.","breadcrumb":{"@id":"https:\/\/businesscenters.cat\/es\/ubicacion\/#breadcrumb"},"inLanguage":"es","potentialAction":[{"@type":"ReadAction","target":["https:\/\/businesscenters.cat\/es\/ubicacion\/"]}]},{"@type":"BreadcrumbList","@id":"https:\/\/businesscenters.cat\/es\/ubicacion\/#breadcrumb","itemListElement":[{"@type":"ListItem","position":1,"name":"Portada","item":"https:\/\/businesscenters.cat\/es\/"},{"@type":"ListItem","position":2,"name":"Ubicaci\u00f3n"}]},{"@type":"WebSite","@id":"https:\/\/businesscenters.cat\/es\/#website","url":"https:\/\/businesscenters.cat\/es\/","name":"Business Centers Barcelona","description":"Alquiler de oficinas, despachos y coworking en el centro de Barcelona","publisher":{"@id":"https:\/\/businesscenters.cat\/es\/#organization"},"potentialAction":[{"@type":"SearchAction","target":{"@type":"EntryPoint","urlTemplate":"https:\/\/businesscenters.cat\/es\/?s={search_term_string}"},"query-input":{"@type":"PropertyValueSpecification","valueRequired":true,"valueName":"search_term_string"}}],"inLanguage":"es"},{"@type":"Organization","@id":"https:\/\/businesscenters.cat\/es\/#organization","name":"Business Centers Barcelona","url":"https:\/\/businesscenters.cat\/es\/","logo":{"@type":"ImageObject","inLanguage":"es","@id":"https:\/\/businesscenters.cat\/es\/#\/schema\/logo\/image\/","url":"https:\/\/businesscenters.cat\/wp-content\/uploads\/2018\/09\/business-logo-w.png","contentUrl":"https:\/\/businesscenters.cat\/wp-content\/uploads\/2018\/09\/business-logo-w.png","width":250,"height":105,"caption":"Business Centers Barcelona"},"image":{"@id":"https:\/\/businesscenters.cat\/es\/#\/schema\/logo\/image\/"}}]}},"_links":{"self":[{"href":"https:\/\/businesscenters.cat\/es\/wp-json\/wp\/v2\/pages\/6","targetHints":{"allow":["GET"]}}],"collection":[{"href":"https:\/\/businesscenters.cat\/es\/wp-json\/wp\/v2\/pages"}],"about":[{"href":"https:\/\/businesscenters.cat\/es\/wp-json\/wp\/v2\/types\/page"}],"author":[{"embeddable":true,"href":"https:\/\/businesscenters.cat\/es\/wp-json\/wp\/v2\/users\/1"}],"replies":[{"embeddable":true,"href":"https:\/\/businesscenters.cat\/es\/wp-json\/wp\/v2\/comments?post=6"}],"version-history":[{"count":0,"href":"https:\/\/businesscenters.cat\/es\/wp-json\/wp\/v2\/pages\/6\/revisions"}],"wp:attachment":[{"href":"https:\/\/businesscenters.cat\/es\/wp-json\/wp\/v2\/media?parent=6"}],"curies":[{"name":"wp","href":"https:\/\/api.w.org\/{rel}","templated":true}]}}